{"id":1606,"date":"2022-06-15T14:07:15","date_gmt":"2022-06-15T11:07:15","guid":{"rendered":"https:\/\/masfed.com.tr\/?page_id=1606"},"modified":"2023-06-15T14:20:36","modified_gmt":"2023-06-15T11:20:36","slug":"baskandan","status":"publish","type":"page","link":"https:\/\/masfed.com.tr\/?page_id=1606","title":{"rendered":"Ba\u015fkan"},"content":{"rendered":"\t\t<div data-elementor-type=\"wp-page\" data-elementor-id=\"1606\" class=\"elementor elementor-1606\">\n\t\t\t\t\t\t<div class=\"elementor-inner\">\n\t\t\t\t<div class=\"elementor-section-wrap\">\n\t\t\t\t\t\t\t\t\t<section class=\"has_eae_slider elementor-section elementor-top-section elementor-element elementor-element-72a643b elementor-section-stretched elementor-section-boxed elementor-section-height-default elementor-section-height-default\" data-id=\"72a643b\" data-element_type=\"section\" data-settings=\"{&quot;background_background&quot;:&quot;classic&quot;,&quot;stretch_section&quot;:&quot;section-stretched&quot;}\">\n\t\t\t\t\t\t\t<div class=\"elementor-background-overlay\"><\/div>\n\t\t\t\t\t\t\t<div class=\"elementor-container elementor-column-gap-default\">\n\t\t\t\t\t\t\t<div class=\"elementor-row\">\n\t\t\t\t\t<div class=\"has_eae_slider elementor-column elementor-col-50 elementor-top-column elementor-element elementor-element-8100cf4\" data-id=\"8100cf4\" data-element_type=\"column\">\n\t\t\t<div class=\"elementor-column-wrap elementor-element-populated\">\n\t\t\t\t\t\t\t<div class=\"elementor-widget-wrap\">\n\t\t\t\t\t\t<div class=\"elementor-element elementor-element-8c97baf elementor-widget elementor-widget-heading\" data-id=\"8c97baf\" data-element_type=\"widget\" data-widget_type=\"heading.default\">\n\t\t\t\t<div class=\"elementor-widget-container\">\n\t\t\t<style>\/*! elementor - v3.17.0 - 25-10-2023 *\/\n.elementor-heading-title{padding:0;margin:0;line-height:1}.elementor-widget-heading .elementor-heading-title[class*=elementor-size-]>a{color:inherit;font-size:inherit;line-height:inherit}.elementor-widget-heading .elementor-heading-title.elementor-size-small{font-size:15px}.elementor-widget-heading .elementor-heading-title.elementor-size-medium{font-size:19px}.elementor-widget-heading .elementor-heading-title.elementor-size-large{font-size:29px}.elementor-widget-heading .elementor-heading-title.elementor-size-xl{font-size:39px}.elementor-widget-heading .elementor-heading-title.elementor-size-xxl{font-size:59px}<\/style><h2 class=\"elementor-heading-title elementor-size-default\">Ba\u015fkan<\/h2>\t\t<\/div>\n\t\t\t\t<\/div>\n\t\t\t\t\t\t<\/div>\n\t\t\t\t\t<\/div>\n\t\t<\/div>\n\t\t\t\t<div class=\"has_eae_slider elementor-column elementor-col-50 elementor-top-column elementor-element elementor-element-b2e42b7\" data-id=\"b2e42b7\" data-element_type=\"column\">\n\t\t\t<div class=\"elementor-column-wrap\">\n\t\t\t\t\t\t\t<div class=\"elementor-widget-wrap\">\n\t\t\t\t\t\t\t\t<\/div>\n\t\t\t\t\t<\/div>\n\t\t<\/div>\n\t\t\t\t\t\t\t\t<\/div>\n\t\t\t\t\t<\/div>\n\t\t<\/section>\n\t\t\t\t<section class=\"has_eae_slider elementor-section elementor-top-section elementor-element elementor-element-26bb149 elementor-section-boxed elementor-section-height-default elementor-section-height-default\" data-id=\"26bb149\" data-element_type=\"section\">\n\t\t\t\t\t\t<div class=\"elementor-container elementor-column-gap-default\">\n\t\t\t\t\t\t\t<div class=\"elementor-row\">\n\t\t\t\t\t<div class=\"has_eae_slider elementor-column elementor-col-100 elementor-top-column elementor-element elementor-element-fc541ec\" data-id=\"fc541ec\" data-element_type=\"column\">\n\t\t\t<div class=\"elementor-column-wrap elementor-element-populated\">\n\t\t\t\t\t\t\t<div class=\"elementor-widget-wrap\">\n\t\t\t\t\t\t<div class=\"elementor-element elementor-element-be706e1 elementor-widget elementor-widget-spacer\" data-id=\"be706e1\" data-element_type=\"widget\" data-widget_type=\"spacer.default\">\n\t\t\t\t<div class=\"elementor-widget-container\">\n\t\t\t<style>\/*! elementor - v3.17.0 - 25-10-2023 *\/\n.elementor-column .elementor-spacer-inner{height:var(--spacer-size)}.e-con{--container-widget-width:100%}.e-con-inner>.elementor-widget-spacer,.e-con>.elementor-widget-spacer{width:var(--container-widget-width,var(--spacer-size));--align-self:var(--container-widget-align-self,initial);--flex-shrink:0}.e-con-inner>.elementor-widget-spacer>.elementor-widget-container,.e-con>.elementor-widget-spacer>.elementor-widget-container{height:100%;width:100%}.e-con-inner>.elementor-widget-spacer>.elementor-widget-container>.elementor-spacer,.e-con>.elementor-widget-spacer>.elementor-widget-container>.elementor-spacer{height:100%}.e-con-inner>.elementor-widget-spacer>.elementor-widget-container>.elementor-spacer>.elementor-spacer-inner,.e-con>.elementor-widget-spacer>.elementor-widget-container>.elementor-spacer>.elementor-spacer-inner{height:var(--container-widget-height,var(--spacer-size))}.e-con-inner>.elementor-widget-spacer.elementor-widget-empty,.e-con>.elementor-widget-spacer.elementor-widget-empty{position:relative;min-height:22px;min-width:22px}.e-con-inner>.elementor-widget-spacer.elementor-widget-empty .elementor-widget-empty-icon,.e-con>.elementor-widget-spacer.elementor-widget-empty .elementor-widget-empty-icon{position:absolute;top:0;bottom:0;left:0;right:0;margin:auto;padding:0;width:22px;height:22px}<\/style>\t\t<div class=\"elementor-spacer\">\n\t\t\t<div class=\"elementor-spacer-inner\"><\/div>\n\t\t<\/div>\n\t\t\t\t<\/div>\n\t\t\t\t<\/div>\n\t\t\t\t\t\t<\/div>\n\t\t\t\t\t<\/div>\n\t\t<\/div>\n\t\t\t\t\t\t\t\t<\/div>\n\t\t\t\t\t<\/div>\n\t\t<\/section>\n\t\t\t\t<section class=\"has_eae_slider elementor-section elementor-top-section elementor-element elementor-element-74ea41b elementor-section-boxed elementor-section-height-default elementor-section-height-default\" data-id=\"74ea41b\" data-element_type=\"section\" data-settings=\"{&quot;background_background&quot;:&quot;classic&quot;}\">\n\t\t\t\t\t\t<div class=\"elementor-container elementor-column-gap-default\">\n\t\t\t\t\t\t\t<div class=\"elementor-row\">\n\t\t\t\t\t<div class=\"has_eae_slider elementor-column elementor-col-16 elementor-top-column elementor-element elementor-element-36515c4\" data-id=\"36515c4\" data-element_type=\"column\">\n\t\t\t<div class=\"elementor-column-wrap\">\n\t\t\t\t\t\t\t<div class=\"elementor-widget-wrap\">\n\t\t\t\t\t\t\t\t<\/div>\n\t\t\t\t\t<\/div>\n\t\t<\/div>\n\t\t\t\t<div class=\"has_eae_slider elementor-column elementor-col-66 elementor-top-column elementor-element elementor-element-f3ac497\" data-id=\"f3ac497\" data-element_type=\"column\" data-settings=\"{&quot;background_background&quot;:&quot;classic&quot;}\">\n\t\t\t<div class=\"elementor-column-wrap elementor-element-populated\">\n\t\t\t\t\t\t\t<div class=\"elementor-widget-wrap\">\n\t\t\t\t\t\t<div class=\"elementor-element elementor-element-9e2f3ba elementor-widget elementor-widget-spacer\" data-id=\"9e2f3ba\" data-element_type=\"widget\" data-widget_type=\"spacer.default\">\n\t\t\t\t<div class=\"elementor-widget-container\">\n\t\t\t\t\t<div class=\"elementor-spacer\">\n\t\t\t<div class=\"elementor-spacer-inner\"><\/div>\n\t\t<\/div>\n\t\t\t\t<\/div>\n\t\t\t\t<\/div>\n\t\t\t\t<div class=\"elementor-element elementor-element-2bf1a55 elementor-widget elementor-widget-heading\" data-id=\"2bf1a55\" data-element_type=\"widget\" data-widget_type=\"heading.default\">\n\t\t\t\t<div class=\"elementor-widget-container\">\n\t\t\t<h2 class=\"elementor-heading-title elementor-size-default\"><b>Ayd\u0131n ERKO\u00c7<\/b><br> MASFED Genel Ba\u015fkan\u0131<\/h2>\t\t<\/div>\n\t\t\t\t<\/div>\n\t\t\t\t\t\t<\/div>\n\t\t\t\t\t<\/div>\n\t\t<\/div>\n\t\t\t\t<div class=\"has_eae_slider elementor-column elementor-col-16 elementor-top-column elementor-element elementor-element-5819548\" data-id=\"5819548\" data-element_type=\"column\">\n\t\t\t<div class=\"elementor-column-wrap\">\n\t\t\t\t\t\t\t<div class=\"elementor-widget-wrap\">\n\t\t\t\t\t\t\t\t<\/div>\n\t\t\t\t\t<\/div>\n\t\t<\/div>\n\t\t\t\t\t\t\t\t<\/div>\n\t\t\t\t\t<\/div>\n\t\t<\/section>\n\t\t\t\t<section class=\"has_eae_slider elementor-section elementor-top-section elementor-element elementor-element-d3d7d25 elementor-section-boxed elementor-section-height-default elementor-section-height-default\" data-id=\"d3d7d25\" data-element_type=\"section\">\n\t\t\t\t\t\t<div class=\"elementor-container elementor-column-gap-default\">\n\t\t\t\t\t\t\t<div class=\"elementor-row\">\n\t\t\t\t\t<div class=\"has_eae_slider elementor-column elementor-col-16 elementor-top-column elementor-element elementor-element-1b06d73\" data-id=\"1b06d73\" data-element_type=\"column\">\n\t\t\t<div class=\"elementor-column-wrap\">\n\t\t\t\t\t\t\t<div class=\"elementor-widget-wrap\">\n\t\t\t\t\t\t\t\t<\/div>\n\t\t\t\t\t<\/div>\n\t\t<\/div>\n\t\t\t\t<div class=\"has_eae_slider elementor-column elementor-col-66 elementor-top-column elementor-element elementor-element-975ef65\" data-id=\"975ef65\" data-element_type=\"column\">\n\t\t\t<div class=\"elementor-column-wrap elementor-element-populated\">\n\t\t\t\t\t\t\t<div class=\"elementor-widget-wrap\">\n\t\t\t\t\t\t<div class=\"elementor-element elementor-element-bbc68e6 elementor-widget elementor-widget-spacer\" data-id=\"bbc68e6\" data-element_type=\"widget\" data-widget_type=\"spacer.default\">\n\t\t\t\t<div class=\"elementor-widget-container\">\n\t\t\t\t\t<div class=\"elementor-spacer\">\n\t\t\t<div class=\"elementor-spacer-inner\"><\/div>\n\t\t<\/div>\n\t\t\t\t<\/div>\n\t\t\t\t<\/div>\n\t\t\t\t<div class=\"elementor-element elementor-element-df7397c elementor-widget elementor-widget-text-editor\" data-id=\"df7397c\" data-element_type=\"widget\" data-widget_type=\"text-editor.default\">\n\t\t\t\t<div class=\"elementor-widget-container\">\n\t\t\t<style>\/*! elementor - v3.17.0 - 25-10-2023 *\/\n.elementor-widget-text-editor.elementor-drop-cap-view-stacked .elementor-drop-cap{background-color:#69727d;color:#fff}.elementor-widget-text-editor.elementor-drop-cap-view-framed .elementor-drop-cap{color:#69727d;border:3px solid;background-color:transparent}.elementor-widget-text-editor:not(.elementor-drop-cap-view-default) .elementor-drop-cap{margin-top:8px}.elementor-widget-text-editor:not(.elementor-drop-cap-view-default) .elementor-drop-cap-letter{width:1em;height:1em}.elementor-widget-text-editor .elementor-drop-cap{float:left;text-align:center;line-height:1;font-size:50px}.elementor-widget-text-editor .elementor-drop-cap-letter{display:inline-block}<\/style>\t\t\t\t\t<div class=\"elementor-text-editor elementor-clearfix\">\n\t\t\t\t<div class=\"container\"><p><span style=\"color: #000000;\">Gazi \u00dcniversitesi ve Anadolu \u00dcniversitesi\u2019ndeki e\u011fitimlerinin ard\u0131ndan 1980\u2019de otomotiv sekt\u00f6r\u00fcne giri\u015f yapm\u0131\u015f; uzun y\u0131llar s\u00fcren sekt\u00f6r tecr\u00fcbesi ve sivil toplum kurulu\u015flar\u0131ndaki g\u00f6revleri ile \u00f6nemli ba\u015far\u0131lara imza atm\u0131\u015ft\u0131r.<\/span><\/p><p><a name=\"_GoBack\"><\/a><span style=\"color: #000000;\">Sekt\u00f6r\u00fcn daha iyi noktalara gelmesi, mesle\u011fin daha nitelikli bir yap\u0131ya ula\u015fabilmesi ad\u0131na 1997 y\u0131l\u0131nda Otomobil \u0130thalat\u00e7\u0131lar\u0131 ve Otomotivciler Derne\u011fi\u2019ni kurarak sekt\u00f6r\u00fcn sivil toplum yap\u0131lanmalar\u0131na da \u00f6nc\u00fcl\u00fck etmi\u015ftir. Yine motorlu ara\u00e7 sat\u0131c\u0131lar\u0131n\u0131 bir araya getirmek ve sekt\u00f6r\u00fcn geli\u015fimine katk\u0131 sa\u011flamak amac\u0131yla \u00f6nce 2009 y\u0131l\u0131nda halen y\u00f6netim kurulu ba\u015fkanl\u0131\u011f\u0131n\u0131 y\u00fcr\u00fctt\u00fc\u011f\u00fc Ba\u015fkent Otomotivciler Derne\u011fi (BOD)\u2019nin, ard\u0131ndan 2010 y\u0131l\u0131nda da Motorlu Ara\u00e7 Sat\u0131c\u0131lar\u0131 Federasyonu\u2019nun (MASFED) kurulu\u015funu ger\u00e7ekle\u015ftirerek t\u00fcm T\u00fcrkiye genelindeki motorlu ara\u00e7 sat\u0131c\u0131lar\u0131n\u0131 ve acentalar\u0131n\u0131 ayn\u0131 \u00e7at\u0131 alt\u0131nda bir araya getirmi\u015ftir.<\/span><\/p><p><span style=\"color: #000000;\">Sekt\u00f6r \u00e7al\u0131\u015fmalar\u0131n\u0131 aral\u0131ks\u0131z s\u00fcrd\u00fcren Ayd\u0131n Erko\u00e7, say\u0131lar\u0131 70 bini a\u015fan motorlu ara\u00e7 sat\u0131c\u0131lar\u0131n\u0131 temsilen ger\u00e7ekle\u015ftirdi\u011fi ikinci el otomobil ticaretini kurumsalla\u015ft\u0131rmak, mesle\u011fin \u00e7\u0131tas\u0131n\u0131 y\u00fckseltmek, sayg\u0131nl\u0131\u011f\u0131n\u0131 art\u0131rmak ve sekt\u00f6re d\u00fczen getirecek \u00e7al\u0131\u015fmalar\u0131 ile \u00f6nemli kazan\u0131mlar sa\u011flam\u0131\u015f ve bu y\u00f6ndeki yo\u011fun \u00e7al\u0131\u015fmalar\u0131n\u0131 da halen s\u00fcrd\u00fcrmektedir.<\/span><\/p><p><span style=\"color: #000000;\">Ayd\u0131n Erko\u00e7, 2016 y\u0131l\u0131nda Ba\u015fkent Otomotivciler Derne\u011fi \u00fcyeleri ile birlikte \u00fclke \u00e7ap\u0131nda \u00f6rnek te\u015fkil eden Avrupa ve Ortado\u011fu\u2019nun en b\u00fcy\u00fck otomotiv ticaret ve ya\u015fam merkezi OTONOM\u0130\u2019yi hayata ge\u00e7irerek ayn\u0131 zamanda \u00fclke \u00e7ap\u0131nda bir model olu\u015fturmu\u015ftur. Ankara Esenbo\u011fa Havaliman\u0131 g\u00fczergah\u0131nda yer alan ve b\u00fcnyesinde 650\u2019den fazla oto galerinin yan\u0131 s\u0131ra noterden bankaya, sosyal alanlardan ekspertiz ve test merkezlerine kadar bir\u00e7ok karma yap\u0131y\u0131 bar\u0131nd\u0131ran OTONOM\u0130, modern yap\u0131s\u0131 ve profesyonel y\u00f6netim anlay\u0131\u015f\u0131 ile sekt\u00f6rde rol model olmu\u015f, markala\u015fm\u0131\u015f ve di\u011fer illerde de say\u0131lar\u0131 gitgide artan OTONOM\u0130\u2019lerle h\u0131zl\u0131 geni\u015flemesini s\u00fcrd\u00fcrmektedir.<\/span><\/p><p><span style=\"color: #000000;\">Halen MASFED Genel Ba\u015fkanl\u0131\u011f\u0131 yan\u0131nda BOD ve OTONOM\u0130 Y\u00f6netim Kurulu Ba\u015fkanl\u0131\u011f\u0131 g\u00f6revlerini de s\u00fcrd\u00fcren Erko\u00e7, TOBB Otomotiv Ticaret Meclisi \u00fcyesi ve Ankara Ticaret Odas\u0131\u2019nda (ATO) Meclis \u00dcyesi ve Motorlu Kara Ta\u015f\u0131t\u0131 Sat\u0131c\u0131lar\u0131 Komitesi Ba\u015fkan\u0131d\u0131r. Erko\u00e7, evli ve iki \u00e7ocuk babas\u0131d\u0131r.<\/span><\/p><\/div><div class=\"footerContentWrap\"><footer class=\"footerWrap footerStyleDark contactFooterWrap\"><div class=\"main contactFooter\"><section><div class=\"logo\">\u00a0<\/div><\/section><\/div><\/footer><\/div>\t\t\t\t\t<\/div>\n\t\t\t\t\t\t<\/div>\n\t\t\t\t<\/div>\n\t\t\t\t\t\t<\/div>\n\t\t\t\t\t<\/div>\n\t\t<\/div>\n\t\t\t\t<div class=\"has_eae_slider elementor-column elementor-col-16 elementor-top-column elementor-element elementor-element-9d134d9\" data-id=\"9d134d9\" data-element_type=\"column\">\n\t\t\t<div class=\"elementor-column-wrap\">\n\t\t\t\t\t\t\t<div class=\"elementor-widget-wrap\">\n\t\t\t\t\t\t\t\t<\/div>\n\t\t\t\t\t<\/div>\n\t\t<\/div>\n\t\t\t\t\t\t\t\t<\/div>\n\t\t\t\t\t<\/div>\n\t\t<\/section>\n\t\t\t\t\t\t\t\t\t<\/div>\n\t\t\t<\/div>\n\t\t\t\t\t<\/div>\n\t\t","protected":false},"excerpt":{"rendered":"<p>Ba\u015fkan Ayd\u0131n ERKO\u00c7 MASFED Genel Ba\u015fkan\u0131 Gazi \u00dcniversitesi ve Anadolu \u00dcniversitesi\u2019ndeki e\u011fitimlerinin ard\u0131ndan 1980\u2019de otomotiv sekt\u00f6r\u00fcne giri\u015f yapm\u0131\u015f; uzun y\u0131llar s\u00fcren sekt\u00f6r tecr\u00fcbesi ve sivil toplum kurulu\u015flar\u0131ndaki g\u00f6revleri ile \u00f6nemli ba\u015far\u0131lara imza atm\u0131\u015ft\u0131r. Sekt\u00f6r\u00fcn daha iyi noktalara gelmesi, mesle\u011fin daha nitelikli bir yap\u0131ya ula\u015fabilmesi ad\u0131na 1997 y\u0131l\u0131nda Otomobil \u0130thalat\u00e7\u0131lar\u0131 ve Otomotivciler Derne\u011fi\u2019ni kurarak sekt\u00f6r\u00fcn sivil [&hellip;]<\/p>\n","protected":false},"author":1,"featured_media":0,"parent":0,"menu_order":0,"comment_status":"closed","ping_status":"closed","template":"","meta":{"ngg_post_thumbnail":0},"yoast_head":"<!-- This site is optimized with the Yoast SEO plugin v21.6 - https:\/\/yoast.com\/wordpress\/plugins\/seo\/ -->\n<title>Ba\u015fkan - Motorlu Ara\u00e7 Sat\u0131c\u0131lar\u0131 Federasyonu MASFED<\/title>\n<meta name=\"robots\" content=\"index, follow, max-snippet:-1, max-image-preview:large, max-video-preview:-1\" \/>\n<link rel=\"canonical\" href=\"https:\/\/masfed.com.tr\/?page_id=1606\" \/>\n<meta property=\"og:locale\" content=\"tr_TR\" \/>\n<meta property=\"og:type\" content=\"article\" \/>\n<meta property=\"og:title\" content=\"Ba\u015fkan - Motorlu Ara\u00e7 Sat\u0131c\u0131lar\u0131 Federasyonu MASFED\" \/>\n<meta property=\"og:description\" content=\"Ba\u015fkan Ayd\u0131n ERKO\u00c7 MASFED Genel Ba\u015fkan\u0131 Gazi \u00dcniversitesi ve Anadolu \u00dcniversitesi\u2019ndeki e\u011fitimlerinin ard\u0131ndan 1980\u2019de otomotiv sekt\u00f6r\u00fcne giri\u015f yapm\u0131\u015f; uzun y\u0131llar s\u00fcren sekt\u00f6r tecr\u00fcbesi ve sivil toplum kurulu\u015flar\u0131ndaki g\u00f6revleri ile \u00f6nemli ba\u015far\u0131lara imza atm\u0131\u015ft\u0131r. Sekt\u00f6r\u00fcn daha iyi noktalara gelmesi, mesle\u011fin daha nitelikli bir yap\u0131ya ula\u015fabilmesi ad\u0131na 1997 y\u0131l\u0131nda Otomobil \u0130thalat\u00e7\u0131lar\u0131 ve Otomotivciler Derne\u011fi\u2019ni kurarak sekt\u00f6r\u00fcn sivil [&hellip;]\" \/>\n<meta property=\"og:url\" content=\"https:\/\/masfed.com.tr\/?page_id=1606\" \/>\n<meta property=\"og:site_name\" content=\"Motorlu Ara\u00e7 Sat\u0131c\u0131lar\u0131 Federasyonu MASFED\" \/>\n<meta property=\"article:publisher\" content=\"https:\/\/www.facebook.com\/MASFED2010\/\" \/>\n<meta property=\"article:modified_time\" content=\"2023-06-15T11:20:36+00:00\" \/>\n<meta name=\"twitter:card\" content=\"summary_large_image\" \/>\n<meta name=\"twitter:site\" content=\"@Masfed2010\" \/>\n<meta name=\"twitter:label1\" content=\"Tahmini okuma s\u00fcresi\" \/>\n\t<meta name=\"twitter:data1\" content=\"2 dakika\" \/>\n<script type=\"application\/ld+json\" class=\"yoast-schema-graph\">{\"@context\":\"https:\/\/schema.org\",\"@graph\":[{\"@type\":\"WebPage\",\"@id\":\"https:\/\/masfed.com.tr\/?page_id=1606\",\"url\":\"https:\/\/masfed.com.tr\/?page_id=1606\",\"name\":\"Ba\u015fkan - Motorlu Ara\u00e7 Sat\u0131c\u0131lar\u0131 Federasyonu MASFED\",\"isPartOf\":{\"@id\":\"https:\/\/masfed.com.tr\/#website\"},\"datePublished\":\"2022-06-15T11:07:15+00:00\",\"dateModified\":\"2023-06-15T11:20:36+00:00\",\"breadcrumb\":{\"@id\":\"https:\/\/masfed.com.tr\/?page_id=1606#breadcrumb\"},\"inLanguage\":\"tr\",\"potentialAction\":[{\"@type\":\"ReadAction\",\"target\":[\"https:\/\/masfed.com.tr\/?page_id=1606\"]}]},{\"@type\":\"BreadcrumbList\",\"@id\":\"https:\/\/masfed.com.tr\/?page_id=1606#breadcrumb\",\"itemListElement\":[{\"@type\":\"ListItem\",\"position\":1,\"name\":\"Anasayfa\",\"item\":\"https:\/\/masfed.com.tr\/\"},{\"@type\":\"ListItem\",\"position\":2,\"name\":\"Ba\u015fkan\"}]},{\"@type\":\"WebSite\",\"@id\":\"https:\/\/masfed.com.tr\/#website\",\"url\":\"https:\/\/masfed.com.tr\/\",\"name\":\"Motorlu Ara\u00e7 Sat\u0131c\u0131lar\u0131 Federasyonu MASFED\",\"description\":\"\u0130K\u0130NC\u0130 EL OTOMOB\u0130L ALIM-SATIMI YAPAN \u0130K\u0130NC\u0130 EL MOTORLU ARA\u00c7 SATICI KURULU\u015eLARININ TOPLUMUMUZDA VE EKONOM\u0130K FAAL\u0130YETLER\u0130M\u0130ZDE TA\u015eIDI\u011eI \u00d6NEM\u0130N B\u0130L\u0130NC\u0130 \u0130LE MASFED OLARAK \u00dcLKEM\u0130Z, EKONOM\u0130M\u0130Z VE SEKT\u00d6R\u00dcM\u00dcZ \u0130\u00c7\u0130N GEREKL\u0130 OLAN T\u00dcM \u0130MKANLARIMIZ \u0130LE \u00c7ALI\u015eMALARIMIZI, DE\u011eERL\u0130 \u00dcYELER\u0130M\u0130Z\u0130N DE KATILIMLARI \u0130LE S\u00dcRD\u00dcRMEKTEY\u0130Z.\",\"publisher\":{\"@id\":\"https:\/\/masfed.com.tr\/#organization\"},\"potentialAction\":[{\"@type\":\"SearchAction\",\"target\":{\"@type\":\"EntryPoint\",\"urlTemplate\":\"https:\/\/masfed.com.tr\/?s={search_term_string}\"},\"query-input\":\"required name=search_term_string\"}],\"inLanguage\":\"tr\"},{\"@type\":\"Organization\",\"@id\":\"https:\/\/masfed.com.tr\/#organization\",\"name\":\"Motorlu Ara\u00e7 Sat\u0131c\u0131lar\u0131 Federasyonu MASFED\",\"url\":\"https:\/\/masfed.com.tr\/\",\"logo\":{\"@type\":\"ImageObject\",\"inLanguage\":\"tr\",\"@id\":\"https:\/\/masfed.com.tr\/#\/schema\/logo\/image\/\",\"url\":\"https:\/\/masfed.com.tr\/wp-content\/uploads\/2022\/06\/Logo-1.png\",\"contentUrl\":\"https:\/\/masfed.com.tr\/wp-content\/uploads\/2022\/06\/Logo-1.png\",\"width\":863,\"height\":253,\"caption\":\"Motorlu Ara\u00e7 Sat\u0131c\u0131lar\u0131 Federasyonu MASFED\"},\"image\":{\"@id\":\"https:\/\/masfed.com.tr\/#\/schema\/logo\/image\/\"},\"sameAs\":[\"https:\/\/www.facebook.com\/MASFED2010\/\",\"https:\/\/twitter.com\/Masfed2010\",\"https:\/\/www.instagram.com\/masfed.tr\/\",\"https:\/\/www.youtube.com\/channel\/UCOtDLDga6aa9woc5Yk8Rdig\"]}]}<\/script>\n<!-- \/ Yoast SEO plugin. -->","yoast_head_json":{"title":"Ba\u015fkan - Motorlu Ara\u00e7 Sat\u0131c\u0131lar\u0131 Federasyonu MASFED","robots":{"index":"index","follow":"follow","max-snippet":"max-snippet:-1","max-image-preview":"max-image-preview:large","max-video-preview":"max-video-preview:-1"},"canonical":"https:\/\/masfed.com.tr\/?page_id=1606","og_locale":"tr_TR","og_type":"article","og_title":"Ba\u015fkan - Motorlu Ara\u00e7 Sat\u0131c\u0131lar\u0131 Federasyonu MASFED","og_description":"Ba\u015fkan Ayd\u0131n ERKO\u00c7 MASFED Genel Ba\u015fkan\u0131 Gazi \u00dcniversitesi ve Anadolu \u00dcniversitesi\u2019ndeki e\u011fitimlerinin ard\u0131ndan 1980\u2019de otomotiv sekt\u00f6r\u00fcne giri\u015f yapm\u0131\u015f; uzun y\u0131llar s\u00fcren sekt\u00f6r tecr\u00fcbesi ve sivil toplum kurulu\u015flar\u0131ndaki g\u00f6revleri ile \u00f6nemli ba\u015far\u0131lara imza atm\u0131\u015ft\u0131r. Sekt\u00f6r\u00fcn daha iyi noktalara gelmesi, mesle\u011fin daha nitelikli bir yap\u0131ya ula\u015fabilmesi ad\u0131na 1997 y\u0131l\u0131nda Otomobil \u0130thalat\u00e7\u0131lar\u0131 ve Otomotivciler Derne\u011fi\u2019ni kurarak sekt\u00f6r\u00fcn sivil [&hellip;]","og_url":"https:\/\/masfed.com.tr\/?page_id=1606","og_site_name":"Motorlu Ara\u00e7 Sat\u0131c\u0131lar\u0131 Federasyonu MASFED","article_publisher":"https:\/\/www.facebook.com\/MASFED2010\/","article_modified_time":"2023-06-15T11:20:36+00:00","twitter_card":"summary_large_image","twitter_site":"@Masfed2010","twitter_misc":{"Tahmini okuma s\u00fcresi":"2 dakika"},"schema":{"@context":"https:\/\/schema.org","@graph":[{"@type":"WebPage","@id":"https:\/\/masfed.com.tr\/?page_id=1606","url":"https:\/\/masfed.com.tr\/?page_id=1606","name":"Ba\u015fkan - Motorlu Ara\u00e7 Sat\u0131c\u0131lar\u0131 Federasyonu MASFED","isPartOf":{"@id":"https:\/\/masfed.com.tr\/#website"},"datePublished":"2022-06-15T11:07:15+00:00","dateModified":"2023-06-15T11:20:36+00:00","breadcrumb":{"@id":"https:\/\/masfed.com.tr\/?page_id=1606#breadcrumb"},"inLanguage":"tr","potentialAction":[{"@type":"ReadAction","target":["https:\/\/masfed.com.tr\/?page_id=1606"]}]},{"@type":"BreadcrumbList","@id":"https:\/\/masfed.com.tr\/?page_id=1606#breadcrumb","itemListElement":[{"@type":"ListItem","position":1,"name":"Anasayfa","item":"https:\/\/masfed.com.tr\/"},{"@type":"ListItem","position":2,"name":"Ba\u015fkan"}]},{"@type":"WebSite","@id":"https:\/\/masfed.com.tr\/#website","url":"https:\/\/masfed.com.tr\/","name":"Motorlu Ara\u00e7 Sat\u0131c\u0131lar\u0131 Federasyonu MASFED","description":"\u0130K\u0130NC\u0130 EL OTOMOB\u0130L ALIM-SATIMI YAPAN \u0130K\u0130NC\u0130 EL MOTORLU ARA\u00c7 SATICI KURULU\u015eLARININ TOPLUMUMUZDA VE EKONOM\u0130K FAAL\u0130YETLER\u0130M\u0130ZDE TA\u015eIDI\u011eI \u00d6NEM\u0130N B\u0130L\u0130NC\u0130 \u0130LE MASFED OLARAK \u00dcLKEM\u0130Z, EKONOM\u0130M\u0130Z VE SEKT\u00d6R\u00dcM\u00dcZ \u0130\u00c7\u0130N GEREKL\u0130 OLAN T\u00dcM \u0130MKANLARIMIZ \u0130LE \u00c7ALI\u015eMALARIMIZI, DE\u011eERL\u0130 \u00dcYELER\u0130M\u0130Z\u0130N DE KATILIMLARI \u0130LE S\u00dcRD\u00dcRMEKTEY\u0130Z.","publisher":{"@id":"https:\/\/masfed.com.tr\/#organization"},"potentialAction":[{"@type":"SearchAction","target":{"@type":"EntryPoint","urlTemplate":"https:\/\/masfed.com.tr\/?s={search_term_string}"},"query-input":"required name=search_term_string"}],"inLanguage":"tr"},{"@type":"Organization","@id":"https:\/\/masfed.com.tr\/#organization","name":"Motorlu Ara\u00e7 Sat\u0131c\u0131lar\u0131 Federasyonu MASFED","url":"https:\/\/masfed.com.tr\/","logo":{"@type":"ImageObject","inLanguage":"tr","@id":"https:\/\/masfed.com.tr\/#\/schema\/logo\/image\/","url":"https:\/\/masfed.com.tr\/wp-content\/uploads\/2022\/06\/Logo-1.png","contentUrl":"https:\/\/masfed.com.tr\/wp-content\/uploads\/2022\/06\/Logo-1.png","width":863,"height":253,"caption":"Motorlu Ara\u00e7 Sat\u0131c\u0131lar\u0131 Federasyonu MASFED"},"image":{"@id":"https:\/\/masfed.com.tr\/#\/schema\/logo\/image\/"},"sameAs":["https:\/\/www.facebook.com\/MASFED2010\/","https:\/\/twitter.com\/Masfed2010","https:\/\/www.instagram.com\/masfed.tr\/","https:\/\/www.youtube.com\/channel\/UCOtDLDga6aa9woc5Yk8Rdig"]}]}},"_links":{"self":[{"href":"https:\/\/masfed.com.tr\/index.php?rest_route=\/wp\/v2\/pages\/1606"}],"collection":[{"href":"https:\/\/masfed.com.tr\/index.php?rest_route=\/wp\/v2\/pages"}],"about":[{"href":"https:\/\/masfed.com.tr\/index.php?rest_route=\/wp\/v2\/types\/page"}],"author":[{"embeddable":true,"href":"https:\/\/masfed.com.tr\/index.php?rest_route=\/wp\/v2\/users\/1"}],"replies":[{"embeddable":true,"href":"https:\/\/masfed.com.tr\/index.php?rest_route=%2Fwp%2Fv2%2Fcomments&post=1606"}],"version-history":[{"count":0,"href":"https:\/\/masfed.com.tr\/index.php?rest_route=\/wp\/v2\/pages\/1606\/revisions"}],"wp:attachment":[{"href":"https:\/\/masfed.com.tr\/index.php?rest_route=%2Fwp%2Fv2%2Fmedia&parent=1606"}],"curies":[{"name":"wp","href":"https:\/\/api.w.org\/{rel}","templated":true}]}}