{"id":5921,"date":"2022-08-15T13:54:04","date_gmt":"2022-08-15T10:54:04","guid":{"rendered":"https:\/\/masfed.com.tr\/?page_id=5921"},"modified":"2022-08-15T14:14:37","modified_gmt":"2022-08-15T11:14:37","slug":"ankara-trafik-tescil-sube-muduru-ali-ihsan-sariyilmazi-yonetim-kurulunun-ziyareti","status":"publish","type":"page","link":"https:\/\/masfed.com.tr\/?page_id=5921","title":{"rendered":"ANKARA TRAF\u0130K TESC\u0130L \u015eUBE M\u00dcD\u00dcR\u00dc AL\u0130 \u0130HSAN SARIYILMAZ&#8217;I Y\u00d6NET\u0130M KURULUNUN Z\u0130YARET\u0130"},"content":{"rendered":"\t\t<div data-elementor-type=\"wp-page\" data-elementor-id=\"5921\" class=\"elementor elementor-5921\">\n\t\t\t\t\t\t<div class=\"elementor-inner\">\n\t\t\t\t<div class=\"elementor-section-wrap\">\n\t\t\t\t\t\t\t\t\t<section class=\"has_eae_slider elementor-section elementor-top-section elementor-element elementor-element-417f88d elementor-section-boxed elementor-section-height-default elementor-section-height-default\" data-id=\"417f88d\" data-element_type=\"section\">\n\t\t\t\t\t\t<div class=\"elementor-container elementor-column-gap-default\">\n\t\t\t\t\t\t\t<div class=\"elementor-row\">\n\t\t\t\t\t<div class=\"has_eae_slider elementor-column elementor-col-100 elementor-top-column elementor-element elementor-element-692bd37\" data-id=\"692bd37\" data-element_type=\"column\">\n\t\t\t<div class=\"elementor-column-wrap elementor-element-populated\">\n\t\t\t\t\t\t\t<div class=\"elementor-widget-wrap\">\n\t\t\t\t\t\t<div class=\"elementor-element elementor-element-f7a555b elementor-widget elementor-widget-spacer\" data-id=\"f7a555b\" data-element_type=\"widget\" data-widget_type=\"spacer.default\">\n\t\t\t\t<div class=\"elementor-widget-container\">\n\t\t\t<style>\/*! elementor - v3.17.0 - 25-10-2023 *\/\n.elementor-column .elementor-spacer-inner{height:var(--spacer-size)}.e-con{--container-widget-width:100%}.e-con-inner>.elementor-widget-spacer,.e-con>.elementor-widget-spacer{width:var(--container-widget-width,var(--spacer-size));--align-self:var(--container-widget-align-self,initial);--flex-shrink:0}.e-con-inner>.elementor-widget-spacer>.elementor-widget-container,.e-con>.elementor-widget-spacer>.elementor-widget-container{height:100%;width:100%}.e-con-inner>.elementor-widget-spacer>.elementor-widget-container>.elementor-spacer,.e-con>.elementor-widget-spacer>.elementor-widget-container>.elementor-spacer{height:100%}.e-con-inner>.elementor-widget-spacer>.elementor-widget-container>.elementor-spacer>.elementor-spacer-inner,.e-con>.elementor-widget-spacer>.elementor-widget-container>.elementor-spacer>.elementor-spacer-inner{height:var(--container-widget-height,var(--spacer-size))}.e-con-inner>.elementor-widget-spacer.elementor-widget-empty,.e-con>.elementor-widget-spacer.elementor-widget-empty{position:relative;min-height:22px;min-width:22px}.e-con-inner>.elementor-widget-spacer.elementor-widget-empty .elementor-widget-empty-icon,.e-con>.elementor-widget-spacer.elementor-widget-empty .elementor-widget-empty-icon{position:absolute;top:0;bottom:0;left:0;right:0;margin:auto;padding:0;width:22px;height:22px}<\/style>\t\t<div class=\"elementor-spacer\">\n\t\t\t<div class=\"elementor-spacer-inner\"><\/div>\n\t\t<\/div>\n\t\t\t\t<\/div>\n\t\t\t\t<\/div>\n\t\t\t\t<div class=\"elementor-element elementor-element-1130b31 elementor-widget elementor-widget-heading\" data-id=\"1130b31\" data-element_type=\"widget\" data-widget_type=\"heading.default\">\n\t\t\t\t<div class=\"elementor-widget-container\">\n\t\t\t<style>\/*! elementor - v3.17.0 - 25-10-2023 *\/\n.elementor-heading-title{padding:0;margin:0;line-height:1}.elementor-widget-heading .elementor-heading-title[class*=elementor-size-]>a{color:inherit;font-size:inherit;line-height:inherit}.elementor-widget-heading .elementor-heading-title.elementor-size-small{font-size:15px}.elementor-widget-heading .elementor-heading-title.elementor-size-medium{font-size:19px}.elementor-widget-heading .elementor-heading-title.elementor-size-large{font-size:29px}.elementor-widget-heading .elementor-heading-title.elementor-size-xl{font-size:39px}.elementor-widget-heading .elementor-heading-title.elementor-size-xxl{font-size:59px}<\/style><h2 class=\"elementor-heading-title elementor-size-default\">ANKARA TRAF\u0130K TESC\u0130L \u015eUBE M\u00dcD\u00dcR\u00dc AL\u0130 \u0130HSAN SARIYILMAZ'I Y\u00d6NET\u0130M KURULUNUN Z\u0130YARET\u0130\n<\/h2>\t\t<\/div>\n\t\t\t\t<\/div>\n\t\t\t\t<div class=\"elementor-element elementor-element-a339d88 elementor-widget elementor-widget-spacer\" data-id=\"a339d88\" data-element_type=\"widget\" data-widget_type=\"spacer.default\">\n\t\t\t\t<div class=\"elementor-widget-container\">\n\t\t\t\t\t<div class=\"elementor-spacer\">\n\t\t\t<div class=\"elementor-spacer-inner\"><\/div>\n\t\t<\/div>\n\t\t\t\t<\/div>\n\t\t\t\t<\/div>\n\t\t\t\t\t\t<\/div>\n\t\t\t\t\t<\/div>\n\t\t<\/div>\n\t\t\t\t\t\t\t\t<\/div>\n\t\t\t\t\t<\/div>\n\t\t<\/section>\n\t\t\t\t<section class=\"has_eae_slider elementor-section elementor-top-section elementor-element elementor-element-6e4119c elementor-section-boxed elementor-section-height-default elementor-section-height-default\" data-id=\"6e4119c\" data-element_type=\"section\">\n\t\t\t\t\t\t<div class=\"elementor-container elementor-column-gap-default\">\n\t\t\t\t\t\t\t<div class=\"elementor-row\">\n\t\t\t\t\t<div class=\"has_eae_slider elementor-column elementor-col-100 elementor-top-column elementor-element elementor-element-7a48f0a\" data-id=\"7a48f0a\" data-element_type=\"column\">\n\t\t\t<div class=\"elementor-column-wrap elementor-element-populated\">\n\t\t\t\t\t\t\t<div class=\"elementor-widget-wrap\">\n\t\t\t\t\t\t\t\t<\/div>\n\t\t\t\t\t<\/div>\n\t\t<\/div>\n\t\t\t\t\t\t\t\t<\/div>\n\t\t\t\t\t<\/div>\n\t\t<\/section>\n\t\t\t\t<section class=\"has_eae_slider elementor-section elementor-top-section elementor-element elementor-element-edd58ad elementor-section-boxed elementor-section-height-default elementor-section-height-default\" data-id=\"edd58ad\" data-element_type=\"section\">\n\t\t\t\t\t\t<div class=\"elementor-container elementor-column-gap-default\">\n\t\t\t\t\t\t\t<div class=\"elementor-row\">\n\t\t\t\t\t<div class=\"has_eae_slider elementor-column elementor-col-100 elementor-top-column elementor-element elementor-element-bd4e0ed\" data-id=\"bd4e0ed\" data-element_type=\"column\">\n\t\t\t<div class=\"elementor-column-wrap elementor-element-populated\">\n\t\t\t\t\t\t\t<div class=\"elementor-widget-wrap\">\n\t\t\t\t\t\t<div class=\"elementor-element elementor-element-0b6958b gallery-spacing-custom elementor-widget elementor-widget-image-gallery\" data-id=\"0b6958b\" data-element_type=\"widget\" data-widget_type=\"image-gallery.default\">\n\t\t\t\t<div class=\"elementor-widget-container\">\n\t\t\t<style>\/*! elementor - v3.17.0 - 25-10-2023 *\/\n.elementor-image-gallery .gallery-item{display:inline-block;text-align:center;vertical-align:top;width:100%;max-width:100%;margin:0 auto}.elementor-image-gallery .gallery-item img{margin:0 auto}.elementor-image-gallery .gallery-item .gallery-caption{margin:0}.elementor-image-gallery figure img{display:block}.elementor-image-gallery figure figcaption{width:100%}.gallery-spacing-custom .elementor-image-gallery .gallery-icon{padding:0}@media (min-width:768px){.elementor-image-gallery .gallery-columns-2 .gallery-item{max-width:50%}.elementor-image-gallery .gallery-columns-3 .gallery-item{max-width:33.33%}.elementor-image-gallery .gallery-columns-4 .gallery-item{max-width:25%}.elementor-image-gallery .gallery-columns-5 .gallery-item{max-width:20%}.elementor-image-gallery .gallery-columns-6 .gallery-item{max-width:16.666%}.elementor-image-gallery .gallery-columns-7 .gallery-item{max-width:14.28%}.elementor-image-gallery .gallery-columns-8 .gallery-item{max-width:12.5%}.elementor-image-gallery .gallery-columns-9 .gallery-item{max-width:11.11%}.elementor-image-gallery .gallery-columns-10 .gallery-item{max-width:10%}}@media (min-width:480px) and (max-width:767px){.elementor-image-gallery .gallery.gallery-columns-2 .gallery-item,.elementor-image-gallery .gallery.gallery-columns-3 .gallery-item,.elementor-image-gallery .gallery.gallery-columns-4 .gallery-item,.elementor-image-gallery .gallery.gallery-columns-5 .gallery-item,.elementor-image-gallery .gallery.gallery-columns-6 .gallery-item,.elementor-image-gallery .gallery.gallery-columns-7 .gallery-item,.elementor-image-gallery .gallery.gallery-columns-8 .gallery-item,.elementor-image-gallery .gallery.gallery-columns-9 .gallery-item,.elementor-image-gallery .gallery.gallery-columns-10 .gallery-item{max-width:50%}}@media (max-width:479px){.elementor-image-gallery .gallery.gallery-columns-2 .gallery-item,.elementor-image-gallery .gallery.gallery-columns-3 .gallery-item,.elementor-image-gallery .gallery.gallery-columns-4 .gallery-item,.elementor-image-gallery .gallery.gallery-columns-5 .gallery-item,.elementor-image-gallery .gallery.gallery-columns-6 .gallery-item,.elementor-image-gallery .gallery.gallery-columns-7 .gallery-item,.elementor-image-gallery .gallery.gallery-columns-8 .gallery-item,.elementor-image-gallery .gallery.gallery-columns-9 .gallery-item,.elementor-image-gallery .gallery.gallery-columns-10 .gallery-item{max-width:100%}}<\/style>\t\t<div class=\"elementor-image-gallery\">\n\t\t\t<div id='gallery-1' class='gallery galleryid-5921 gallery-columns-4 gallery-size-total-portfolio-thumb'><figure class='gallery-item'>\n\t\t\t<div class='gallery-icon landscape'>\n\t\t\t\t<a data-elementor-open-lightbox=\"yes\" data-elementor-lightbox-slideshow=\"0b6958b\" data-elementor-lightbox-title=\"0570019001482918314\" data-e-action-hash=\"#elementor-action%3Aaction%3Dlightbox%26settings%3DeyJpZCI6NTk2NywidXJsIjoiaHR0cHM6XC9cL21hc2ZlZC5jb20udHJcL3dwLWNvbnRlbnRcL3VwbG9hZHNcLzIwMjJcLzA4XC8wNTcwMDE5MDAxNDgyOTE4MzE0LmpwZyIsInNsaWRlc2hvdyI6IjBiNjk1OGIifQ%3D%3D\" href='https:\/\/masfed.com.tr\/wp-content\/uploads\/2022\/08\/0570019001482918314.jpg'><img width=\"400\" height=\"400\" src=\"https:\/\/masfed.com.tr\/wp-content\/uploads\/2022\/08\/0570019001482918314-400x400.jpg\" class=\"attachment-total-portfolio-thumb size-total-portfolio-thumb\" alt=\"\" decoding=\"async\" loading=\"lazy\" srcset=\"https:\/\/masfed.com.tr\/wp-content\/uploads\/2022\/08\/0570019001482918314-400x400.jpg 400w, https:\/\/masfed.com.tr\/wp-content\/uploads\/2022\/08\/0570019001482918314-150x150.jpg 150w, https:\/\/masfed.com.tr\/wp-content\/uploads\/2022\/08\/0570019001482918314-100x100.jpg 100w\" sizes=\"(max-width: 400px) 100vw, 400px\" \/><\/a>\n\t\t\t<\/div><\/figure><figure class='gallery-item'>\n\t\t\t<div class='gallery-icon landscape'>\n\t\t\t\t<a data-elementor-open-lightbox=\"yes\" data-elementor-lightbox-slideshow=\"0b6958b\" data-elementor-lightbox-title=\"0199632001482918313\" data-e-action-hash=\"#elementor-action%3Aaction%3Dlightbox%26settings%3DeyJpZCI6NTk2OCwidXJsIjoiaHR0cHM6XC9cL21hc2ZlZC5jb20udHJcL3dwLWNvbnRlbnRcL3VwbG9hZHNcLzIwMjJcLzA4XC8wMTk5NjMyMDAxNDgyOTE4MzEzLmpwZyIsInNsaWRlc2hvdyI6IjBiNjk1OGIifQ%3D%3D\" href='https:\/\/masfed.com.tr\/wp-content\/uploads\/2022\/08\/0199632001482918313.jpg'><img width=\"400\" height=\"400\" src=\"https:\/\/masfed.com.tr\/wp-content\/uploads\/2022\/08\/0199632001482918313-400x400.jpg\" class=\"attachment-total-portfolio-thumb size-total-portfolio-thumb\" alt=\"\" decoding=\"async\" loading=\"lazy\" srcset=\"https:\/\/masfed.com.tr\/wp-content\/uploads\/2022\/08\/0199632001482918313-400x400.jpg 400w, https:\/\/masfed.com.tr\/wp-content\/uploads\/2022\/08\/0199632001482918313-150x150.jpg 150w, https:\/\/masfed.com.tr\/wp-content\/uploads\/2022\/08\/0199632001482918313-100x100.jpg 100w\" sizes=\"(max-width: 400px) 100vw, 400px\" \/><\/a>\n\t\t\t<\/div><\/figure><figure class='gallery-item'>\n\t\t\t<div class='gallery-icon landscape'>\n\t\t\t\t<a data-elementor-open-lightbox=\"yes\" data-elementor-lightbox-slideshow=\"0b6958b\" data-elementor-lightbox-title=\"0309675001482918312\" data-e-action-hash=\"#elementor-action%3Aaction%3Dlightbox%26settings%3DeyJpZCI6NTk2OSwidXJsIjoiaHR0cHM6XC9cL21hc2ZlZC5jb20udHJcL3dwLWNvbnRlbnRcL3VwbG9hZHNcLzIwMjJcLzA4XC8wMzA5Njc1MDAxNDgyOTE4MzEyLmpwZyIsInNsaWRlc2hvdyI6IjBiNjk1OGIifQ%3D%3D\" href='https:\/\/masfed.com.tr\/wp-content\/uploads\/2022\/08\/0309675001482918312.jpg'><img width=\"400\" height=\"400\" src=\"https:\/\/masfed.com.tr\/wp-content\/uploads\/2022\/08\/0309675001482918312-400x400.jpg\" class=\"attachment-total-portfolio-thumb size-total-portfolio-thumb\" alt=\"\" decoding=\"async\" loading=\"lazy\" srcset=\"https:\/\/masfed.com.tr\/wp-content\/uploads\/2022\/08\/0309675001482918312-400x400.jpg 400w, https:\/\/masfed.com.tr\/wp-content\/uploads\/2022\/08\/0309675001482918312-150x150.jpg 150w, https:\/\/masfed.com.tr\/wp-content\/uploads\/2022\/08\/0309675001482918312-100x100.jpg 100w\" sizes=\"(max-width: 400px) 100vw, 400px\" \/><\/a>\n\t\t\t<\/div><\/figure><figure class='gallery-item'>\n\t\t\t<div class='gallery-icon landscape'>\n\t\t\t\t<a data-elementor-open-lightbox=\"yes\" data-elementor-lightbox-slideshow=\"0b6958b\" data-elementor-lightbox-title=\"0383822001482918311\" data-e-action-hash=\"#elementor-action%3Aaction%3Dlightbox%26settings%3DeyJpZCI6NTk3MCwidXJsIjoiaHR0cHM6XC9cL21hc2ZlZC5jb20udHJcL3dwLWNvbnRlbnRcL3VwbG9hZHNcLzIwMjJcLzA4XC8wMzgzODIyMDAxNDgyOTE4MzExLmpwZyIsInNsaWRlc2hvdyI6IjBiNjk1OGIifQ%3D%3D\" href='https:\/\/masfed.com.tr\/wp-content\/uploads\/2022\/08\/0383822001482918311.jpg'><img width=\"400\" height=\"400\" src=\"https:\/\/masfed.com.tr\/wp-content\/uploads\/2022\/08\/0383822001482918311-400x400.jpg\" class=\"attachment-total-portfolio-thumb size-total-portfolio-thumb\" alt=\"\" decoding=\"async\" loading=\"lazy\" srcset=\"https:\/\/masfed.com.tr\/wp-content\/uploads\/2022\/08\/0383822001482918311-400x400.jpg 400w, https:\/\/masfed.com.tr\/wp-content\/uploads\/2022\/08\/0383822001482918311-150x150.jpg 150w, https:\/\/masfed.com.tr\/wp-content\/uploads\/2022\/08\/0383822001482918311-100x100.jpg 100w\" sizes=\"(max-width: 400px) 100vw, 400px\" \/><\/a>\n\t\t\t<\/div><\/figure><figure class='gallery-item'>\n\t\t\t<div class='gallery-icon landscape'>\n\t\t\t\t<a data-elementor-open-lightbox=\"yes\" data-elementor-lightbox-slideshow=\"0b6958b\" data-elementor-lightbox-title=\"0430410001482918315\" data-e-action-hash=\"#elementor-action%3Aaction%3Dlightbox%26settings%3DeyJpZCI6NTk3MSwidXJsIjoiaHR0cHM6XC9cL21hc2ZlZC5jb20udHJcL3dwLWNvbnRlbnRcL3VwbG9hZHNcLzIwMjJcLzA4XC8wNDMwNDEwMDAxNDgyOTE4MzE1LmpwZyIsInNsaWRlc2hvdyI6IjBiNjk1OGIifQ%3D%3D\" href='https:\/\/masfed.com.tr\/wp-content\/uploads\/2022\/08\/0430410001482918315.jpg'><img width=\"400\" height=\"400\" src=\"https:\/\/masfed.com.tr\/wp-content\/uploads\/2022\/08\/0430410001482918315-400x400.jpg\" class=\"attachment-total-portfolio-thumb size-total-portfolio-thumb\" alt=\"\" decoding=\"async\" loading=\"lazy\" srcset=\"https:\/\/masfed.com.tr\/wp-content\/uploads\/2022\/08\/0430410001482918315-400x400.jpg 400w, https:\/\/masfed.com.tr\/wp-content\/uploads\/2022\/08\/0430410001482918315-150x150.jpg 150w, https:\/\/masfed.com.tr\/wp-content\/uploads\/2022\/08\/0430410001482918315-100x100.jpg 100w\" sizes=\"(max-width: 400px) 100vw, 400px\" \/><\/a>\n\t\t\t<\/div><\/figure>\n\t\t<\/div>\n\t\t<\/div>\n\t\t\t\t<\/div>\n\t\t\t\t<\/div>\n\t\t\t\t\t\t<\/div>\n\t\t\t\t\t<\/div>\n\t\t<\/div>\n\t\t\t\t\t\t\t\t<\/div>\n\t\t\t\t\t<\/div>\n\t\t<\/section>\n\t\t\t\t\t\t\t\t\t<\/div>\n\t\t\t<\/div>\n\t\t\t\t\t<\/div>\n\t\t","protected":false},"excerpt":{"rendered":"<p>ANKARA TRAF\u0130K TESC\u0130L \u015eUBE M\u00dcD\u00dcR\u00dc AL\u0130 \u0130HSAN SARIYILMAZ&#8217;I Y\u00d6NET\u0130M KURULUNUN Z\u0130YARET\u0130<\/p>\n","protected":false},"author":1,"featured_media":0,"parent":0,"menu_order":0,"comment_status":"closed","ping_status":"closed","template":"","meta":{"ngg_post_thumbnail":0},"yoast_head":"<!-- This site is optimized with the Yoast SEO plugin v21.6 - https:\/\/yoast.com\/wordpress\/plugins\/seo\/ -->\n<title>ANKARA TRAF\u0130K TESC\u0130L \u015eUBE M\u00dcD\u00dcR\u00dc AL\u0130 \u0130HSAN SARIYILMAZ&#039;I Y\u00d6NET\u0130M KURULUNUN Z\u0130YARET\u0130 - Motorlu Ara\u00e7 Sat\u0131c\u0131lar\u0131 Federasyonu MASFED<\/title>\n<meta name=\"robots\" content=\"index, follow, max-snippet:-1, max-image-preview:large, max-video-preview:-1\" \/>\n<link rel=\"canonical\" href=\"https:\/\/masfed.com.tr\/?page_id=5921\" \/>\n<meta property=\"og:locale\" content=\"tr_TR\" \/>\n<meta property=\"og:type\" content=\"article\" \/>\n<meta property=\"og:title\" content=\"ANKARA TRAF\u0130K TESC\u0130L \u015eUBE M\u00dcD\u00dcR\u00dc AL\u0130 \u0130HSAN SARIYILMAZ&#039;I Y\u00d6NET\u0130M KURULUNUN Z\u0130YARET\u0130 - Motorlu Ara\u00e7 Sat\u0131c\u0131lar\u0131 Federasyonu MASFED\" \/>\n<meta property=\"og:description\" content=\"ANKARA TRAF\u0130K TESC\u0130L \u015eUBE M\u00dcD\u00dcR\u00dc AL\u0130 \u0130HSAN SARIYILMAZ&#8217;I Y\u00d6NET\u0130M KURULUNUN Z\u0130YARET\u0130\" \/>\n<meta property=\"og:url\" content=\"https:\/\/masfed.com.tr\/?page_id=5921\" \/>\n<meta property=\"og:site_name\" content=\"Motorlu Ara\u00e7 Sat\u0131c\u0131lar\u0131 Federasyonu MASFED\" \/>\n<meta property=\"article:publisher\" content=\"https:\/\/www.facebook.com\/MASFED2010\/\" \/>\n<meta property=\"article:modified_time\" content=\"2022-08-15T11:14:37+00:00\" \/>\n<meta property=\"og:image\" content=\"https:\/\/masfed.com.tr\/wp-content\/uploads\/2022\/08\/0570019001482918314-400x400.jpg\" \/>\n<meta name=\"twitter:card\" content=\"summary_large_image\" \/>\n<meta name=\"twitter:site\" content=\"@Masfed2010\" \/>\n<script type=\"application\/ld+json\" class=\"yoast-schema-graph\">{\"@context\":\"https:\/\/schema.org\",\"@graph\":[{\"@type\":\"WebPage\",\"@id\":\"https:\/\/masfed.com.tr\/?page_id=5921\",\"url\":\"https:\/\/masfed.com.tr\/?page_id=5921\",\"name\":\"ANKARA TRAF\u0130K TESC\u0130L \u015eUBE M\u00dcD\u00dcR\u00dc AL\u0130 \u0130HSAN SARIYILMAZ'I Y\u00d6NET\u0130M KURULUNUN Z\u0130YARET\u0130 - Motorlu Ara\u00e7 Sat\u0131c\u0131lar\u0131 Federasyonu MASFED\",\"isPartOf\":{\"@id\":\"https:\/\/masfed.com.tr\/#website\"},\"datePublished\":\"2022-08-15T10:54:04+00:00\",\"dateModified\":\"2022-08-15T11:14:37+00:00\",\"breadcrumb\":{\"@id\":\"https:\/\/masfed.com.tr\/?page_id=5921#breadcrumb\"},\"inLanguage\":\"tr\",\"potentialAction\":[{\"@type\":\"ReadAction\",\"target\":[\"https:\/\/masfed.com.tr\/?page_id=5921\"]}]},{\"@type\":\"BreadcrumbList\",\"@id\":\"https:\/\/masfed.com.tr\/?page_id=5921#breadcrumb\",\"itemListElement\":[{\"@type\":\"ListItem\",\"position\":1,\"name\":\"Anasayfa\",\"item\":\"https:\/\/masfed.com.tr\/\"},{\"@type\":\"ListItem\",\"position\":2,\"name\":\"ANKARA TRAF\u0130K TESC\u0130L \u015eUBE M\u00dcD\u00dcR\u00dc AL\u0130 \u0130HSAN SARIYILMAZ&#8217;I Y\u00d6NET\u0130M KURULUNUN Z\u0130YARET\u0130\"}]},{\"@type\":\"WebSite\",\"@id\":\"https:\/\/masfed.com.tr\/#website\",\"url\":\"https:\/\/masfed.com.tr\/\",\"name\":\"Motorlu Ara\u00e7 Sat\u0131c\u0131lar\u0131 Federasyonu MASFED\",\"description\":\"\u0130K\u0130NC\u0130 EL OTOMOB\u0130L ALIM-SATIMI YAPAN \u0130K\u0130NC\u0130 EL MOTORLU ARA\u00c7 SATICI KURULU\u015eLARININ TOPLUMUMUZDA VE EKONOM\u0130K FAAL\u0130YETLER\u0130M\u0130ZDE TA\u015eIDI\u011eI \u00d6NEM\u0130N B\u0130L\u0130NC\u0130 \u0130LE MASFED OLARAK \u00dcLKEM\u0130Z, EKONOM\u0130M\u0130Z VE SEKT\u00d6R\u00dcM\u00dcZ \u0130\u00c7\u0130N GEREKL\u0130 OLAN T\u00dcM \u0130MKANLARIMIZ \u0130LE \u00c7ALI\u015eMALARIMIZI, DE\u011eERL\u0130 \u00dcYELER\u0130M\u0130Z\u0130N DE KATILIMLARI \u0130LE S\u00dcRD\u00dcRMEKTEY\u0130Z.\",\"publisher\":{\"@id\":\"https:\/\/masfed.com.tr\/#organization\"},\"potentialAction\":[{\"@type\":\"SearchAction\",\"target\":{\"@type\":\"EntryPoint\",\"urlTemplate\":\"https:\/\/masfed.com.tr\/?s={search_term_string}\"},\"query-input\":\"required name=search_term_string\"}],\"inLanguage\":\"tr\"},{\"@type\":\"Organization\",\"@id\":\"https:\/\/masfed.com.tr\/#organization\",\"name\":\"Motorlu Ara\u00e7 Sat\u0131c\u0131lar\u0131 Federasyonu MASFED\",\"url\":\"https:\/\/masfed.com.tr\/\",\"logo\":{\"@type\":\"ImageObject\",\"inLanguage\":\"tr\",\"@id\":\"https:\/\/masfed.com.tr\/#\/schema\/logo\/image\/\",\"url\":\"https:\/\/masfed.com.tr\/wp-content\/uploads\/2022\/06\/Logo-1.png\",\"contentUrl\":\"https:\/\/masfed.com.tr\/wp-content\/uploads\/2022\/06\/Logo-1.png\",\"width\":863,\"height\":253,\"caption\":\"Motorlu Ara\u00e7 Sat\u0131c\u0131lar\u0131 Federasyonu MASFED\"},\"image\":{\"@id\":\"https:\/\/masfed.com.tr\/#\/schema\/logo\/image\/\"},\"sameAs\":[\"https:\/\/www.facebook.com\/MASFED2010\/\",\"https:\/\/twitter.com\/Masfed2010\",\"https:\/\/www.instagram.com\/masfed.tr\/\",\"https:\/\/www.youtube.com\/channel\/UCOtDLDga6aa9woc5Yk8Rdig\"]}]}<\/script>\n<!-- \/ Yoast SEO plugin. -->","yoast_head_json":{"title":"ANKARA TRAF\u0130K TESC\u0130L \u015eUBE M\u00dcD\u00dcR\u00dc AL\u0130 \u0130HSAN SARIYILMAZ'I Y\u00d6NET\u0130M KURULUNUN Z\u0130YARET\u0130 - Motorlu Ara\u00e7 Sat\u0131c\u0131lar\u0131 Federasyonu MASFED","robots":{"index":"index","follow":"follow","max-snippet":"max-snippet:-1","max-image-preview":"max-image-preview:large","max-video-preview":"max-video-preview:-1"},"canonical":"https:\/\/masfed.com.tr\/?page_id=5921","og_locale":"tr_TR","og_type":"article","og_title":"ANKARA TRAF\u0130K TESC\u0130L \u015eUBE M\u00dcD\u00dcR\u00dc AL\u0130 \u0130HSAN SARIYILMAZ'I Y\u00d6NET\u0130M KURULUNUN Z\u0130YARET\u0130 - Motorlu Ara\u00e7 Sat\u0131c\u0131lar\u0131 Federasyonu MASFED","og_description":"ANKARA TRAF\u0130K TESC\u0130L \u015eUBE M\u00dcD\u00dcR\u00dc AL\u0130 \u0130HSAN SARIYILMAZ&#8217;I Y\u00d6NET\u0130M KURULUNUN Z\u0130YARET\u0130","og_url":"https:\/\/masfed.com.tr\/?page_id=5921","og_site_name":"Motorlu Ara\u00e7 Sat\u0131c\u0131lar\u0131 Federasyonu MASFED","article_publisher":"https:\/\/www.facebook.com\/MASFED2010\/","article_modified_time":"2022-08-15T11:14:37+00:00","og_image":[{"url":"https:\/\/masfed.com.tr\/wp-content\/uploads\/2022\/08\/0570019001482918314-400x400.jpg"}],"twitter_card":"summary_large_image","twitter_site":"@Masfed2010","schema":{"@context":"https:\/\/schema.org","@graph":[{"@type":"WebPage","@id":"https:\/\/masfed.com.tr\/?page_id=5921","url":"https:\/\/masfed.com.tr\/?page_id=5921","name":"ANKARA TRAF\u0130K TESC\u0130L \u015eUBE M\u00dcD\u00dcR\u00dc AL\u0130 \u0130HSAN SARIYILMAZ'I Y\u00d6NET\u0130M KURULUNUN Z\u0130YARET\u0130 - Motorlu Ara\u00e7 Sat\u0131c\u0131lar\u0131 Federasyonu MASFED","isPartOf":{"@id":"https:\/\/masfed.com.tr\/#website"},"datePublished":"2022-08-15T10:54:04+00:00","dateModified":"2022-08-15T11:14:37+00:00","breadcrumb":{"@id":"https:\/\/masfed.com.tr\/?page_id=5921#breadcrumb"},"inLanguage":"tr","potentialAction":[{"@type":"ReadAction","target":["https:\/\/masfed.com.tr\/?page_id=5921"]}]},{"@type":"BreadcrumbList","@id":"https:\/\/masfed.com.tr\/?page_id=5921#breadcrumb","itemListElement":[{"@type":"ListItem","position":1,"name":"Anasayfa","item":"https:\/\/masfed.com.tr\/"},{"@type":"ListItem","position":2,"name":"ANKARA TRAF\u0130K TESC\u0130L \u015eUBE M\u00dcD\u00dcR\u00dc AL\u0130 \u0130HSAN SARIYILMAZ&#8217;I Y\u00d6NET\u0130M KURULUNUN Z\u0130YARET\u0130"}]},{"@type":"WebSite","@id":"https:\/\/masfed.com.tr\/#website","url":"https:\/\/masfed.com.tr\/","name":"Motorlu Ara\u00e7 Sat\u0131c\u0131lar\u0131 Federasyonu MASFED","description":"\u0130K\u0130NC\u0130 EL OTOMOB\u0130L ALIM-SATIMI YAPAN \u0130K\u0130NC\u0130 EL MOTORLU ARA\u00c7 SATICI KURULU\u015eLARININ TOPLUMUMUZDA VE EKONOM\u0130K FAAL\u0130YETLER\u0130M\u0130ZDE TA\u015eIDI\u011eI \u00d6NEM\u0130N B\u0130L\u0130NC\u0130 \u0130LE MASFED OLARAK \u00dcLKEM\u0130Z, EKONOM\u0130M\u0130Z VE SEKT\u00d6R\u00dcM\u00dcZ \u0130\u00c7\u0130N GEREKL\u0130 OLAN T\u00dcM \u0130MKANLARIMIZ \u0130LE \u00c7ALI\u015eMALARIMIZI, DE\u011eERL\u0130 \u00dcYELER\u0130M\u0130Z\u0130N DE KATILIMLARI \u0130LE S\u00dcRD\u00dcRMEKTEY\u0130Z.","publisher":{"@id":"https:\/\/masfed.com.tr\/#organization"},"potentialAction":[{"@type":"SearchAction","target":{"@type":"EntryPoint","urlTemplate":"https:\/\/masfed.com.tr\/?s={search_term_string}"},"query-input":"required name=search_term_string"}],"inLanguage":"tr"},{"@type":"Organization","@id":"https:\/\/masfed.com.tr\/#organization","name":"Motorlu Ara\u00e7 Sat\u0131c\u0131lar\u0131 Federasyonu MASFED","url":"https:\/\/masfed.com.tr\/","logo":{"@type":"ImageObject","inLanguage":"tr","@id":"https:\/\/masfed.com.tr\/#\/schema\/logo\/image\/","url":"https:\/\/masfed.com.tr\/wp-content\/uploads\/2022\/06\/Logo-1.png","contentUrl":"https:\/\/masfed.com.tr\/wp-content\/uploads\/2022\/06\/Logo-1.png","width":863,"height":253,"caption":"Motorlu Ara\u00e7 Sat\u0131c\u0131lar\u0131 Federasyonu MASFED"},"image":{"@id":"https:\/\/masfed.com.tr\/#\/schema\/logo\/image\/"},"sameAs":["https:\/\/www.facebook.com\/MASFED2010\/","https:\/\/twitter.com\/Masfed2010","https:\/\/www.instagram.com\/masfed.tr\/","https:\/\/www.youtube.com\/channel\/UCOtDLDga6aa9woc5Yk8Rdig"]}]}},"_links":{"self":[{"href":"https:\/\/masfed.com.tr\/index.php?rest_route=\/wp\/v2\/pages\/5921"}],"collection":[{"href":"https:\/\/masfed.com.tr\/index.php?rest_route=\/wp\/v2\/pages"}],"about":[{"href":"https:\/\/masfed.com.tr\/index.php?rest_route=\/wp\/v2\/types\/page"}],"author":[{"embeddable":true,"href":"https:\/\/masfed.com.tr\/index.php?rest_route=\/wp\/v2\/users\/1"}],"replies":[{"embeddable":true,"href":"https:\/\/masfed.com.tr\/index.php?rest_route=%2Fwp%2Fv2%2Fcomments&post=5921"}],"version-history":[{"count":0,"href":"https:\/\/masfed.com.tr\/index.php?rest_route=\/wp\/v2\/pages\/5921\/revisions"}],"wp:attachment":[{"href":"https:\/\/masfed.com.tr\/index.php?rest_route=%2Fwp%2Fv2%2Fmedia&parent=5921"}],"curies":[{"name":"wp","href":"https:\/\/api.w.org\/{rel}","templated":true}]}}