{"id":6012,"date":"2022-08-15T14:20:26","date_gmt":"2022-08-15T11:20:26","guid":{"rendered":"https:\/\/masfed.com.tr\/?page_id=6012"},"modified":"2022-08-15T14:40:48","modified_gmt":"2022-08-15T11:40:48","slug":"yonetim-kurulu-uyeleri-ve-ato-yonetiminin-gumruk-ve-ticaret-bakani-sayin-bulent-tufenkciyi-ziyaret","status":"publish","type":"page","link":"https:\/\/masfed.com.tr\/?page_id=6012","title":{"rendered":"Y\u00d6NET\u0130M KURULU \u00dcYELER\u0130 VE ATO Y\u00d6NET\u0130M\u0130N\u0130N G\u00dcMR\u00dcK VE T\u0130CARET BAKANI SAYIN B\u00dcLENT T\u00dcFENK\u00c7\u0130&#8217;Y\u0130 Z\u0130YARET"},"content":{"rendered":"\t\t<div data-elementor-type=\"wp-page\" data-elementor-id=\"6012\" class=\"elementor elementor-6012\">\n\t\t\t\t\t\t<div class=\"elementor-inner\">\n\t\t\t\t<div class=\"elementor-section-wrap\">\n\t\t\t\t\t\t\t\t\t<section class=\"has_eae_slider elementor-section elementor-top-section elementor-element elementor-element-e54545d elementor-section-boxed elementor-section-height-default elementor-section-height-default\" data-id=\"e54545d\" data-element_type=\"section\">\n\t\t\t\t\t\t<div class=\"elementor-container elementor-column-gap-default\">\n\t\t\t\t\t\t\t<div class=\"elementor-row\">\n\t\t\t\t\t<div class=\"has_eae_slider elementor-column elementor-col-100 elementor-top-column elementor-element elementor-element-fd990e0\" data-id=\"fd990e0\" data-element_type=\"column\">\n\t\t\t<div class=\"elementor-column-wrap elementor-element-populated\">\n\t\t\t\t\t\t\t<div class=\"elementor-widget-wrap\">\n\t\t\t\t\t\t<div class=\"elementor-element elementor-element-b9f0364 elementor-widget elementor-widget-spacer\" data-id=\"b9f0364\" data-element_type=\"widget\" data-widget_type=\"spacer.default\">\n\t\t\t\t<div class=\"elementor-widget-container\">\n\t\t\t<style>\/*! elementor - v3.17.0 - 25-10-2023 *\/\n.elementor-column .elementor-spacer-inner{height:var(--spacer-size)}.e-con{--container-widget-width:100%}.e-con-inner>.elementor-widget-spacer,.e-con>.elementor-widget-spacer{width:var(--container-widget-width,var(--spacer-size));--align-self:var(--container-widget-align-self,initial);--flex-shrink:0}.e-con-inner>.elementor-widget-spacer>.elementor-widget-container,.e-con>.elementor-widget-spacer>.elementor-widget-container{height:100%;width:100%}.e-con-inner>.elementor-widget-spacer>.elementor-widget-container>.elementor-spacer,.e-con>.elementor-widget-spacer>.elementor-widget-container>.elementor-spacer{height:100%}.e-con-inner>.elementor-widget-spacer>.elementor-widget-container>.elementor-spacer>.elementor-spacer-inner,.e-con>.elementor-widget-spacer>.elementor-widget-container>.elementor-spacer>.elementor-spacer-inner{height:var(--container-widget-height,var(--spacer-size))}.e-con-inner>.elementor-widget-spacer.elementor-widget-empty,.e-con>.elementor-widget-spacer.elementor-widget-empty{position:relative;min-height:22px;min-width:22px}.e-con-inner>.elementor-widget-spacer.elementor-widget-empty .elementor-widget-empty-icon,.e-con>.elementor-widget-spacer.elementor-widget-empty .elementor-widget-empty-icon{position:absolute;top:0;bottom:0;left:0;right:0;margin:auto;padding:0;width:22px;height:22px}<\/style>\t\t<div class=\"elementor-spacer\">\n\t\t\t<div class=\"elementor-spacer-inner\"><\/div>\n\t\t<\/div>\n\t\t\t\t<\/div>\n\t\t\t\t<\/div>\n\t\t\t\t<div class=\"elementor-element elementor-element-3f5fee7 elementor-widget elementor-widget-heading\" data-id=\"3f5fee7\" data-element_type=\"widget\" data-widget_type=\"heading.default\">\n\t\t\t\t<div class=\"elementor-widget-container\">\n\t\t\t<style>\/*! elementor - v3.17.0 - 25-10-2023 *\/\n.elementor-heading-title{padding:0;margin:0;line-height:1}.elementor-widget-heading .elementor-heading-title[class*=elementor-size-]>a{color:inherit;font-size:inherit;line-height:inherit}.elementor-widget-heading .elementor-heading-title.elementor-size-small{font-size:15px}.elementor-widget-heading .elementor-heading-title.elementor-size-medium{font-size:19px}.elementor-widget-heading .elementor-heading-title.elementor-size-large{font-size:29px}.elementor-widget-heading .elementor-heading-title.elementor-size-xl{font-size:39px}.elementor-widget-heading .elementor-heading-title.elementor-size-xxl{font-size:59px}<\/style><h2 class=\"elementor-heading-title elementor-size-default\">Y\u00d6NET\u0130M KURULU \u00dcYELER\u0130 VE ATO Y\u00d6NET\u0130M\u0130N\u0130N G\u00dcMR\u00dcK VE T\u0130CARET BAKANI SAYIN B\u00dcLENT T\u00dcFENK\u00c7\u0130'Y\u0130 Z\u0130YARET\n<\/h2>\t\t<\/div>\n\t\t\t\t<\/div>\n\t\t\t\t<div class=\"elementor-element elementor-element-1af251f elementor-widget elementor-widget-spacer\" data-id=\"1af251f\" data-element_type=\"widget\" data-widget_type=\"spacer.default\">\n\t\t\t\t<div class=\"elementor-widget-container\">\n\t\t\t\t\t<div class=\"elementor-spacer\">\n\t\t\t<div class=\"elementor-spacer-inner\"><\/div>\n\t\t<\/div>\n\t\t\t\t<\/div>\n\t\t\t\t<\/div>\n\t\t\t\t\t\t<\/div>\n\t\t\t\t\t<\/div>\n\t\t<\/div>\n\t\t\t\t\t\t\t\t<\/div>\n\t\t\t\t\t<\/div>\n\t\t<\/section>\n\t\t\t\t<section class=\"has_eae_slider elementor-section elementor-top-section elementor-element elementor-element-423d8ed elementor-section-boxed elementor-section-height-default elementor-section-height-default\" data-id=\"423d8ed\" data-element_type=\"section\">\n\t\t\t\t\t\t<div class=\"elementor-container elementor-column-gap-default\">\n\t\t\t\t\t\t\t<div class=\"elementor-row\">\n\t\t\t\t\t<div class=\"has_eae_slider elementor-column elementor-col-100 elementor-top-column elementor-element elementor-element-46a7e85\" data-id=\"46a7e85\" data-element_type=\"column\">\n\t\t\t<div class=\"elementor-column-wrap elementor-element-populated\">\n\t\t\t\t\t\t\t<div class=\"elementor-widget-wrap\">\n\t\t\t\t\t\t<div class=\"elementor-element elementor-element-899c8df gallery-spacing-custom elementor-widget elementor-widget-image-gallery\" data-id=\"899c8df\" data-element_type=\"widget\" data-widget_type=\"image-gallery.default\">\n\t\t\t\t<div class=\"elementor-widget-container\">\n\t\t\t<style>\/*! elementor - v3.17.0 - 25-10-2023 *\/\n.elementor-image-gallery .gallery-item{display:inline-block;text-align:center;vertical-align:top;width:100%;max-width:100%;margin:0 auto}.elementor-image-gallery .gallery-item img{margin:0 auto}.elementor-image-gallery .gallery-item .gallery-caption{margin:0}.elementor-image-gallery figure img{display:block}.elementor-image-gallery figure figcaption{width:100%}.gallery-spacing-custom .elementor-image-gallery .gallery-icon{padding:0}@media (min-width:768px){.elementor-image-gallery .gallery-columns-2 .gallery-item{max-width:50%}.elementor-image-gallery .gallery-columns-3 .gallery-item{max-width:33.33%}.elementor-image-gallery .gallery-columns-4 .gallery-item{max-width:25%}.elementor-image-gallery .gallery-columns-5 .gallery-item{max-width:20%}.elementor-image-gallery .gallery-columns-6 .gallery-item{max-width:16.666%}.elementor-image-gallery .gallery-columns-7 .gallery-item{max-width:14.28%}.elementor-image-gallery .gallery-columns-8 .gallery-item{max-width:12.5%}.elementor-image-gallery .gallery-columns-9 .gallery-item{max-width:11.11%}.elementor-image-gallery .gallery-columns-10 .gallery-item{max-width:10%}}@media (min-width:480px) and (max-width:767px){.elementor-image-gallery .gallery.gallery-columns-2 .gallery-item,.elementor-image-gallery .gallery.gallery-columns-3 .gallery-item,.elementor-image-gallery .gallery.gallery-columns-4 .gallery-item,.elementor-image-gallery .gallery.gallery-columns-5 .gallery-item,.elementor-image-gallery .gallery.gallery-columns-6 .gallery-item,.elementor-image-gallery .gallery.gallery-columns-7 .gallery-item,.elementor-image-gallery .gallery.gallery-columns-8 .gallery-item,.elementor-image-gallery .gallery.gallery-columns-9 .gallery-item,.elementor-image-gallery .gallery.gallery-columns-10 .gallery-item{max-width:50%}}@media (max-width:479px){.elementor-image-gallery .gallery.gallery-columns-2 .gallery-item,.elementor-image-gallery .gallery.gallery-columns-3 .gallery-item,.elementor-image-gallery .gallery.gallery-columns-4 .gallery-item,.elementor-image-gallery .gallery.gallery-columns-5 .gallery-item,.elementor-image-gallery .gallery.gallery-columns-6 .gallery-item,.elementor-image-gallery .gallery.gallery-columns-7 .gallery-item,.elementor-image-gallery .gallery.gallery-columns-8 .gallery-item,.elementor-image-gallery .gallery.gallery-columns-9 .gallery-item,.elementor-image-gallery .gallery.gallery-columns-10 .gallery-item{max-width:100%}}<\/style>\t\t<div class=\"elementor-image-gallery\">\n\t\t\t<div id='gallery-1' class='gallery galleryid-6012 gallery-columns-4 gallery-size-total-portfolio-thumb'><figure class='gallery-item'>\n\t\t\t<div class='gallery-icon landscape'>\n\t\t\t\t<a data-elementor-open-lightbox=\"yes\" data-elementor-lightbox-slideshow=\"899c8df\" data-elementor-lightbox-title=\"0844398001482918969\" data-e-action-hash=\"#elementor-action%3Aaction%3Dlightbox%26settings%3DeyJpZCI6NjA3MCwidXJsIjoiaHR0cHM6XC9cL21hc2ZlZC5jb20udHJcL3dwLWNvbnRlbnRcL3VwbG9hZHNcLzIwMjJcLzA4XC8wODQ0Mzk4MDAxNDgyOTE4OTY5LmpwZyIsInNsaWRlc2hvdyI6Ijg5OWM4ZGYifQ%3D%3D\" href='https:\/\/masfed.com.tr\/wp-content\/uploads\/2022\/08\/0844398001482918969.jpg'><img width=\"400\" height=\"400\" src=\"https:\/\/masfed.com.tr\/wp-content\/uploads\/2022\/08\/0844398001482918969-400x400.jpg\" class=\"attachment-total-portfolio-thumb size-total-portfolio-thumb\" alt=\"\" decoding=\"async\" loading=\"lazy\" srcset=\"https:\/\/masfed.com.tr\/wp-content\/uploads\/2022\/08\/0844398001482918969-400x400.jpg 400w, https:\/\/masfed.com.tr\/wp-content\/uploads\/2022\/08\/0844398001482918969-150x150.jpg 150w, https:\/\/masfed.com.tr\/wp-content\/uploads\/2022\/08\/0844398001482918969-100x100.jpg 100w\" sizes=\"(max-width: 400px) 100vw, 400px\" \/><\/a>\n\t\t\t<\/div><\/figure><figure class='gallery-item'>\n\t\t\t<div class='gallery-icon landscape'>\n\t\t\t\t<a data-elementor-open-lightbox=\"yes\" data-elementor-lightbox-slideshow=\"899c8df\" data-elementor-lightbox-title=\"0973961001482918975\" data-e-action-hash=\"#elementor-action%3Aaction%3Dlightbox%26settings%3DeyJpZCI6NjA3MSwidXJsIjoiaHR0cHM6XC9cL21hc2ZlZC5jb20udHJcL3dwLWNvbnRlbnRcL3VwbG9hZHNcLzIwMjJcLzA4XC8wOTczOTYxMDAxNDgyOTE4OTc1LmpwZyIsInNsaWRlc2hvdyI6Ijg5OWM4ZGYifQ%3D%3D\" href='https:\/\/masfed.com.tr\/wp-content\/uploads\/2022\/08\/0973961001482918975.jpg'><img width=\"400\" height=\"400\" src=\"https:\/\/masfed.com.tr\/wp-content\/uploads\/2022\/08\/0973961001482918975-400x400.jpg\" class=\"attachment-total-portfolio-thumb size-total-portfolio-thumb\" alt=\"\" decoding=\"async\" loading=\"lazy\" srcset=\"https:\/\/masfed.com.tr\/wp-content\/uploads\/2022\/08\/0973961001482918975-400x400.jpg 400w, https:\/\/masfed.com.tr\/wp-content\/uploads\/2022\/08\/0973961001482918975-150x150.jpg 150w, https:\/\/masfed.com.tr\/wp-content\/uploads\/2022\/08\/0973961001482918975-100x100.jpg 100w\" sizes=\"(max-width: 400px) 100vw, 400px\" \/><\/a>\n\t\t\t<\/div><\/figure><figure class='gallery-item'>\n\t\t\t<div class='gallery-icon landscape'>\n\t\t\t\t<a data-elementor-open-lightbox=\"yes\" data-elementor-lightbox-slideshow=\"899c8df\" data-elementor-lightbox-title=\"0994923001482918977\" data-e-action-hash=\"#elementor-action%3Aaction%3Dlightbox%26settings%3DeyJpZCI6NjA3MiwidXJsIjoiaHR0cHM6XC9cL21hc2ZlZC5jb20udHJcL3dwLWNvbnRlbnRcL3VwbG9hZHNcLzIwMjJcLzA4XC8wOTk0OTIzMDAxNDgyOTE4OTc3LmpwZyIsInNsaWRlc2hvdyI6Ijg5OWM4ZGYifQ%3D%3D\" href='https:\/\/masfed.com.tr\/wp-content\/uploads\/2022\/08\/0994923001482918977.jpg'><img width=\"400\" height=\"400\" src=\"https:\/\/masfed.com.tr\/wp-content\/uploads\/2022\/08\/0994923001482918977-400x400.jpg\" class=\"attachment-total-portfolio-thumb size-total-portfolio-thumb\" alt=\"\" decoding=\"async\" loading=\"lazy\" srcset=\"https:\/\/masfed.com.tr\/wp-content\/uploads\/2022\/08\/0994923001482918977-400x400.jpg 400w, https:\/\/masfed.com.tr\/wp-content\/uploads\/2022\/08\/0994923001482918977-150x150.jpg 150w, https:\/\/masfed.com.tr\/wp-content\/uploads\/2022\/08\/0994923001482918977-100x100.jpg 100w\" sizes=\"(max-width: 400px) 100vw, 400px\" \/><\/a>\n\t\t\t<\/div><\/figure><figure class='gallery-item'>\n\t\t\t<div class='gallery-icon landscape'>\n\t\t\t\t<a data-elementor-open-lightbox=\"yes\" data-elementor-lightbox-slideshow=\"899c8df\" data-elementor-lightbox-title=\"0085583001482918974\" data-e-action-hash=\"#elementor-action%3Aaction%3Dlightbox%26settings%3DeyJpZCI6NjA3MywidXJsIjoiaHR0cHM6XC9cL21hc2ZlZC5jb20udHJcL3dwLWNvbnRlbnRcL3VwbG9hZHNcLzIwMjJcLzA4XC8wMDg1NTgzMDAxNDgyOTE4OTc0LmpwZyIsInNsaWRlc2hvdyI6Ijg5OWM4ZGYifQ%3D%3D\" href='https:\/\/masfed.com.tr\/wp-content\/uploads\/2022\/08\/0085583001482918974.jpg'><img width=\"400\" height=\"400\" src=\"https:\/\/masfed.com.tr\/wp-content\/uploads\/2022\/08\/0085583001482918974-400x400.jpg\" class=\"attachment-total-portfolio-thumb size-total-portfolio-thumb\" alt=\"\" decoding=\"async\" loading=\"lazy\" srcset=\"https:\/\/masfed.com.tr\/wp-content\/uploads\/2022\/08\/0085583001482918974-400x400.jpg 400w, https:\/\/masfed.com.tr\/wp-content\/uploads\/2022\/08\/0085583001482918974-150x150.jpg 150w, https:\/\/masfed.com.tr\/wp-content\/uploads\/2022\/08\/0085583001482918974-100x100.jpg 100w\" sizes=\"(max-width: 400px) 100vw, 400px\" \/><\/a>\n\t\t\t<\/div><\/figure><figure class='gallery-item'>\n\t\t\t<div class='gallery-icon landscape'>\n\t\t\t\t<a data-elementor-open-lightbox=\"yes\" data-elementor-lightbox-slideshow=\"899c8df\" data-elementor-lightbox-title=\"0205777001482918972\" data-e-action-hash=\"#elementor-action%3Aaction%3Dlightbox%26settings%3DeyJpZCI6NjA3NCwidXJsIjoiaHR0cHM6XC9cL21hc2ZlZC5jb20udHJcL3dwLWNvbnRlbnRcL3VwbG9hZHNcLzIwMjJcLzA4XC8wMjA1Nzc3MDAxNDgyOTE4OTcyLmpwZyIsInNsaWRlc2hvdyI6Ijg5OWM4ZGYifQ%3D%3D\" href='https:\/\/masfed.com.tr\/wp-content\/uploads\/2022\/08\/0205777001482918972.jpg'><img width=\"400\" height=\"400\" src=\"https:\/\/masfed.com.tr\/wp-content\/uploads\/2022\/08\/0205777001482918972-400x400.jpg\" class=\"attachment-total-portfolio-thumb size-total-portfolio-thumb\" alt=\"\" decoding=\"async\" loading=\"lazy\" srcset=\"https:\/\/masfed.com.tr\/wp-content\/uploads\/2022\/08\/0205777001482918972-400x400.jpg 400w, https:\/\/masfed.com.tr\/wp-content\/uploads\/2022\/08\/0205777001482918972-150x150.jpg 150w, https:\/\/masfed.com.tr\/wp-content\/uploads\/2022\/08\/0205777001482918972-100x100.jpg 100w\" sizes=\"(max-width: 400px) 100vw, 400px\" \/><\/a>\n\t\t\t<\/div><\/figure><figure class='gallery-item'>\n\t\t\t<div class='gallery-icon landscape'>\n\t\t\t\t<a data-elementor-open-lightbox=\"yes\" data-elementor-lightbox-slideshow=\"899c8df\" data-elementor-lightbox-title=\"0387364001482918982\" data-e-action-hash=\"#elementor-action%3Aaction%3Dlightbox%26settings%3DeyJpZCI6NjA3NSwidXJsIjoiaHR0cHM6XC9cL21hc2ZlZC5jb20udHJcL3dwLWNvbnRlbnRcL3VwbG9hZHNcLzIwMjJcLzA4XC8wMzg3MzY0MDAxNDgyOTE4OTgyLmpwZyIsInNsaWRlc2hvdyI6Ijg5OWM4ZGYifQ%3D%3D\" href='https:\/\/masfed.com.tr\/wp-content\/uploads\/2022\/08\/0387364001482918982.jpg'><img width=\"400\" height=\"400\" src=\"https:\/\/masfed.com.tr\/wp-content\/uploads\/2022\/08\/0387364001482918982-400x400.jpg\" class=\"attachment-total-portfolio-thumb size-total-portfolio-thumb\" alt=\"\" decoding=\"async\" loading=\"lazy\" srcset=\"https:\/\/masfed.com.tr\/wp-content\/uploads\/2022\/08\/0387364001482918982-400x400.jpg 400w, https:\/\/masfed.com.tr\/wp-content\/uploads\/2022\/08\/0387364001482918982-150x150.jpg 150w, https:\/\/masfed.com.tr\/wp-content\/uploads\/2022\/08\/0387364001482918982-100x100.jpg 100w\" sizes=\"(max-width: 400px) 100vw, 400px\" \/><\/a>\n\t\t\t<\/div><\/figure>\n\t\t<\/div>\n\t\t<\/div>\n\t\t\t\t<\/div>\n\t\t\t\t<\/div>\n\t\t\t\t\t\t<\/div>\n\t\t\t\t\t<\/div>\n\t\t<\/div>\n\t\t\t\t\t\t\t\t<\/div>\n\t\t\t\t\t<\/div>\n\t\t<\/section>\n\t\t\t\t\t\t\t\t\t<\/div>\n\t\t\t<\/div>\n\t\t\t\t\t<\/div>\n\t\t","protected":false},"excerpt":{"rendered":"<p>Y\u00d6NET\u0130M KURULU \u00dcYELER\u0130 VE ATO Y\u00d6NET\u0130M\u0130N\u0130N G\u00dcMR\u00dcK VE T\u0130CARET BAKANI SAYIN B\u00dcLENT T\u00dcFENK\u00c7\u0130&#8217;Y\u0130 Z\u0130YARET<\/p>\n","protected":false},"author":1,"featured_media":0,"parent":0,"menu_order":0,"comment_status":"closed","ping_status":"closed","template":"","meta":{"ngg_post_thumbnail":0},"yoast_head":"<!-- This site is optimized with the Yoast SEO plugin v21.6 - https:\/\/yoast.com\/wordpress\/plugins\/seo\/ -->\n<title>Y\u00d6NET\u0130M KURULU \u00dcYELER\u0130 VE ATO Y\u00d6NET\u0130M\u0130N\u0130N G\u00dcMR\u00dcK VE T\u0130CARET BAKANI SAYIN B\u00dcLENT T\u00dcFENK\u00c7\u0130&#039;Y\u0130 Z\u0130YARET - Motorlu Ara\u00e7 Sat\u0131c\u0131lar\u0131 Federasyonu MASFED<\/title>\n<meta name=\"robots\" content=\"index, follow, max-snippet:-1, max-image-preview:large, max-video-preview:-1\" \/>\n<link rel=\"canonical\" href=\"https:\/\/masfed.com.tr\/?page_id=6012\" \/>\n<meta property=\"og:locale\" content=\"tr_TR\" \/>\n<meta property=\"og:type\" content=\"article\" \/>\n<meta property=\"og:title\" content=\"Y\u00d6NET\u0130M KURULU \u00dcYELER\u0130 VE ATO Y\u00d6NET\u0130M\u0130N\u0130N G\u00dcMR\u00dcK VE T\u0130CARET BAKANI SAYIN B\u00dcLENT T\u00dcFENK\u00c7\u0130&#039;Y\u0130 Z\u0130YARET - Motorlu Ara\u00e7 Sat\u0131c\u0131lar\u0131 Federasyonu MASFED\" \/>\n<meta property=\"og:description\" content=\"Y\u00d6NET\u0130M KURULU \u00dcYELER\u0130 VE ATO Y\u00d6NET\u0130M\u0130N\u0130N G\u00dcMR\u00dcK VE T\u0130CARET BAKANI SAYIN B\u00dcLENT T\u00dcFENK\u00c7\u0130&#8217;Y\u0130 Z\u0130YARET\" \/>\n<meta property=\"og:url\" content=\"https:\/\/masfed.com.tr\/?page_id=6012\" \/>\n<meta property=\"og:site_name\" content=\"Motorlu Ara\u00e7 Sat\u0131c\u0131lar\u0131 Federasyonu MASFED\" \/>\n<meta property=\"article:publisher\" content=\"https:\/\/www.facebook.com\/MASFED2010\/\" \/>\n<meta property=\"article:modified_time\" content=\"2022-08-15T11:40:48+00:00\" \/>\n<meta property=\"og:image\" content=\"https:\/\/masfed.com.tr\/wp-content\/uploads\/2022\/08\/0844398001482918969-400x400.jpg\" \/>\n<meta name=\"twitter:card\" content=\"summary_large_image\" \/>\n<meta name=\"twitter:site\" content=\"@Masfed2010\" \/>\n<script type=\"application\/ld+json\" class=\"yoast-schema-graph\">{\"@context\":\"https:\/\/schema.org\",\"@graph\":[{\"@type\":\"WebPage\",\"@id\":\"https:\/\/masfed.com.tr\/?page_id=6012\",\"url\":\"https:\/\/masfed.com.tr\/?page_id=6012\",\"name\":\"Y\u00d6NET\u0130M KURULU \u00dcYELER\u0130 VE ATO Y\u00d6NET\u0130M\u0130N\u0130N G\u00dcMR\u00dcK VE T\u0130CARET BAKANI SAYIN B\u00dcLENT T\u00dcFENK\u00c7\u0130'Y\u0130 Z\u0130YARET - Motorlu Ara\u00e7 Sat\u0131c\u0131lar\u0131 Federasyonu MASFED\",\"isPartOf\":{\"@id\":\"https:\/\/masfed.com.tr\/#website\"},\"datePublished\":\"2022-08-15T11:20:26+00:00\",\"dateModified\":\"2022-08-15T11:40:48+00:00\",\"breadcrumb\":{\"@id\":\"https:\/\/masfed.com.tr\/?page_id=6012#breadcrumb\"},\"inLanguage\":\"tr\",\"potentialAction\":[{\"@type\":\"ReadAction\",\"target\":[\"https:\/\/masfed.com.tr\/?page_id=6012\"]}]},{\"@type\":\"BreadcrumbList\",\"@id\":\"https:\/\/masfed.com.tr\/?page_id=6012#breadcrumb\",\"itemListElement\":[{\"@type\":\"ListItem\",\"position\":1,\"name\":\"Anasayfa\",\"item\":\"https:\/\/masfed.com.tr\/\"},{\"@type\":\"ListItem\",\"position\":2,\"name\":\"Y\u00d6NET\u0130M KURULU \u00dcYELER\u0130 VE ATO Y\u00d6NET\u0130M\u0130N\u0130N G\u00dcMR\u00dcK VE T\u0130CARET BAKANI SAYIN B\u00dcLENT T\u00dcFENK\u00c7\u0130&#8217;Y\u0130 Z\u0130YARET\"}]},{\"@type\":\"WebSite\",\"@id\":\"https:\/\/masfed.com.tr\/#website\",\"url\":\"https:\/\/masfed.com.tr\/\",\"name\":\"Motorlu Ara\u00e7 Sat\u0131c\u0131lar\u0131 Federasyonu MASFED\",\"description\":\"\u0130K\u0130NC\u0130 EL OTOMOB\u0130L ALIM-SATIMI YAPAN \u0130K\u0130NC\u0130 EL MOTORLU ARA\u00c7 SATICI KURULU\u015eLARININ TOPLUMUMUZDA VE EKONOM\u0130K FAAL\u0130YETLER\u0130M\u0130ZDE TA\u015eIDI\u011eI \u00d6NEM\u0130N B\u0130L\u0130NC\u0130 \u0130LE MASFED OLARAK \u00dcLKEM\u0130Z, EKONOM\u0130M\u0130Z VE SEKT\u00d6R\u00dcM\u00dcZ \u0130\u00c7\u0130N GEREKL\u0130 OLAN T\u00dcM \u0130MKANLARIMIZ \u0130LE \u00c7ALI\u015eMALARIMIZI, DE\u011eERL\u0130 \u00dcYELER\u0130M\u0130Z\u0130N DE KATILIMLARI \u0130LE S\u00dcRD\u00dcRMEKTEY\u0130Z.\",\"publisher\":{\"@id\":\"https:\/\/masfed.com.tr\/#organization\"},\"potentialAction\":[{\"@type\":\"SearchAction\",\"target\":{\"@type\":\"EntryPoint\",\"urlTemplate\":\"https:\/\/masfed.com.tr\/?s={search_term_string}\"},\"query-input\":\"required name=search_term_string\"}],\"inLanguage\":\"tr\"},{\"@type\":\"Organization\",\"@id\":\"https:\/\/masfed.com.tr\/#organization\",\"name\":\"Motorlu Ara\u00e7 Sat\u0131c\u0131lar\u0131 Federasyonu MASFED\",\"url\":\"https:\/\/masfed.com.tr\/\",\"logo\":{\"@type\":\"ImageObject\",\"inLanguage\":\"tr\",\"@id\":\"https:\/\/masfed.com.tr\/#\/schema\/logo\/image\/\",\"url\":\"https:\/\/masfed.com.tr\/wp-content\/uploads\/2022\/06\/Logo-1.png\",\"contentUrl\":\"https:\/\/masfed.com.tr\/wp-content\/uploads\/2022\/06\/Logo-1.png\",\"width\":863,\"height\":253,\"caption\":\"Motorlu Ara\u00e7 Sat\u0131c\u0131lar\u0131 Federasyonu MASFED\"},\"image\":{\"@id\":\"https:\/\/masfed.com.tr\/#\/schema\/logo\/image\/\"},\"sameAs\":[\"https:\/\/www.facebook.com\/MASFED2010\/\",\"https:\/\/twitter.com\/Masfed2010\",\"https:\/\/www.instagram.com\/masfed.tr\/\",\"https:\/\/www.youtube.com\/channel\/UCOtDLDga6aa9woc5Yk8Rdig\"]}]}<\/script>\n<!-- \/ Yoast SEO plugin. -->","yoast_head_json":{"title":"Y\u00d6NET\u0130M KURULU \u00dcYELER\u0130 VE ATO Y\u00d6NET\u0130M\u0130N\u0130N G\u00dcMR\u00dcK VE T\u0130CARET BAKANI SAYIN B\u00dcLENT T\u00dcFENK\u00c7\u0130'Y\u0130 Z\u0130YARET - Motorlu Ara\u00e7 Sat\u0131c\u0131lar\u0131 Federasyonu MASFED","robots":{"index":"index","follow":"follow","max-snippet":"max-snippet:-1","max-image-preview":"max-image-preview:large","max-video-preview":"max-video-preview:-1"},"canonical":"https:\/\/masfed.com.tr\/?page_id=6012","og_locale":"tr_TR","og_type":"article","og_title":"Y\u00d6NET\u0130M KURULU \u00dcYELER\u0130 VE ATO Y\u00d6NET\u0130M\u0130N\u0130N G\u00dcMR\u00dcK VE T\u0130CARET BAKANI SAYIN B\u00dcLENT T\u00dcFENK\u00c7\u0130'Y\u0130 Z\u0130YARET - Motorlu Ara\u00e7 Sat\u0131c\u0131lar\u0131 Federasyonu MASFED","og_description":"Y\u00d6NET\u0130M KURULU \u00dcYELER\u0130 VE ATO Y\u00d6NET\u0130M\u0130N\u0130N G\u00dcMR\u00dcK VE T\u0130CARET BAKANI SAYIN B\u00dcLENT T\u00dcFENK\u00c7\u0130&#8217;Y\u0130 Z\u0130YARET","og_url":"https:\/\/masfed.com.tr\/?page_id=6012","og_site_name":"Motorlu Ara\u00e7 Sat\u0131c\u0131lar\u0131 Federasyonu MASFED","article_publisher":"https:\/\/www.facebook.com\/MASFED2010\/","article_modified_time":"2022-08-15T11:40:48+00:00","og_image":[{"url":"https:\/\/masfed.com.tr\/wp-content\/uploads\/2022\/08\/0844398001482918969-400x400.jpg"}],"twitter_card":"summary_large_image","twitter_site":"@Masfed2010","schema":{"@context":"https:\/\/schema.org","@graph":[{"@type":"WebPage","@id":"https:\/\/masfed.com.tr\/?page_id=6012","url":"https:\/\/masfed.com.tr\/?page_id=6012","name":"Y\u00d6NET\u0130M KURULU \u00dcYELER\u0130 VE ATO Y\u00d6NET\u0130M\u0130N\u0130N G\u00dcMR\u00dcK VE T\u0130CARET BAKANI SAYIN B\u00dcLENT T\u00dcFENK\u00c7\u0130'Y\u0130 Z\u0130YARET - Motorlu Ara\u00e7 Sat\u0131c\u0131lar\u0131 Federasyonu MASFED","isPartOf":{"@id":"https:\/\/masfed.com.tr\/#website"},"datePublished":"2022-08-15T11:20:26+00:00","dateModified":"2022-08-15T11:40:48+00:00","breadcrumb":{"@id":"https:\/\/masfed.com.tr\/?page_id=6012#breadcrumb"},"inLanguage":"tr","potentialAction":[{"@type":"ReadAction","target":["https:\/\/masfed.com.tr\/?page_id=6012"]}]},{"@type":"BreadcrumbList","@id":"https:\/\/masfed.com.tr\/?page_id=6012#breadcrumb","itemListElement":[{"@type":"ListItem","position":1,"name":"Anasayfa","item":"https:\/\/masfed.com.tr\/"},{"@type":"ListItem","position":2,"name":"Y\u00d6NET\u0130M KURULU \u00dcYELER\u0130 VE ATO Y\u00d6NET\u0130M\u0130N\u0130N G\u00dcMR\u00dcK VE T\u0130CARET BAKANI SAYIN B\u00dcLENT T\u00dcFENK\u00c7\u0130&#8217;Y\u0130 Z\u0130YARET"}]},{"@type":"WebSite","@id":"https:\/\/masfed.com.tr\/#website","url":"https:\/\/masfed.com.tr\/","name":"Motorlu Ara\u00e7 Sat\u0131c\u0131lar\u0131 Federasyonu MASFED","description":"\u0130K\u0130NC\u0130 EL OTOMOB\u0130L ALIM-SATIMI YAPAN \u0130K\u0130NC\u0130 EL MOTORLU ARA\u00c7 SATICI KURULU\u015eLARININ TOPLUMUMUZDA VE EKONOM\u0130K FAAL\u0130YETLER\u0130M\u0130ZDE TA\u015eIDI\u011eI \u00d6NEM\u0130N B\u0130L\u0130NC\u0130 \u0130LE MASFED OLARAK \u00dcLKEM\u0130Z, EKONOM\u0130M\u0130Z VE SEKT\u00d6R\u00dcM\u00dcZ \u0130\u00c7\u0130N GEREKL\u0130 OLAN T\u00dcM \u0130MKANLARIMIZ \u0130LE \u00c7ALI\u015eMALARIMIZI, DE\u011eERL\u0130 \u00dcYELER\u0130M\u0130Z\u0130N DE KATILIMLARI \u0130LE S\u00dcRD\u00dcRMEKTEY\u0130Z.","publisher":{"@id":"https:\/\/masfed.com.tr\/#organization"},"potentialAction":[{"@type":"SearchAction","target":{"@type":"EntryPoint","urlTemplate":"https:\/\/masfed.com.tr\/?s={search_term_string}"},"query-input":"required name=search_term_string"}],"inLanguage":"tr"},{"@type":"Organization","@id":"https:\/\/masfed.com.tr\/#organization","name":"Motorlu Ara\u00e7 Sat\u0131c\u0131lar\u0131 Federasyonu MASFED","url":"https:\/\/masfed.com.tr\/","logo":{"@type":"ImageObject","inLanguage":"tr","@id":"https:\/\/masfed.com.tr\/#\/schema\/logo\/image\/","url":"https:\/\/masfed.com.tr\/wp-content\/uploads\/2022\/06\/Logo-1.png","contentUrl":"https:\/\/masfed.com.tr\/wp-content\/uploads\/2022\/06\/Logo-1.png","width":863,"height":253,"caption":"Motorlu Ara\u00e7 Sat\u0131c\u0131lar\u0131 Federasyonu MASFED"},"image":{"@id":"https:\/\/masfed.com.tr\/#\/schema\/logo\/image\/"},"sameAs":["https:\/\/www.facebook.com\/MASFED2010\/","https:\/\/twitter.com\/Masfed2010","https:\/\/www.instagram.com\/masfed.tr\/","https:\/\/www.youtube.com\/channel\/UCOtDLDga6aa9woc5Yk8Rdig"]}]}},"_links":{"self":[{"href":"https:\/\/masfed.com.tr\/index.php?rest_route=\/wp\/v2\/pages\/6012"}],"collection":[{"href":"https:\/\/masfed.com.tr\/index.php?rest_route=\/wp\/v2\/pages"}],"about":[{"href":"https:\/\/masfed.com.tr\/index.php?rest_route=\/wp\/v2\/types\/page"}],"author":[{"embeddable":true,"href":"https:\/\/masfed.com.tr\/index.php?rest_route=\/wp\/v2\/users\/1"}],"replies":[{"embeddable":true,"href":"https:\/\/masfed.com.tr\/index.php?rest_route=%2Fwp%2Fv2%2Fcomments&post=6012"}],"version-history":[{"count":0,"href":"https:\/\/masfed.com.tr\/index.php?rest_route=\/wp\/v2\/pages\/6012\/revisions"}],"wp:attachment":[{"href":"https:\/\/masfed.com.tr\/index.php?rest_route=%2Fwp%2Fv2%2Fmedia&parent=6012"}],"curies":[{"name":"wp","href":"https:\/\/api.w.org\/{rel}","templated":true}]}}