{"id":6130,"date":"2022-08-15T15:27:37","date_gmt":"2022-08-15T12:27:37","guid":{"rendered":"https:\/\/masfed.com.tr\/?page_id=6130"},"modified":"2022-08-15T15:50:30","modified_gmt":"2022-08-15T12:50:30","slug":"masfed-bod-16-01-2016-tarihli-yonetim-kurulu-toplantilari","status":"publish","type":"page","link":"https:\/\/masfed.com.tr\/?page_id=6130","title":{"rendered":"MASFED-BOD 16.01.2016 TAR\u0130HL\u0130 Y\u00d6NET\u0130M KURULU TOPLANTILARI"},"content":{"rendered":"\t\t<div data-elementor-type=\"wp-page\" data-elementor-id=\"6130\" class=\"elementor elementor-6130\">\n\t\t\t\t\t\t<div class=\"elementor-inner\">\n\t\t\t\t<div class=\"elementor-section-wrap\">\n\t\t\t\t\t\t\t\t\t<section class=\"has_eae_slider elementor-section elementor-top-section elementor-element elementor-element-1079db3 elementor-section-boxed elementor-section-height-default elementor-section-height-default\" data-id=\"1079db3\" data-element_type=\"section\">\n\t\t\t\t\t\t<div class=\"elementor-container elementor-column-gap-default\">\n\t\t\t\t\t\t\t<div class=\"elementor-row\">\n\t\t\t\t\t<div class=\"has_eae_slider elementor-column elementor-col-100 elementor-top-column elementor-element elementor-element-7d65d8c\" data-id=\"7d65d8c\" data-element_type=\"column\">\n\t\t\t<div class=\"elementor-column-wrap elementor-element-populated\">\n\t\t\t\t\t\t\t<div class=\"elementor-widget-wrap\">\n\t\t\t\t\t\t<div class=\"elementor-element elementor-element-61f1221 elementor-widget elementor-widget-spacer\" data-id=\"61f1221\" data-element_type=\"widget\" data-widget_type=\"spacer.default\">\n\t\t\t\t<div class=\"elementor-widget-container\">\n\t\t\t<style>\/*! elementor - v3.17.0 - 25-10-2023 *\/\n.elementor-column .elementor-spacer-inner{height:var(--spacer-size)}.e-con{--container-widget-width:100%}.e-con-inner>.elementor-widget-spacer,.e-con>.elementor-widget-spacer{width:var(--container-widget-width,var(--spacer-size));--align-self:var(--container-widget-align-self,initial);--flex-shrink:0}.e-con-inner>.elementor-widget-spacer>.elementor-widget-container,.e-con>.elementor-widget-spacer>.elementor-widget-container{height:100%;width:100%}.e-con-inner>.elementor-widget-spacer>.elementor-widget-container>.elementor-spacer,.e-con>.elementor-widget-spacer>.elementor-widget-container>.elementor-spacer{height:100%}.e-con-inner>.elementor-widget-spacer>.elementor-widget-container>.elementor-spacer>.elementor-spacer-inner,.e-con>.elementor-widget-spacer>.elementor-widget-container>.elementor-spacer>.elementor-spacer-inner{height:var(--container-widget-height,var(--spacer-size))}.e-con-inner>.elementor-widget-spacer.elementor-widget-empty,.e-con>.elementor-widget-spacer.elementor-widget-empty{position:relative;min-height:22px;min-width:22px}.e-con-inner>.elementor-widget-spacer.elementor-widget-empty .elementor-widget-empty-icon,.e-con>.elementor-widget-spacer.elementor-widget-empty .elementor-widget-empty-icon{position:absolute;top:0;bottom:0;left:0;right:0;margin:auto;padding:0;width:22px;height:22px}<\/style>\t\t<div class=\"elementor-spacer\">\n\t\t\t<div class=\"elementor-spacer-inner\"><\/div>\n\t\t<\/div>\n\t\t\t\t<\/div>\n\t\t\t\t<\/div>\n\t\t\t\t<div class=\"elementor-element elementor-element-808ba53 elementor-widget elementor-widget-heading\" data-id=\"808ba53\" data-element_type=\"widget\" data-widget_type=\"heading.default\">\n\t\t\t\t<div class=\"elementor-widget-container\">\n\t\t\t<style>\/*! elementor - v3.17.0 - 25-10-2023 *\/\n.elementor-heading-title{padding:0;margin:0;line-height:1}.elementor-widget-heading .elementor-heading-title[class*=elementor-size-]>a{color:inherit;font-size:inherit;line-height:inherit}.elementor-widget-heading .elementor-heading-title.elementor-size-small{font-size:15px}.elementor-widget-heading .elementor-heading-title.elementor-size-medium{font-size:19px}.elementor-widget-heading .elementor-heading-title.elementor-size-large{font-size:29px}.elementor-widget-heading .elementor-heading-title.elementor-size-xl{font-size:39px}.elementor-widget-heading .elementor-heading-title.elementor-size-xxl{font-size:59px}<\/style><h2 class=\"elementor-heading-title elementor-size-default\">MASFED-BOD 16.01.2016 TAR\u0130HL\u0130 Y\u00d6NET\u0130M KURULU TOPLANTILARI<\/h2>\t\t<\/div>\n\t\t\t\t<\/div>\n\t\t\t\t<div class=\"elementor-element elementor-element-9b922af elementor-widget elementor-widget-spacer\" data-id=\"9b922af\" data-element_type=\"widget\" data-widget_type=\"spacer.default\">\n\t\t\t\t<div class=\"elementor-widget-container\">\n\t\t\t\t\t<div class=\"elementor-spacer\">\n\t\t\t<div class=\"elementor-spacer-inner\"><\/div>\n\t\t<\/div>\n\t\t\t\t<\/div>\n\t\t\t\t<\/div>\n\t\t\t\t<div class=\"elementor-element elementor-element-d6ac4f4 gallery-spacing-custom elementor-widget elementor-widget-image-gallery\" data-id=\"d6ac4f4\" data-element_type=\"widget\" data-widget_type=\"image-gallery.default\">\n\t\t\t\t<div class=\"elementor-widget-container\">\n\t\t\t<style>\/*! elementor - v3.17.0 - 25-10-2023 *\/\n.elementor-image-gallery .gallery-item{display:inline-block;text-align:center;vertical-align:top;width:100%;max-width:100%;margin:0 auto}.elementor-image-gallery .gallery-item img{margin:0 auto}.elementor-image-gallery .gallery-item .gallery-caption{margin:0}.elementor-image-gallery figure img{display:block}.elementor-image-gallery figure figcaption{width:100%}.gallery-spacing-custom .elementor-image-gallery .gallery-icon{padding:0}@media (min-width:768px){.elementor-image-gallery .gallery-columns-2 .gallery-item{max-width:50%}.elementor-image-gallery .gallery-columns-3 .gallery-item{max-width:33.33%}.elementor-image-gallery .gallery-columns-4 .gallery-item{max-width:25%}.elementor-image-gallery .gallery-columns-5 .gallery-item{max-width:20%}.elementor-image-gallery .gallery-columns-6 .gallery-item{max-width:16.666%}.elementor-image-gallery .gallery-columns-7 .gallery-item{max-width:14.28%}.elementor-image-gallery .gallery-columns-8 .gallery-item{max-width:12.5%}.elementor-image-gallery .gallery-columns-9 .gallery-item{max-width:11.11%}.elementor-image-gallery .gallery-columns-10 .gallery-item{max-width:10%}}@media (min-width:480px) and (max-width:767px){.elementor-image-gallery .gallery.gallery-columns-2 .gallery-item,.elementor-image-gallery .gallery.gallery-columns-3 .gallery-item,.elementor-image-gallery .gallery.gallery-columns-4 .gallery-item,.elementor-image-gallery .gallery.gallery-columns-5 .gallery-item,.elementor-image-gallery .gallery.gallery-columns-6 .gallery-item,.elementor-image-gallery .gallery.gallery-columns-7 .gallery-item,.elementor-image-gallery .gallery.gallery-columns-8 .gallery-item,.elementor-image-gallery .gallery.gallery-columns-9 .gallery-item,.elementor-image-gallery .gallery.gallery-columns-10 .gallery-item{max-width:50%}}@media (max-width:479px){.elementor-image-gallery .gallery.gallery-columns-2 .gallery-item,.elementor-image-gallery .gallery.gallery-columns-3 .gallery-item,.elementor-image-gallery .gallery.gallery-columns-4 .gallery-item,.elementor-image-gallery .gallery.gallery-columns-5 .gallery-item,.elementor-image-gallery .gallery.gallery-columns-6 .gallery-item,.elementor-image-gallery .gallery.gallery-columns-7 .gallery-item,.elementor-image-gallery .gallery.gallery-columns-8 .gallery-item,.elementor-image-gallery .gallery.gallery-columns-9 .gallery-item,.elementor-image-gallery .gallery.gallery-columns-10 .gallery-item{max-width:100%}}<\/style>\t\t<div class=\"elementor-image-gallery\">\n\t\t\t<div id='gallery-1' class='gallery galleryid-6130 gallery-columns-4 gallery-size-total-portfolio-thumb'><figure class='gallery-item'>\n\t\t\t<div class='gallery-icon landscape'>\n\t\t\t\t<a data-elementor-open-lightbox=\"yes\" data-elementor-lightbox-slideshow=\"d6ac4f4\" data-elementor-lightbox-title=\"0855935001482919902\" data-e-action-hash=\"#elementor-action%3Aaction%3Dlightbox%26settings%3DeyJpZCI6NjE4NywidXJsIjoiaHR0cHM6XC9cL21hc2ZlZC5jb20udHJcL3dwLWNvbnRlbnRcL3VwbG9hZHNcLzIwMjJcLzA4XC8wODU1OTM1MDAxNDgyOTE5OTAyLmpwZyIsInNsaWRlc2hvdyI6ImQ2YWM0ZjQifQ%3D%3D\" href='https:\/\/masfed.com.tr\/wp-content\/uploads\/2022\/08\/0855935001482919902.jpg'><img width=\"400\" height=\"400\" src=\"https:\/\/masfed.com.tr\/wp-content\/uploads\/2022\/08\/0855935001482919902-400x400.jpg\" class=\"attachment-total-portfolio-thumb size-total-portfolio-thumb\" alt=\"\" decoding=\"async\" loading=\"lazy\" srcset=\"https:\/\/masfed.com.tr\/wp-content\/uploads\/2022\/08\/0855935001482919902-400x400.jpg 400w, https:\/\/masfed.com.tr\/wp-content\/uploads\/2022\/08\/0855935001482919902-150x150.jpg 150w, https:\/\/masfed.com.tr\/wp-content\/uploads\/2022\/08\/0855935001482919902-100x100.jpg 100w\" sizes=\"(max-width: 400px) 100vw, 400px\" \/><\/a>\n\t\t\t<\/div><\/figure><figure class='gallery-item'>\n\t\t\t<div class='gallery-icon landscape'>\n\t\t\t\t<a data-elementor-open-lightbox=\"yes\" data-elementor-lightbox-slideshow=\"d6ac4f4\" data-elementor-lightbox-title=\"0053008001482919899\" data-e-action-hash=\"#elementor-action%3Aaction%3Dlightbox%26settings%3DeyJpZCI6NjE4OCwidXJsIjoiaHR0cHM6XC9cL21hc2ZlZC5jb20udHJcL3dwLWNvbnRlbnRcL3VwbG9hZHNcLzIwMjJcLzA4XC8wMDUzMDA4MDAxNDgyOTE5ODk5LmpwZyIsInNsaWRlc2hvdyI6ImQ2YWM0ZjQifQ%3D%3D\" href='https:\/\/masfed.com.tr\/wp-content\/uploads\/2022\/08\/0053008001482919899.jpg'><img width=\"400\" height=\"400\" src=\"https:\/\/masfed.com.tr\/wp-content\/uploads\/2022\/08\/0053008001482919899-400x400.jpg\" class=\"attachment-total-portfolio-thumb size-total-portfolio-thumb\" alt=\"\" decoding=\"async\" loading=\"lazy\" srcset=\"https:\/\/masfed.com.tr\/wp-content\/uploads\/2022\/08\/0053008001482919899-400x400.jpg 400w, https:\/\/masfed.com.tr\/wp-content\/uploads\/2022\/08\/0053008001482919899-150x150.jpg 150w, https:\/\/masfed.com.tr\/wp-content\/uploads\/2022\/08\/0053008001482919899-100x100.jpg 100w\" sizes=\"(max-width: 400px) 100vw, 400px\" \/><\/a>\n\t\t\t<\/div><\/figure><figure class='gallery-item'>\n\t\t\t<div class='gallery-icon landscape'>\n\t\t\t\t<a data-elementor-open-lightbox=\"yes\" data-elementor-lightbox-slideshow=\"d6ac4f4\" data-elementor-lightbox-title=\"0436660001482919896\" data-e-action-hash=\"#elementor-action%3Aaction%3Dlightbox%26settings%3DeyJpZCI6NjE4OSwidXJsIjoiaHR0cHM6XC9cL21hc2ZlZC5jb20udHJcL3dwLWNvbnRlbnRcL3VwbG9hZHNcLzIwMjJcLzA4XC8wNDM2NjYwMDAxNDgyOTE5ODk2LmpwZyIsInNsaWRlc2hvdyI6ImQ2YWM0ZjQifQ%3D%3D\" href='https:\/\/masfed.com.tr\/wp-content\/uploads\/2022\/08\/0436660001482919896.jpg'><img width=\"400\" height=\"400\" src=\"https:\/\/masfed.com.tr\/wp-content\/uploads\/2022\/08\/0436660001482919896-400x400.jpg\" class=\"attachment-total-portfolio-thumb size-total-portfolio-thumb\" alt=\"\" decoding=\"async\" loading=\"lazy\" srcset=\"https:\/\/masfed.com.tr\/wp-content\/uploads\/2022\/08\/0436660001482919896-400x400.jpg 400w, https:\/\/masfed.com.tr\/wp-content\/uploads\/2022\/08\/0436660001482919896-150x150.jpg 150w, https:\/\/masfed.com.tr\/wp-content\/uploads\/2022\/08\/0436660001482919896-100x100.jpg 100w\" sizes=\"(max-width: 400px) 100vw, 400px\" \/><\/a>\n\t\t\t<\/div><\/figure><figure class='gallery-item'>\n\t\t\t<div class='gallery-icon landscape'>\n\t\t\t\t<a data-elementor-open-lightbox=\"yes\" data-elementor-lightbox-slideshow=\"d6ac4f4\" data-elementor-lightbox-title=\"0493070001482919900\" data-e-action-hash=\"#elementor-action%3Aaction%3Dlightbox%26settings%3DeyJpZCI6NjE5MCwidXJsIjoiaHR0cHM6XC9cL21hc2ZlZC5jb20udHJcL3dwLWNvbnRlbnRcL3VwbG9hZHNcLzIwMjJcLzA4XC8wNDkzMDcwMDAxNDgyOTE5OTAwLmpwZyIsInNsaWRlc2hvdyI6ImQ2YWM0ZjQifQ%3D%3D\" href='https:\/\/masfed.com.tr\/wp-content\/uploads\/2022\/08\/0493070001482919900.jpg'><img width=\"400\" height=\"400\" src=\"https:\/\/masfed.com.tr\/wp-content\/uploads\/2022\/08\/0493070001482919900-400x400.jpg\" class=\"attachment-total-portfolio-thumb size-total-portfolio-thumb\" alt=\"\" decoding=\"async\" loading=\"lazy\" srcset=\"https:\/\/masfed.com.tr\/wp-content\/uploads\/2022\/08\/0493070001482919900-400x400.jpg 400w, https:\/\/masfed.com.tr\/wp-content\/uploads\/2022\/08\/0493070001482919900-150x150.jpg 150w, https:\/\/masfed.com.tr\/wp-content\/uploads\/2022\/08\/0493070001482919900-100x100.jpg 100w\" sizes=\"(max-width: 400px) 100vw, 400px\" \/><\/a>\n\t\t\t<\/div><\/figure><figure class='gallery-item'>\n\t\t\t<div class='gallery-icon landscape'>\n\t\t\t\t<a data-elementor-open-lightbox=\"yes\" data-elementor-lightbox-slideshow=\"d6ac4f4\" data-elementor-lightbox-title=\"0622015001482919895\" data-e-action-hash=\"#elementor-action%3Aaction%3Dlightbox%26settings%3DeyJpZCI6NjE5MSwidXJsIjoiaHR0cHM6XC9cL21hc2ZlZC5jb20udHJcL3dwLWNvbnRlbnRcL3VwbG9hZHNcLzIwMjJcLzA4XC8wNjIyMDE1MDAxNDgyOTE5ODk1LmpwZyIsInNsaWRlc2hvdyI6ImQ2YWM0ZjQifQ%3D%3D\" href='https:\/\/masfed.com.tr\/wp-content\/uploads\/2022\/08\/0622015001482919895.jpg'><img width=\"400\" height=\"400\" src=\"https:\/\/masfed.com.tr\/wp-content\/uploads\/2022\/08\/0622015001482919895-400x400.jpg\" class=\"attachment-total-portfolio-thumb size-total-portfolio-thumb\" alt=\"\" decoding=\"async\" loading=\"lazy\" srcset=\"https:\/\/masfed.com.tr\/wp-content\/uploads\/2022\/08\/0622015001482919895-400x400.jpg 400w, https:\/\/masfed.com.tr\/wp-content\/uploads\/2022\/08\/0622015001482919895-150x150.jpg 150w, https:\/\/masfed.com.tr\/wp-content\/uploads\/2022\/08\/0622015001482919895-100x100.jpg 100w\" sizes=\"(max-width: 400px) 100vw, 400px\" \/><\/a>\n\t\t\t<\/div><\/figure><figure class='gallery-item'>\n\t\t\t<div class='gallery-icon landscape'>\n\t\t\t\t<a data-elementor-open-lightbox=\"yes\" data-elementor-lightbox-slideshow=\"d6ac4f4\" data-elementor-lightbox-title=\"0644416001482919897\" data-e-action-hash=\"#elementor-action%3Aaction%3Dlightbox%26settings%3DeyJpZCI6NjE5MiwidXJsIjoiaHR0cHM6XC9cL21hc2ZlZC5jb20udHJcL3dwLWNvbnRlbnRcL3VwbG9hZHNcLzIwMjJcLzA4XC8wNjQ0NDE2MDAxNDgyOTE5ODk3LmpwZyIsInNsaWRlc2hvdyI6ImQ2YWM0ZjQifQ%3D%3D\" href='https:\/\/masfed.com.tr\/wp-content\/uploads\/2022\/08\/0644416001482919897.jpg'><img width=\"400\" height=\"400\" src=\"https:\/\/masfed.com.tr\/wp-content\/uploads\/2022\/08\/0644416001482919897-400x400.jpg\" class=\"attachment-total-portfolio-thumb size-total-portfolio-thumb\" alt=\"\" decoding=\"async\" loading=\"lazy\" srcset=\"https:\/\/masfed.com.tr\/wp-content\/uploads\/2022\/08\/0644416001482919897-400x400.jpg 400w, https:\/\/masfed.com.tr\/wp-content\/uploads\/2022\/08\/0644416001482919897-150x150.jpg 150w, https:\/\/masfed.com.tr\/wp-content\/uploads\/2022\/08\/0644416001482919897-100x100.jpg 100w\" sizes=\"(max-width: 400px) 100vw, 400px\" \/><\/a>\n\t\t\t<\/div><\/figure>\n\t\t<\/div>\n\t\t<\/div>\n\t\t\t\t<\/div>\n\t\t\t\t<\/div>\n\t\t\t\t\t\t<\/div>\n\t\t\t\t\t<\/div>\n\t\t<\/div>\n\t\t\t\t\t\t\t\t<\/div>\n\t\t\t\t\t<\/div>\n\t\t<\/section>\n\t\t\t\t\t\t\t\t\t<\/div>\n\t\t\t<\/div>\n\t\t\t\t\t<\/div>\n\t\t","protected":false},"excerpt":{"rendered":"<p>MASFED-BOD 16.01.2016 TAR\u0130HL\u0130 Y\u00d6NET\u0130M KURULU TOPLANTILARI<\/p>\n","protected":false},"author":1,"featured_media":0,"parent":0,"menu_order":0,"comment_status":"closed","ping_status":"closed","template":"","meta":{"ngg_post_thumbnail":0},"yoast_head":"<!-- This site is optimized with the Yoast SEO plugin v21.6 - https:\/\/yoast.com\/wordpress\/plugins\/seo\/ -->\n<title>MASFED-BOD 16.01.2016 TAR\u0130HL\u0130 Y\u00d6NET\u0130M KURULU TOPLANTILARI - Motorlu Ara\u00e7 Sat\u0131c\u0131lar\u0131 Federasyonu MASFED<\/title>\n<meta name=\"robots\" content=\"index, follow, max-snippet:-1, max-image-preview:large, max-video-preview:-1\" \/>\n<link rel=\"canonical\" href=\"https:\/\/masfed.com.tr\/?page_id=6130\" \/>\n<meta property=\"og:locale\" content=\"tr_TR\" \/>\n<meta property=\"og:type\" content=\"article\" \/>\n<meta property=\"og:title\" content=\"MASFED-BOD 16.01.2016 TAR\u0130HL\u0130 Y\u00d6NET\u0130M KURULU TOPLANTILARI - Motorlu Ara\u00e7 Sat\u0131c\u0131lar\u0131 Federasyonu MASFED\" \/>\n<meta property=\"og:description\" content=\"MASFED-BOD 16.01.2016 TAR\u0130HL\u0130 Y\u00d6NET\u0130M KURULU TOPLANTILARI\" \/>\n<meta property=\"og:url\" content=\"https:\/\/masfed.com.tr\/?page_id=6130\" \/>\n<meta property=\"og:site_name\" content=\"Motorlu Ara\u00e7 Sat\u0131c\u0131lar\u0131 Federasyonu MASFED\" \/>\n<meta property=\"article:publisher\" content=\"https:\/\/www.facebook.com\/MASFED2010\/\" \/>\n<meta property=\"article:modified_time\" content=\"2022-08-15T12:50:30+00:00\" \/>\n<meta property=\"og:image\" content=\"https:\/\/masfed.com.tr\/wp-content\/uploads\/2022\/08\/0855935001482919902-400x400.jpg\" \/>\n<meta name=\"twitter:card\" content=\"summary_large_image\" \/>\n<meta name=\"twitter:site\" content=\"@Masfed2010\" \/>\n<script type=\"application\/ld+json\" class=\"yoast-schema-graph\">{\"@context\":\"https:\/\/schema.org\",\"@graph\":[{\"@type\":\"WebPage\",\"@id\":\"https:\/\/masfed.com.tr\/?page_id=6130\",\"url\":\"https:\/\/masfed.com.tr\/?page_id=6130\",\"name\":\"MASFED-BOD 16.01.2016 TAR\u0130HL\u0130 Y\u00d6NET\u0130M KURULU TOPLANTILARI - Motorlu Ara\u00e7 Sat\u0131c\u0131lar\u0131 Federasyonu MASFED\",\"isPartOf\":{\"@id\":\"https:\/\/masfed.com.tr\/#website\"},\"datePublished\":\"2022-08-15T12:27:37+00:00\",\"dateModified\":\"2022-08-15T12:50:30+00:00\",\"breadcrumb\":{\"@id\":\"https:\/\/masfed.com.tr\/?page_id=6130#breadcrumb\"},\"inLanguage\":\"tr\",\"potentialAction\":[{\"@type\":\"ReadAction\",\"target\":[\"https:\/\/masfed.com.tr\/?page_id=6130\"]}]},{\"@type\":\"BreadcrumbList\",\"@id\":\"https:\/\/masfed.com.tr\/?page_id=6130#breadcrumb\",\"itemListElement\":[{\"@type\":\"ListItem\",\"position\":1,\"name\":\"Anasayfa\",\"item\":\"https:\/\/masfed.com.tr\/\"},{\"@type\":\"ListItem\",\"position\":2,\"name\":\"MASFED-BOD 16.01.2016 TAR\u0130HL\u0130 Y\u00d6NET\u0130M KURULU TOPLANTILARI\"}]},{\"@type\":\"WebSite\",\"@id\":\"https:\/\/masfed.com.tr\/#website\",\"url\":\"https:\/\/masfed.com.tr\/\",\"name\":\"Motorlu Ara\u00e7 Sat\u0131c\u0131lar\u0131 Federasyonu MASFED\",\"description\":\"\u0130K\u0130NC\u0130 EL OTOMOB\u0130L ALIM-SATIMI YAPAN \u0130K\u0130NC\u0130 EL MOTORLU ARA\u00c7 SATICI KURULU\u015eLARININ TOPLUMUMUZDA VE EKONOM\u0130K FAAL\u0130YETLER\u0130M\u0130ZDE TA\u015eIDI\u011eI \u00d6NEM\u0130N B\u0130L\u0130NC\u0130 \u0130LE MASFED OLARAK \u00dcLKEM\u0130Z, EKONOM\u0130M\u0130Z VE SEKT\u00d6R\u00dcM\u00dcZ \u0130\u00c7\u0130N GEREKL\u0130 OLAN T\u00dcM \u0130MKANLARIMIZ \u0130LE \u00c7ALI\u015eMALARIMIZI, DE\u011eERL\u0130 \u00dcYELER\u0130M\u0130Z\u0130N DE KATILIMLARI \u0130LE S\u00dcRD\u00dcRMEKTEY\u0130Z.\",\"publisher\":{\"@id\":\"https:\/\/masfed.com.tr\/#organization\"},\"potentialAction\":[{\"@type\":\"SearchAction\",\"target\":{\"@type\":\"EntryPoint\",\"urlTemplate\":\"https:\/\/masfed.com.tr\/?s={search_term_string}\"},\"query-input\":\"required name=search_term_string\"}],\"inLanguage\":\"tr\"},{\"@type\":\"Organization\",\"@id\":\"https:\/\/masfed.com.tr\/#organization\",\"name\":\"Motorlu Ara\u00e7 Sat\u0131c\u0131lar\u0131 Federasyonu MASFED\",\"url\":\"https:\/\/masfed.com.tr\/\",\"logo\":{\"@type\":\"ImageObject\",\"inLanguage\":\"tr\",\"@id\":\"https:\/\/masfed.com.tr\/#\/schema\/logo\/image\/\",\"url\":\"https:\/\/masfed.com.tr\/wp-content\/uploads\/2022\/06\/Logo-1.png\",\"contentUrl\":\"https:\/\/masfed.com.tr\/wp-content\/uploads\/2022\/06\/Logo-1.png\",\"width\":863,\"height\":253,\"caption\":\"Motorlu Ara\u00e7 Sat\u0131c\u0131lar\u0131 Federasyonu MASFED\"},\"image\":{\"@id\":\"https:\/\/masfed.com.tr\/#\/schema\/logo\/image\/\"},\"sameAs\":[\"https:\/\/www.facebook.com\/MASFED2010\/\",\"https:\/\/twitter.com\/Masfed2010\",\"https:\/\/www.instagram.com\/masfed.tr\/\",\"https:\/\/www.youtube.com\/channel\/UCOtDLDga6aa9woc5Yk8Rdig\"]}]}<\/script>\n<!-- \/ Yoast SEO plugin. -->","yoast_head_json":{"title":"MASFED-BOD 16.01.2016 TAR\u0130HL\u0130 Y\u00d6NET\u0130M KURULU TOPLANTILARI - Motorlu Ara\u00e7 Sat\u0131c\u0131lar\u0131 Federasyonu MASFED","robots":{"index":"index","follow":"follow","max-snippet":"max-snippet:-1","max-image-preview":"max-image-preview:large","max-video-preview":"max-video-preview:-1"},"canonical":"https:\/\/masfed.com.tr\/?page_id=6130","og_locale":"tr_TR","og_type":"article","og_title":"MASFED-BOD 16.01.2016 TAR\u0130HL\u0130 Y\u00d6NET\u0130M KURULU TOPLANTILARI - Motorlu Ara\u00e7 Sat\u0131c\u0131lar\u0131 Federasyonu MASFED","og_description":"MASFED-BOD 16.01.2016 TAR\u0130HL\u0130 Y\u00d6NET\u0130M KURULU TOPLANTILARI","og_url":"https:\/\/masfed.com.tr\/?page_id=6130","og_site_name":"Motorlu Ara\u00e7 Sat\u0131c\u0131lar\u0131 Federasyonu MASFED","article_publisher":"https:\/\/www.facebook.com\/MASFED2010\/","article_modified_time":"2022-08-15T12:50:30+00:00","og_image":[{"url":"https:\/\/masfed.com.tr\/wp-content\/uploads\/2022\/08\/0855935001482919902-400x400.jpg"}],"twitter_card":"summary_large_image","twitter_site":"@Masfed2010","schema":{"@context":"https:\/\/schema.org","@graph":[{"@type":"WebPage","@id":"https:\/\/masfed.com.tr\/?page_id=6130","url":"https:\/\/masfed.com.tr\/?page_id=6130","name":"MASFED-BOD 16.01.2016 TAR\u0130HL\u0130 Y\u00d6NET\u0130M KURULU TOPLANTILARI - Motorlu Ara\u00e7 Sat\u0131c\u0131lar\u0131 Federasyonu MASFED","isPartOf":{"@id":"https:\/\/masfed.com.tr\/#website"},"datePublished":"2022-08-15T12:27:37+00:00","dateModified":"2022-08-15T12:50:30+00:00","breadcrumb":{"@id":"https:\/\/masfed.com.tr\/?page_id=6130#breadcrumb"},"inLanguage":"tr","potentialAction":[{"@type":"ReadAction","target":["https:\/\/masfed.com.tr\/?page_id=6130"]}]},{"@type":"BreadcrumbList","@id":"https:\/\/masfed.com.tr\/?page_id=6130#breadcrumb","itemListElement":[{"@type":"ListItem","position":1,"name":"Anasayfa","item":"https:\/\/masfed.com.tr\/"},{"@type":"ListItem","position":2,"name":"MASFED-BOD 16.01.2016 TAR\u0130HL\u0130 Y\u00d6NET\u0130M KURULU TOPLANTILARI"}]},{"@type":"WebSite","@id":"https:\/\/masfed.com.tr\/#website","url":"https:\/\/masfed.com.tr\/","name":"Motorlu Ara\u00e7 Sat\u0131c\u0131lar\u0131 Federasyonu MASFED","description":"\u0130K\u0130NC\u0130 EL OTOMOB\u0130L ALIM-SATIMI YAPAN \u0130K\u0130NC\u0130 EL MOTORLU ARA\u00c7 SATICI KURULU\u015eLARININ TOPLUMUMUZDA VE EKONOM\u0130K FAAL\u0130YETLER\u0130M\u0130ZDE TA\u015eIDI\u011eI \u00d6NEM\u0130N B\u0130L\u0130NC\u0130 \u0130LE MASFED OLARAK \u00dcLKEM\u0130Z, EKONOM\u0130M\u0130Z VE SEKT\u00d6R\u00dcM\u00dcZ \u0130\u00c7\u0130N GEREKL\u0130 OLAN T\u00dcM \u0130MKANLARIMIZ \u0130LE \u00c7ALI\u015eMALARIMIZI, DE\u011eERL\u0130 \u00dcYELER\u0130M\u0130Z\u0130N DE KATILIMLARI \u0130LE S\u00dcRD\u00dcRMEKTEY\u0130Z.","publisher":{"@id":"https:\/\/masfed.com.tr\/#organization"},"potentialAction":[{"@type":"SearchAction","target":{"@type":"EntryPoint","urlTemplate":"https:\/\/masfed.com.tr\/?s={search_term_string}"},"query-input":"required name=search_term_string"}],"inLanguage":"tr"},{"@type":"Organization","@id":"https:\/\/masfed.com.tr\/#organization","name":"Motorlu Ara\u00e7 Sat\u0131c\u0131lar\u0131 Federasyonu MASFED","url":"https:\/\/masfed.com.tr\/","logo":{"@type":"ImageObject","inLanguage":"tr","@id":"https:\/\/masfed.com.tr\/#\/schema\/logo\/image\/","url":"https:\/\/masfed.com.tr\/wp-content\/uploads\/2022\/06\/Logo-1.png","contentUrl":"https:\/\/masfed.com.tr\/wp-content\/uploads\/2022\/06\/Logo-1.png","width":863,"height":253,"caption":"Motorlu Ara\u00e7 Sat\u0131c\u0131lar\u0131 Federasyonu MASFED"},"image":{"@id":"https:\/\/masfed.com.tr\/#\/schema\/logo\/image\/"},"sameAs":["https:\/\/www.facebook.com\/MASFED2010\/","https:\/\/twitter.com\/Masfed2010","https:\/\/www.instagram.com\/masfed.tr\/","https:\/\/www.youtube.com\/channel\/UCOtDLDga6aa9woc5Yk8Rdig"]}]}},"_links":{"self":[{"href":"https:\/\/masfed.com.tr\/index.php?rest_route=\/wp\/v2\/pages\/6130"}],"collection":[{"href":"https:\/\/masfed.com.tr\/index.php?rest_route=\/wp\/v2\/pages"}],"about":[{"href":"https:\/\/masfed.com.tr\/index.php?rest_route=\/wp\/v2\/types\/page"}],"author":[{"embeddable":true,"href":"https:\/\/masfed.com.tr\/index.php?rest_route=\/wp\/v2\/users\/1"}],"replies":[{"embeddable":true,"href":"https:\/\/masfed.com.tr\/index.php?rest_route=%2Fwp%2Fv2%2Fcomments&post=6130"}],"version-history":[{"count":0,"href":"https:\/\/masfed.com.tr\/index.php?rest_route=\/wp\/v2\/pages\/6130\/revisions"}],"wp:attachment":[{"href":"https:\/\/masfed.com.tr\/index.php?rest_route=%2Fwp%2Fv2%2Fmedia&parent=6130"}],"curies":[{"name":"wp","href":"https:\/\/api.w.org\/{rel}","templated":true}]}}