{"id":6132,"date":"2022-08-15T15:27:42","date_gmt":"2022-08-15T12:27:42","guid":{"rendered":"https:\/\/masfed.com.tr\/?page_id=6132"},"modified":"2022-08-15T15:50:22","modified_gmt":"2022-08-15T12:50:22","slug":"ankara-ak-parti-milletvekili-sayin-ahmet-gundogduyu-ziyaretimiz","status":"publish","type":"page","link":"https:\/\/masfed.com.tr\/?page_id=6132","title":{"rendered":"ANKARA AK PART\u0130 M\u0130LLETVEK\u0130L\u0130 SAYIN AHMET G\u00dcNDO\u011eDU&#8217;YU Z\u0130YARET\u0130M\u0130Z"},"content":{"rendered":"\t\t<div data-elementor-type=\"wp-page\" data-elementor-id=\"6132\" class=\"elementor elementor-6132\">\n\t\t\t\t\t\t<div class=\"elementor-inner\">\n\t\t\t\t<div class=\"elementor-section-wrap\">\n\t\t\t\t\t\t\t\t\t<section class=\"has_eae_slider elementor-section elementor-top-section elementor-element elementor-element-2662ed4 elementor-section-boxed elementor-section-height-default elementor-section-height-default\" data-id=\"2662ed4\" data-element_type=\"section\">\n\t\t\t\t\t\t<div class=\"elementor-container elementor-column-gap-default\">\n\t\t\t\t\t\t\t<div class=\"elementor-row\">\n\t\t\t\t\t<div class=\"has_eae_slider elementor-column elementor-col-100 elementor-top-column elementor-element elementor-element-a39a856\" data-id=\"a39a856\" data-element_type=\"column\">\n\t\t\t<div class=\"elementor-column-wrap elementor-element-populated\">\n\t\t\t\t\t\t\t<div class=\"elementor-widget-wrap\">\n\t\t\t\t\t\t<div class=\"elementor-element elementor-element-61536bc elementor-widget elementor-widget-spacer\" data-id=\"61536bc\" data-element_type=\"widget\" data-widget_type=\"spacer.default\">\n\t\t\t\t<div class=\"elementor-widget-container\">\n\t\t\t<style>\/*! elementor - v3.17.0 - 25-10-2023 *\/\n.elementor-column .elementor-spacer-inner{height:var(--spacer-size)}.e-con{--container-widget-width:100%}.e-con-inner>.elementor-widget-spacer,.e-con>.elementor-widget-spacer{width:var(--container-widget-width,var(--spacer-size));--align-self:var(--container-widget-align-self,initial);--flex-shrink:0}.e-con-inner>.elementor-widget-spacer>.elementor-widget-container,.e-con>.elementor-widget-spacer>.elementor-widget-container{height:100%;width:100%}.e-con-inner>.elementor-widget-spacer>.elementor-widget-container>.elementor-spacer,.e-con>.elementor-widget-spacer>.elementor-widget-container>.elementor-spacer{height:100%}.e-con-inner>.elementor-widget-spacer>.elementor-widget-container>.elementor-spacer>.elementor-spacer-inner,.e-con>.elementor-widget-spacer>.elementor-widget-container>.elementor-spacer>.elementor-spacer-inner{height:var(--container-widget-height,var(--spacer-size))}.e-con-inner>.elementor-widget-spacer.elementor-widget-empty,.e-con>.elementor-widget-spacer.elementor-widget-empty{position:relative;min-height:22px;min-width:22px}.e-con-inner>.elementor-widget-spacer.elementor-widget-empty .elementor-widget-empty-icon,.e-con>.elementor-widget-spacer.elementor-widget-empty .elementor-widget-empty-icon{position:absolute;top:0;bottom:0;left:0;right:0;margin:auto;padding:0;width:22px;height:22px}<\/style>\t\t<div class=\"elementor-spacer\">\n\t\t\t<div class=\"elementor-spacer-inner\"><\/div>\n\t\t<\/div>\n\t\t\t\t<\/div>\n\t\t\t\t<\/div>\n\t\t\t\t<div class=\"elementor-element elementor-element-43ec330 elementor-widget elementor-widget-heading\" data-id=\"43ec330\" data-element_type=\"widget\" data-widget_type=\"heading.default\">\n\t\t\t\t<div class=\"elementor-widget-container\">\n\t\t\t<style>\/*! elementor - v3.17.0 - 25-10-2023 *\/\n.elementor-heading-title{padding:0;margin:0;line-height:1}.elementor-widget-heading .elementor-heading-title[class*=elementor-size-]>a{color:inherit;font-size:inherit;line-height:inherit}.elementor-widget-heading .elementor-heading-title.elementor-size-small{font-size:15px}.elementor-widget-heading .elementor-heading-title.elementor-size-medium{font-size:19px}.elementor-widget-heading .elementor-heading-title.elementor-size-large{font-size:29px}.elementor-widget-heading .elementor-heading-title.elementor-size-xl{font-size:39px}.elementor-widget-heading .elementor-heading-title.elementor-size-xxl{font-size:59px}<\/style><h2 class=\"elementor-heading-title elementor-size-default\">ANKARA AK PART\u0130 M\u0130LLETVEK\u0130L\u0130 SAYIN AHMET G\u00dcNDO\u011eDU'YU Z\u0130YARET\u0130M\u0130Z\n<\/h2>\t\t<\/div>\n\t\t\t\t<\/div>\n\t\t\t\t<div class=\"elementor-element elementor-element-ad54131 elementor-widget elementor-widget-spacer\" data-id=\"ad54131\" data-element_type=\"widget\" data-widget_type=\"spacer.default\">\n\t\t\t\t<div class=\"elementor-widget-container\">\n\t\t\t\t\t<div class=\"elementor-spacer\">\n\t\t\t<div class=\"elementor-spacer-inner\"><\/div>\n\t\t<\/div>\n\t\t\t\t<\/div>\n\t\t\t\t<\/div>\n\t\t\t\t<div class=\"elementor-element elementor-element-009ee17 gallery-spacing-custom elementor-widget elementor-widget-image-gallery\" data-id=\"009ee17\" data-element_type=\"widget\" data-widget_type=\"image-gallery.default\">\n\t\t\t\t<div class=\"elementor-widget-container\">\n\t\t\t<style>\/*! elementor - v3.17.0 - 25-10-2023 *\/\n.elementor-image-gallery .gallery-item{display:inline-block;text-align:center;vertical-align:top;width:100%;max-width:100%;margin:0 auto}.elementor-image-gallery .gallery-item img{margin:0 auto}.elementor-image-gallery .gallery-item .gallery-caption{margin:0}.elementor-image-gallery figure img{display:block}.elementor-image-gallery figure figcaption{width:100%}.gallery-spacing-custom .elementor-image-gallery .gallery-icon{padding:0}@media (min-width:768px){.elementor-image-gallery .gallery-columns-2 .gallery-item{max-width:50%}.elementor-image-gallery .gallery-columns-3 .gallery-item{max-width:33.33%}.elementor-image-gallery .gallery-columns-4 .gallery-item{max-width:25%}.elementor-image-gallery .gallery-columns-5 .gallery-item{max-width:20%}.elementor-image-gallery .gallery-columns-6 .gallery-item{max-width:16.666%}.elementor-image-gallery .gallery-columns-7 .gallery-item{max-width:14.28%}.elementor-image-gallery .gallery-columns-8 .gallery-item{max-width:12.5%}.elementor-image-gallery .gallery-columns-9 .gallery-item{max-width:11.11%}.elementor-image-gallery .gallery-columns-10 .gallery-item{max-width:10%}}@media (min-width:480px) and (max-width:767px){.elementor-image-gallery .gallery.gallery-columns-2 .gallery-item,.elementor-image-gallery .gallery.gallery-columns-3 .gallery-item,.elementor-image-gallery .gallery.gallery-columns-4 .gallery-item,.elementor-image-gallery .gallery.gallery-columns-5 .gallery-item,.elementor-image-gallery .gallery.gallery-columns-6 .gallery-item,.elementor-image-gallery .gallery.gallery-columns-7 .gallery-item,.elementor-image-gallery .gallery.gallery-columns-8 .gallery-item,.elementor-image-gallery .gallery.gallery-columns-9 .gallery-item,.elementor-image-gallery .gallery.gallery-columns-10 .gallery-item{max-width:50%}}@media (max-width:479px){.elementor-image-gallery .gallery.gallery-columns-2 .gallery-item,.elementor-image-gallery .gallery.gallery-columns-3 .gallery-item,.elementor-image-gallery .gallery.gallery-columns-4 .gallery-item,.elementor-image-gallery .gallery.gallery-columns-5 .gallery-item,.elementor-image-gallery .gallery.gallery-columns-6 .gallery-item,.elementor-image-gallery .gallery.gallery-columns-7 .gallery-item,.elementor-image-gallery .gallery.gallery-columns-8 .gallery-item,.elementor-image-gallery .gallery.gallery-columns-9 .gallery-item,.elementor-image-gallery .gallery.gallery-columns-10 .gallery-item{max-width:100%}}<\/style>\t\t<div class=\"elementor-image-gallery\">\n\t\t\t<div id='gallery-1' class='gallery galleryid-6132 gallery-columns-4 gallery-size-total-portfolio-thumb'><figure class='gallery-item'>\n\t\t\t<div class='gallery-icon landscape'>\n\t\t\t\t<a data-elementor-open-lightbox=\"yes\" data-elementor-lightbox-slideshow=\"009ee17\" data-elementor-lightbox-title=\"ANKARA AK PART\u0130 M\u0130LLETVEK\u0130L\u0130 SAYIN AHMET G\u00dcNDO\u011eDU&#039;YU Z\u0130YARET\u0130M\u0130Z\" data-e-action-hash=\"#elementor-action%3Aaction%3Dlightbox%26settings%3DeyJpZCI6NjI0NSwidXJsIjoiaHR0cHM6XC9cL21hc2ZlZC5jb20udHJcL3dwLWNvbnRlbnRcL3VwbG9hZHNcLzIwMjJcLzA4XC9BTktBUkEtQUstUEFSVEktTUlMTEVUVkVLSUxJLVNBWUlOLUFITUVULUdVTkRPR0RVWVUtWklZQVJFVElNSVouanBnIiwic2xpZGVzaG93IjoiMDA5ZWUxNyJ9\" href='https:\/\/masfed.com.tr\/wp-content\/uploads\/2022\/08\/ANKARA-AK-PARTI-MILLETVEKILI-SAYIN-AHMET-GUNDOGDUYU-ZIYARETIMIZ.jpg'><img width=\"400\" height=\"400\" src=\"https:\/\/masfed.com.tr\/wp-content\/uploads\/2022\/08\/ANKARA-AK-PARTI-MILLETVEKILI-SAYIN-AHMET-GUNDOGDUYU-ZIYARETIMIZ-400x400.jpg\" class=\"attachment-total-portfolio-thumb size-total-portfolio-thumb\" alt=\"\" decoding=\"async\" loading=\"lazy\" srcset=\"https:\/\/masfed.com.tr\/wp-content\/uploads\/2022\/08\/ANKARA-AK-PARTI-MILLETVEKILI-SAYIN-AHMET-GUNDOGDUYU-ZIYARETIMIZ-400x400.jpg 400w, https:\/\/masfed.com.tr\/wp-content\/uploads\/2022\/08\/ANKARA-AK-PARTI-MILLETVEKILI-SAYIN-AHMET-GUNDOGDUYU-ZIYARETIMIZ-150x150.jpg 150w, https:\/\/masfed.com.tr\/wp-content\/uploads\/2022\/08\/ANKARA-AK-PARTI-MILLETVEKILI-SAYIN-AHMET-GUNDOGDUYU-ZIYARETIMIZ-100x100.jpg 100w\" sizes=\"(max-width: 400px) 100vw, 400px\" \/><\/a>\n\t\t\t<\/div><\/figure><figure class='gallery-item'>\n\t\t\t<div class='gallery-icon landscape'>\n\t\t\t\t<a data-elementor-open-lightbox=\"yes\" data-elementor-lightbox-slideshow=\"009ee17\" data-elementor-lightbox-title=\"ANKARA AK PART\u0130 M\u0130LLETVEK\u0130L\u0130 SAYIN AHMET G\u00dcNDO\u011eDU&#039;YU Z\u0130YARET\u0130M\u0130Z (2)\" data-e-action-hash=\"#elementor-action%3Aaction%3Dlightbox%26settings%3DeyJpZCI6NjI0NiwidXJsIjoiaHR0cHM6XC9cL21hc2ZlZC5jb20udHJcL3dwLWNvbnRlbnRcL3VwbG9hZHNcLzIwMjJcLzA4XC9BTktBUkEtQUstUEFSVEktTUlMTEVUVkVLSUxJLVNBWUlOLUFITUVULUdVTkRPR0RVWVUtWklZQVJFVElNSVotMi5qcGciLCJzbGlkZXNob3ciOiIwMDllZTE3In0%3D\" href='https:\/\/masfed.com.tr\/wp-content\/uploads\/2022\/08\/ANKARA-AK-PARTI-MILLETVEKILI-SAYIN-AHMET-GUNDOGDUYU-ZIYARETIMIZ-2.jpg'><img width=\"400\" height=\"400\" src=\"https:\/\/masfed.com.tr\/wp-content\/uploads\/2022\/08\/ANKARA-AK-PARTI-MILLETVEKILI-SAYIN-AHMET-GUNDOGDUYU-ZIYARETIMIZ-2-400x400.jpg\" class=\"attachment-total-portfolio-thumb size-total-portfolio-thumb\" alt=\"\" decoding=\"async\" loading=\"lazy\" srcset=\"https:\/\/masfed.com.tr\/wp-content\/uploads\/2022\/08\/ANKARA-AK-PARTI-MILLETVEKILI-SAYIN-AHMET-GUNDOGDUYU-ZIYARETIMIZ-2-400x400.jpg 400w, https:\/\/masfed.com.tr\/wp-content\/uploads\/2022\/08\/ANKARA-AK-PARTI-MILLETVEKILI-SAYIN-AHMET-GUNDOGDUYU-ZIYARETIMIZ-2-150x150.jpg 150w, https:\/\/masfed.com.tr\/wp-content\/uploads\/2022\/08\/ANKARA-AK-PARTI-MILLETVEKILI-SAYIN-AHMET-GUNDOGDUYU-ZIYARETIMIZ-2-100x100.jpg 100w\" sizes=\"(max-width: 400px) 100vw, 400px\" \/><\/a>\n\t\t\t<\/div><\/figure>\n\t\t<\/div>\n\t\t<\/div>\n\t\t\t\t<\/div>\n\t\t\t\t<\/div>\n\t\t\t\t\t\t<\/div>\n\t\t\t\t\t<\/div>\n\t\t<\/div>\n\t\t\t\t\t\t\t\t<\/div>\n\t\t\t\t\t<\/div>\n\t\t<\/section>\n\t\t\t\t\t\t\t\t\t<\/div>\n\t\t\t<\/div>\n\t\t\t\t\t<\/div>\n\t\t","protected":false},"excerpt":{"rendered":"<p>ANKARA AK PART\u0130 M\u0130LLETVEK\u0130L\u0130 SAYIN AHMET G\u00dcNDO\u011eDU&#8217;YU Z\u0130YARET\u0130M\u0130Z<\/p>\n","protected":false},"author":1,"featured_media":0,"parent":0,"menu_order":0,"comment_status":"closed","ping_status":"closed","template":"","meta":{"ngg_post_thumbnail":0},"yoast_head":"<!-- This site is optimized with the Yoast SEO plugin v21.6 - https:\/\/yoast.com\/wordpress\/plugins\/seo\/ -->\n<title>ANKARA AK PART\u0130 M\u0130LLETVEK\u0130L\u0130 SAYIN AHMET G\u00dcNDO\u011eDU&#039;YU Z\u0130YARET\u0130M\u0130Z - Motorlu Ara\u00e7 Sat\u0131c\u0131lar\u0131 Federasyonu MASFED<\/title>\n<meta name=\"robots\" content=\"index, follow, max-snippet:-1, max-image-preview:large, max-video-preview:-1\" \/>\n<link rel=\"canonical\" href=\"https:\/\/masfed.com.tr\/?page_id=6132\" \/>\n<meta property=\"og:locale\" content=\"tr_TR\" \/>\n<meta property=\"og:type\" content=\"article\" \/>\n<meta property=\"og:title\" content=\"ANKARA AK PART\u0130 M\u0130LLETVEK\u0130L\u0130 SAYIN AHMET G\u00dcNDO\u011eDU&#039;YU Z\u0130YARET\u0130M\u0130Z - Motorlu Ara\u00e7 Sat\u0131c\u0131lar\u0131 Federasyonu MASFED\" \/>\n<meta property=\"og:description\" content=\"ANKARA AK PART\u0130 M\u0130LLETVEK\u0130L\u0130 SAYIN AHMET G\u00dcNDO\u011eDU&#8217;YU Z\u0130YARET\u0130M\u0130Z\" \/>\n<meta property=\"og:url\" content=\"https:\/\/masfed.com.tr\/?page_id=6132\" \/>\n<meta property=\"og:site_name\" content=\"Motorlu Ara\u00e7 Sat\u0131c\u0131lar\u0131 Federasyonu MASFED\" \/>\n<meta property=\"article:publisher\" content=\"https:\/\/www.facebook.com\/MASFED2010\/\" \/>\n<meta property=\"article:modified_time\" content=\"2022-08-15T12:50:22+00:00\" \/>\n<meta property=\"og:image\" content=\"https:\/\/masfed.com.tr\/wp-content\/uploads\/2022\/08\/ANKARA-AK-PARTI-MILLETVEKILI-SAYIN-AHMET-GUNDOGDUYU-ZIYARETIMIZ-400x400.jpg\" \/>\n<meta name=\"twitter:card\" content=\"summary_large_image\" \/>\n<meta name=\"twitter:site\" content=\"@Masfed2010\" \/>\n<script type=\"application\/ld+json\" class=\"yoast-schema-graph\">{\"@context\":\"https:\/\/schema.org\",\"@graph\":[{\"@type\":\"WebPage\",\"@id\":\"https:\/\/masfed.com.tr\/?page_id=6132\",\"url\":\"https:\/\/masfed.com.tr\/?page_id=6132\",\"name\":\"ANKARA AK PART\u0130 M\u0130LLETVEK\u0130L\u0130 SAYIN AHMET G\u00dcNDO\u011eDU'YU Z\u0130YARET\u0130M\u0130Z - Motorlu Ara\u00e7 Sat\u0131c\u0131lar\u0131 Federasyonu MASFED\",\"isPartOf\":{\"@id\":\"https:\/\/masfed.com.tr\/#website\"},\"datePublished\":\"2022-08-15T12:27:42+00:00\",\"dateModified\":\"2022-08-15T12:50:22+00:00\",\"breadcrumb\":{\"@id\":\"https:\/\/masfed.com.tr\/?page_id=6132#breadcrumb\"},\"inLanguage\":\"tr\",\"potentialAction\":[{\"@type\":\"ReadAction\",\"target\":[\"https:\/\/masfed.com.tr\/?page_id=6132\"]}]},{\"@type\":\"BreadcrumbList\",\"@id\":\"https:\/\/masfed.com.tr\/?page_id=6132#breadcrumb\",\"itemListElement\":[{\"@type\":\"ListItem\",\"position\":1,\"name\":\"Anasayfa\",\"item\":\"https:\/\/masfed.com.tr\/\"},{\"@type\":\"ListItem\",\"position\":2,\"name\":\"ANKARA AK PART\u0130 M\u0130LLETVEK\u0130L\u0130 SAYIN AHMET G\u00dcNDO\u011eDU&#8217;YU Z\u0130YARET\u0130M\u0130Z\"}]},{\"@type\":\"WebSite\",\"@id\":\"https:\/\/masfed.com.tr\/#website\",\"url\":\"https:\/\/masfed.com.tr\/\",\"name\":\"Motorlu Ara\u00e7 Sat\u0131c\u0131lar\u0131 Federasyonu MASFED\",\"description\":\"\u0130K\u0130NC\u0130 EL OTOMOB\u0130L ALIM-SATIMI YAPAN \u0130K\u0130NC\u0130 EL MOTORLU ARA\u00c7 SATICI KURULU\u015eLARININ TOPLUMUMUZDA VE EKONOM\u0130K FAAL\u0130YETLER\u0130M\u0130ZDE TA\u015eIDI\u011eI \u00d6NEM\u0130N B\u0130L\u0130NC\u0130 \u0130LE MASFED OLARAK \u00dcLKEM\u0130Z, EKONOM\u0130M\u0130Z VE SEKT\u00d6R\u00dcM\u00dcZ \u0130\u00c7\u0130N GEREKL\u0130 OLAN T\u00dcM \u0130MKANLARIMIZ \u0130LE \u00c7ALI\u015eMALARIMIZI, DE\u011eERL\u0130 \u00dcYELER\u0130M\u0130Z\u0130N DE KATILIMLARI \u0130LE S\u00dcRD\u00dcRMEKTEY\u0130Z.\",\"publisher\":{\"@id\":\"https:\/\/masfed.com.tr\/#organization\"},\"potentialAction\":[{\"@type\":\"SearchAction\",\"target\":{\"@type\":\"EntryPoint\",\"urlTemplate\":\"https:\/\/masfed.com.tr\/?s={search_term_string}\"},\"query-input\":\"required name=search_term_string\"}],\"inLanguage\":\"tr\"},{\"@type\":\"Organization\",\"@id\":\"https:\/\/masfed.com.tr\/#organization\",\"name\":\"Motorlu Ara\u00e7 Sat\u0131c\u0131lar\u0131 Federasyonu MASFED\",\"url\":\"https:\/\/masfed.com.tr\/\",\"logo\":{\"@type\":\"ImageObject\",\"inLanguage\":\"tr\",\"@id\":\"https:\/\/masfed.com.tr\/#\/schema\/logo\/image\/\",\"url\":\"https:\/\/masfed.com.tr\/wp-content\/uploads\/2022\/06\/Logo-1.png\",\"contentUrl\":\"https:\/\/masfed.com.tr\/wp-content\/uploads\/2022\/06\/Logo-1.png\",\"width\":863,\"height\":253,\"caption\":\"Motorlu Ara\u00e7 Sat\u0131c\u0131lar\u0131 Federasyonu MASFED\"},\"image\":{\"@id\":\"https:\/\/masfed.com.tr\/#\/schema\/logo\/image\/\"},\"sameAs\":[\"https:\/\/www.facebook.com\/MASFED2010\/\",\"https:\/\/twitter.com\/Masfed2010\",\"https:\/\/www.instagram.com\/masfed.tr\/\",\"https:\/\/www.youtube.com\/channel\/UCOtDLDga6aa9woc5Yk8Rdig\"]}]}<\/script>\n<!-- \/ Yoast SEO plugin. -->","yoast_head_json":{"title":"ANKARA AK PART\u0130 M\u0130LLETVEK\u0130L\u0130 SAYIN AHMET G\u00dcNDO\u011eDU'YU Z\u0130YARET\u0130M\u0130Z - Motorlu Ara\u00e7 Sat\u0131c\u0131lar\u0131 Federasyonu MASFED","robots":{"index":"index","follow":"follow","max-snippet":"max-snippet:-1","max-image-preview":"max-image-preview:large","max-video-preview":"max-video-preview:-1"},"canonical":"https:\/\/masfed.com.tr\/?page_id=6132","og_locale":"tr_TR","og_type":"article","og_title":"ANKARA AK PART\u0130 M\u0130LLETVEK\u0130L\u0130 SAYIN AHMET G\u00dcNDO\u011eDU'YU Z\u0130YARET\u0130M\u0130Z - Motorlu Ara\u00e7 Sat\u0131c\u0131lar\u0131 Federasyonu MASFED","og_description":"ANKARA AK PART\u0130 M\u0130LLETVEK\u0130L\u0130 SAYIN AHMET G\u00dcNDO\u011eDU&#8217;YU Z\u0130YARET\u0130M\u0130Z","og_url":"https:\/\/masfed.com.tr\/?page_id=6132","og_site_name":"Motorlu Ara\u00e7 Sat\u0131c\u0131lar\u0131 Federasyonu MASFED","article_publisher":"https:\/\/www.facebook.com\/MASFED2010\/","article_modified_time":"2022-08-15T12:50:22+00:00","og_image":[{"url":"https:\/\/masfed.com.tr\/wp-content\/uploads\/2022\/08\/ANKARA-AK-PARTI-MILLETVEKILI-SAYIN-AHMET-GUNDOGDUYU-ZIYARETIMIZ-400x400.jpg"}],"twitter_card":"summary_large_image","twitter_site":"@Masfed2010","schema":{"@context":"https:\/\/schema.org","@graph":[{"@type":"WebPage","@id":"https:\/\/masfed.com.tr\/?page_id=6132","url":"https:\/\/masfed.com.tr\/?page_id=6132","name":"ANKARA AK PART\u0130 M\u0130LLETVEK\u0130L\u0130 SAYIN AHMET G\u00dcNDO\u011eDU'YU Z\u0130YARET\u0130M\u0130Z - Motorlu Ara\u00e7 Sat\u0131c\u0131lar\u0131 Federasyonu MASFED","isPartOf":{"@id":"https:\/\/masfed.com.tr\/#website"},"datePublished":"2022-08-15T12:27:42+00:00","dateModified":"2022-08-15T12:50:22+00:00","breadcrumb":{"@id":"https:\/\/masfed.com.tr\/?page_id=6132#breadcrumb"},"inLanguage":"tr","potentialAction":[{"@type":"ReadAction","target":["https:\/\/masfed.com.tr\/?page_id=6132"]}]},{"@type":"BreadcrumbList","@id":"https:\/\/masfed.com.tr\/?page_id=6132#breadcrumb","itemListElement":[{"@type":"ListItem","position":1,"name":"Anasayfa","item":"https:\/\/masfed.com.tr\/"},{"@type":"ListItem","position":2,"name":"ANKARA AK PART\u0130 M\u0130LLETVEK\u0130L\u0130 SAYIN AHMET G\u00dcNDO\u011eDU&#8217;YU Z\u0130YARET\u0130M\u0130Z"}]},{"@type":"WebSite","@id":"https:\/\/masfed.com.tr\/#website","url":"https:\/\/masfed.com.tr\/","name":"Motorlu Ara\u00e7 Sat\u0131c\u0131lar\u0131 Federasyonu MASFED","description":"\u0130K\u0130NC\u0130 EL OTOMOB\u0130L ALIM-SATIMI YAPAN \u0130K\u0130NC\u0130 EL MOTORLU ARA\u00c7 SATICI KURULU\u015eLARININ TOPLUMUMUZDA VE EKONOM\u0130K FAAL\u0130YETLER\u0130M\u0130ZDE TA\u015eIDI\u011eI \u00d6NEM\u0130N B\u0130L\u0130NC\u0130 \u0130LE MASFED OLARAK \u00dcLKEM\u0130Z, EKONOM\u0130M\u0130Z VE SEKT\u00d6R\u00dcM\u00dcZ \u0130\u00c7\u0130N GEREKL\u0130 OLAN T\u00dcM \u0130MKANLARIMIZ \u0130LE \u00c7ALI\u015eMALARIMIZI, DE\u011eERL\u0130 \u00dcYELER\u0130M\u0130Z\u0130N DE KATILIMLARI \u0130LE S\u00dcRD\u00dcRMEKTEY\u0130Z.","publisher":{"@id":"https:\/\/masfed.com.tr\/#organization"},"potentialAction":[{"@type":"SearchAction","target":{"@type":"EntryPoint","urlTemplate":"https:\/\/masfed.com.tr\/?s={search_term_string}"},"query-input":"required name=search_term_string"}],"inLanguage":"tr"},{"@type":"Organization","@id":"https:\/\/masfed.com.tr\/#organization","name":"Motorlu Ara\u00e7 Sat\u0131c\u0131lar\u0131 Federasyonu MASFED","url":"https:\/\/masfed.com.tr\/","logo":{"@type":"ImageObject","inLanguage":"tr","@id":"https:\/\/masfed.com.tr\/#\/schema\/logo\/image\/","url":"https:\/\/masfed.com.tr\/wp-content\/uploads\/2022\/06\/Logo-1.png","contentUrl":"https:\/\/masfed.com.tr\/wp-content\/uploads\/2022\/06\/Logo-1.png","width":863,"height":253,"caption":"Motorlu Ara\u00e7 Sat\u0131c\u0131lar\u0131 Federasyonu MASFED"},"image":{"@id":"https:\/\/masfed.com.tr\/#\/schema\/logo\/image\/"},"sameAs":["https:\/\/www.facebook.com\/MASFED2010\/","https:\/\/twitter.com\/Masfed2010","https:\/\/www.instagram.com\/masfed.tr\/","https:\/\/www.youtube.com\/channel\/UCOtDLDga6aa9woc5Yk8Rdig"]}]}},"_links":{"self":[{"href":"https:\/\/masfed.com.tr\/index.php?rest_route=\/wp\/v2\/pages\/6132"}],"collection":[{"href":"https:\/\/masfed.com.tr\/index.php?rest_route=\/wp\/v2\/pages"}],"about":[{"href":"https:\/\/masfed.com.tr\/index.php?rest_route=\/wp\/v2\/types\/page"}],"author":[{"embeddable":true,"href":"https:\/\/masfed.com.tr\/index.php?rest_route=\/wp\/v2\/users\/1"}],"replies":[{"embeddable":true,"href":"https:\/\/masfed.com.tr\/index.php?rest_route=%2Fwp%2Fv2%2Fcomments&post=6132"}],"version-history":[{"count":0,"href":"https:\/\/masfed.com.tr\/index.php?rest_route=\/wp\/v2\/pages\/6132\/revisions"}],"wp:attachment":[{"href":"https:\/\/masfed.com.tr\/index.php?rest_route=%2Fwp%2Fv2%2Fmedia&parent=6132"}],"curies":[{"name":"wp","href":"https:\/\/api.w.org\/{rel}","templated":true}]}}