{"id":6291,"date":"2022-08-15T16:28:19","date_gmt":"2022-08-15T13:28:19","guid":{"rendered":"https:\/\/masfed.com.tr\/?page_id=6291"},"modified":"2022-08-15T17:08:00","modified_gmt":"2022-08-15T14:08:00","slug":"masfedbodotonomi-olaganustu-toplantisi-yonetmelik-taslagi","status":"publish","type":"page","link":"https:\/\/masfed.com.tr\/?page_id=6291","title":{"rendered":"MASFED,BOD,OTONOM\u0130 OLA\u011eAN\u00dcST\u00dc TOPLANTISI &#8220;Y\u00d6NETMEL\u0130K TASLA\u011eI&#8221;"},"content":{"rendered":"\t\t<div data-elementor-type=\"wp-page\" data-elementor-id=\"6291\" class=\"elementor elementor-6291\">\n\t\t\t\t\t\t<div class=\"elementor-inner\">\n\t\t\t\t<div class=\"elementor-section-wrap\">\n\t\t\t\t\t\t\t\t\t<section class=\"has_eae_slider elementor-section elementor-top-section elementor-element elementor-element-789a9ed elementor-section-boxed elementor-section-height-default elementor-section-height-default\" data-id=\"789a9ed\" data-element_type=\"section\">\n\t\t\t\t\t\t<div class=\"elementor-container elementor-column-gap-default\">\n\t\t\t\t\t\t\t<div class=\"elementor-row\">\n\t\t\t\t\t<div class=\"has_eae_slider elementor-column elementor-col-100 elementor-top-column elementor-element elementor-element-6d19c43\" data-id=\"6d19c43\" data-element_type=\"column\">\n\t\t\t<div class=\"elementor-column-wrap elementor-element-populated\">\n\t\t\t\t\t\t\t<div class=\"elementor-widget-wrap\">\n\t\t\t\t\t\t<div class=\"elementor-element elementor-element-b0c45b4 elementor-widget elementor-widget-spacer\" data-id=\"b0c45b4\" data-element_type=\"widget\" data-widget_type=\"spacer.default\">\n\t\t\t\t<div class=\"elementor-widget-container\">\n\t\t\t<style>\/*! elementor - v3.17.0 - 25-10-2023 *\/\n.elementor-column .elementor-spacer-inner{height:var(--spacer-size)}.e-con{--container-widget-width:100%}.e-con-inner>.elementor-widget-spacer,.e-con>.elementor-widget-spacer{width:var(--container-widget-width,var(--spacer-size));--align-self:var(--container-widget-align-self,initial);--flex-shrink:0}.e-con-inner>.elementor-widget-spacer>.elementor-widget-container,.e-con>.elementor-widget-spacer>.elementor-widget-container{height:100%;width:100%}.e-con-inner>.elementor-widget-spacer>.elementor-widget-container>.elementor-spacer,.e-con>.elementor-widget-spacer>.elementor-widget-container>.elementor-spacer{height:100%}.e-con-inner>.elementor-widget-spacer>.elementor-widget-container>.elementor-spacer>.elementor-spacer-inner,.e-con>.elementor-widget-spacer>.elementor-widget-container>.elementor-spacer>.elementor-spacer-inner{height:var(--container-widget-height,var(--spacer-size))}.e-con-inner>.elementor-widget-spacer.elementor-widget-empty,.e-con>.elementor-widget-spacer.elementor-widget-empty{position:relative;min-height:22px;min-width:22px}.e-con-inner>.elementor-widget-spacer.elementor-widget-empty .elementor-widget-empty-icon,.e-con>.elementor-widget-spacer.elementor-widget-empty .elementor-widget-empty-icon{position:absolute;top:0;bottom:0;left:0;right:0;margin:auto;padding:0;width:22px;height:22px}<\/style>\t\t<div class=\"elementor-spacer\">\n\t\t\t<div class=\"elementor-spacer-inner\"><\/div>\n\t\t<\/div>\n\t\t\t\t<\/div>\n\t\t\t\t<\/div>\n\t\t\t\t<div class=\"elementor-element elementor-element-7b484f4 elementor-widget elementor-widget-heading\" data-id=\"7b484f4\" data-element_type=\"widget\" data-widget_type=\"heading.default\">\n\t\t\t\t<div class=\"elementor-widget-container\">\n\t\t\t<style>\/*! elementor - v3.17.0 - 25-10-2023 *\/\n.elementor-heading-title{padding:0;margin:0;line-height:1}.elementor-widget-heading .elementor-heading-title[class*=elementor-size-]>a{color:inherit;font-size:inherit;line-height:inherit}.elementor-widget-heading .elementor-heading-title.elementor-size-small{font-size:15px}.elementor-widget-heading .elementor-heading-title.elementor-size-medium{font-size:19px}.elementor-widget-heading .elementor-heading-title.elementor-size-large{font-size:29px}.elementor-widget-heading .elementor-heading-title.elementor-size-xl{font-size:39px}.elementor-widget-heading .elementor-heading-title.elementor-size-xxl{font-size:59px}<\/style><h2 class=\"elementor-heading-title elementor-size-default\">MASFED,BOD,OTONOM\u0130 OLA\u011eAN\u00dcST\u00dc TOPLANTISI \"Y\u00d6NETMEL\u0130K TASLA\u011eI\"\n<\/h2>\t\t<\/div>\n\t\t\t\t<\/div>\n\t\t\t\t<div class=\"elementor-element elementor-element-fcaaba6 elementor-widget elementor-widget-spacer\" data-id=\"fcaaba6\" data-element_type=\"widget\" data-widget_type=\"spacer.default\">\n\t\t\t\t<div class=\"elementor-widget-container\">\n\t\t\t\t\t<div class=\"elementor-spacer\">\n\t\t\t<div class=\"elementor-spacer-inner\"><\/div>\n\t\t<\/div>\n\t\t\t\t<\/div>\n\t\t\t\t<\/div>\n\t\t\t\t\t\t<\/div>\n\t\t\t\t\t<\/div>\n\t\t<\/div>\n\t\t\t\t\t\t\t\t<\/div>\n\t\t\t\t\t<\/div>\n\t\t<\/section>\n\t\t\t\t<section class=\"has_eae_slider elementor-section elementor-top-section elementor-element elementor-element-e1b2156 elementor-section-boxed elementor-section-height-default elementor-section-height-default\" data-id=\"e1b2156\" data-element_type=\"section\">\n\t\t\t\t\t\t<div class=\"elementor-container elementor-column-gap-default\">\n\t\t\t\t\t\t\t<div class=\"elementor-row\">\n\t\t\t\t\t<div class=\"has_eae_slider elementor-column elementor-col-100 elementor-top-column elementor-element elementor-element-2fbb9bf\" data-id=\"2fbb9bf\" data-element_type=\"column\">\n\t\t\t<div class=\"elementor-column-wrap\">\n\t\t\t\t\t\t\t<div class=\"elementor-widget-wrap\">\n\t\t\t\t\t\t\t\t<\/div>\n\t\t\t\t\t<\/div>\n\t\t<\/div>\n\t\t\t\t\t\t\t\t<\/div>\n\t\t\t\t\t<\/div>\n\t\t<\/section>\n\t\t\t\t<section class=\"has_eae_slider elementor-section elementor-top-section elementor-element elementor-element-d3690ff elementor-section-boxed elementor-section-height-default elementor-section-height-default\" data-id=\"d3690ff\" data-element_type=\"section\">\n\t\t\t\t\t\t<div class=\"elementor-container elementor-column-gap-default\">\n\t\t\t\t\t\t\t<div class=\"elementor-row\">\n\t\t\t\t\t<div class=\"has_eae_slider elementor-column elementor-col-100 elementor-top-column elementor-element elementor-element-ebda746\" data-id=\"ebda746\" data-element_type=\"column\">\n\t\t\t<div class=\"elementor-column-wrap elementor-element-populated\">\n\t\t\t\t\t\t\t<div class=\"elementor-widget-wrap\">\n\t\t\t\t\t\t<div class=\"elementor-element elementor-element-14f5dc5 gallery-spacing-custom elementor-widget elementor-widget-image-gallery\" data-id=\"14f5dc5\" data-element_type=\"widget\" data-widget_type=\"image-gallery.default\">\n\t\t\t\t<div class=\"elementor-widget-container\">\n\t\t\t<style>\/*! elementor - v3.17.0 - 25-10-2023 *\/\n.elementor-image-gallery .gallery-item{display:inline-block;text-align:center;vertical-align:top;width:100%;max-width:100%;margin:0 auto}.elementor-image-gallery .gallery-item img{margin:0 auto}.elementor-image-gallery .gallery-item .gallery-caption{margin:0}.elementor-image-gallery figure img{display:block}.elementor-image-gallery figure figcaption{width:100%}.gallery-spacing-custom .elementor-image-gallery .gallery-icon{padding:0}@media (min-width:768px){.elementor-image-gallery .gallery-columns-2 .gallery-item{max-width:50%}.elementor-image-gallery .gallery-columns-3 .gallery-item{max-width:33.33%}.elementor-image-gallery .gallery-columns-4 .gallery-item{max-width:25%}.elementor-image-gallery .gallery-columns-5 .gallery-item{max-width:20%}.elementor-image-gallery .gallery-columns-6 .gallery-item{max-width:16.666%}.elementor-image-gallery .gallery-columns-7 .gallery-item{max-width:14.28%}.elementor-image-gallery .gallery-columns-8 .gallery-item{max-width:12.5%}.elementor-image-gallery .gallery-columns-9 .gallery-item{max-width:11.11%}.elementor-image-gallery .gallery-columns-10 .gallery-item{max-width:10%}}@media (min-width:480px) and (max-width:767px){.elementor-image-gallery .gallery.gallery-columns-2 .gallery-item,.elementor-image-gallery .gallery.gallery-columns-3 .gallery-item,.elementor-image-gallery .gallery.gallery-columns-4 .gallery-item,.elementor-image-gallery .gallery.gallery-columns-5 .gallery-item,.elementor-image-gallery .gallery.gallery-columns-6 .gallery-item,.elementor-image-gallery .gallery.gallery-columns-7 .gallery-item,.elementor-image-gallery .gallery.gallery-columns-8 .gallery-item,.elementor-image-gallery .gallery.gallery-columns-9 .gallery-item,.elementor-image-gallery .gallery.gallery-columns-10 .gallery-item{max-width:50%}}@media (max-width:479px){.elementor-image-gallery .gallery.gallery-columns-2 .gallery-item,.elementor-image-gallery .gallery.gallery-columns-3 .gallery-item,.elementor-image-gallery .gallery.gallery-columns-4 .gallery-item,.elementor-image-gallery .gallery.gallery-columns-5 .gallery-item,.elementor-image-gallery .gallery.gallery-columns-6 .gallery-item,.elementor-image-gallery .gallery.gallery-columns-7 .gallery-item,.elementor-image-gallery .gallery.gallery-columns-8 .gallery-item,.elementor-image-gallery .gallery.gallery-columns-9 .gallery-item,.elementor-image-gallery .gallery.gallery-columns-10 .gallery-item{max-width:100%}}<\/style>\t\t<div class=\"elementor-image-gallery\">\n\t\t\t<div id='gallery-1' class='gallery galleryid-6291 gallery-columns-4 gallery-size-total-portfolio-thumb'><figure class='gallery-item'>\n\t\t\t<div class='gallery-icon landscape'>\n\t\t\t\t<a data-elementor-open-lightbox=\"yes\" data-elementor-lightbox-slideshow=\"14f5dc5\" data-elementor-lightbox-title=\"MASFED,BOD,OTONOM\u0130 OLA\u011eAN\u00dcST\u00dc TOPLANTISI Y\u00d6NETMEL\u0130K TASLA\u011eI\" data-e-action-hash=\"#elementor-action%3Aaction%3Dlightbox%26settings%3DeyJpZCI6NjQwMCwidXJsIjoiaHR0cHM6XC9cL21hc2ZlZC5jb20udHJcL3dwLWNvbnRlbnRcL3VwbG9hZHNcLzIwMjJcLzA4XC9NQVNGRURCT0RPVE9OT01JLU9MQUdBTlVTVFUtVE9QTEFOVElTSS1ZT05FVE1FTElLLVRBU0xBR0kuanBnIiwic2xpZGVzaG93IjoiMTRmNWRjNSJ9\" href='https:\/\/masfed.com.tr\/wp-content\/uploads\/2022\/08\/MASFEDBODOTONOMI-OLAGANUSTU-TOPLANTISI-YONETMELIK-TASLAGI.jpg'><img width=\"400\" height=\"400\" src=\"https:\/\/masfed.com.tr\/wp-content\/uploads\/2022\/08\/MASFEDBODOTONOMI-OLAGANUSTU-TOPLANTISI-YONETMELIK-TASLAGI-400x400.jpg\" class=\"attachment-total-portfolio-thumb size-total-portfolio-thumb\" alt=\"\" decoding=\"async\" loading=\"lazy\" srcset=\"https:\/\/masfed.com.tr\/wp-content\/uploads\/2022\/08\/MASFEDBODOTONOMI-OLAGANUSTU-TOPLANTISI-YONETMELIK-TASLAGI-400x400.jpg 400w, https:\/\/masfed.com.tr\/wp-content\/uploads\/2022\/08\/MASFEDBODOTONOMI-OLAGANUSTU-TOPLANTISI-YONETMELIK-TASLAGI-150x150.jpg 150w, https:\/\/masfed.com.tr\/wp-content\/uploads\/2022\/08\/MASFEDBODOTONOMI-OLAGANUSTU-TOPLANTISI-YONETMELIK-TASLAGI-100x100.jpg 100w\" sizes=\"(max-width: 400px) 100vw, 400px\" \/><\/a>\n\t\t\t<\/div><\/figure><figure class='gallery-item'>\n\t\t\t<div class='gallery-icon landscape'>\n\t\t\t\t<a data-elementor-open-lightbox=\"yes\" data-elementor-lightbox-slideshow=\"14f5dc5\" data-elementor-lightbox-title=\"0185662001482920903\" data-e-action-hash=\"#elementor-action%3Aaction%3Dlightbox%26settings%3DeyJpZCI6NjQwMSwidXJsIjoiaHR0cHM6XC9cL21hc2ZlZC5jb20udHJcL3dwLWNvbnRlbnRcL3VwbG9hZHNcLzIwMjJcLzA4XC8wMTg1NjYyMDAxNDgyOTIwOTAzLmpwZyIsInNsaWRlc2hvdyI6IjE0ZjVkYzUifQ%3D%3D\" href='https:\/\/masfed.com.tr\/wp-content\/uploads\/2022\/08\/0185662001482920903.jpg'><img width=\"400\" height=\"400\" src=\"https:\/\/masfed.com.tr\/wp-content\/uploads\/2022\/08\/0185662001482920903-400x400.jpg\" class=\"attachment-total-portfolio-thumb size-total-portfolio-thumb\" alt=\"\" decoding=\"async\" loading=\"lazy\" srcset=\"https:\/\/masfed.com.tr\/wp-content\/uploads\/2022\/08\/0185662001482920903-400x400.jpg 400w, https:\/\/masfed.com.tr\/wp-content\/uploads\/2022\/08\/0185662001482920903-150x150.jpg 150w, https:\/\/masfed.com.tr\/wp-content\/uploads\/2022\/08\/0185662001482920903-100x100.jpg 100w\" sizes=\"(max-width: 400px) 100vw, 400px\" \/><\/a>\n\t\t\t<\/div><\/figure><figure class='gallery-item'>\n\t\t\t<div class='gallery-icon landscape'>\n\t\t\t\t<a data-elementor-open-lightbox=\"yes\" data-elementor-lightbox-slideshow=\"14f5dc5\" data-elementor-lightbox-title=\"0256871001482920909\" data-e-action-hash=\"#elementor-action%3Aaction%3Dlightbox%26settings%3DeyJpZCI6NjQwMiwidXJsIjoiaHR0cHM6XC9cL21hc2ZlZC5jb20udHJcL3dwLWNvbnRlbnRcL3VwbG9hZHNcLzIwMjJcLzA4XC8wMjU2ODcxMDAxNDgyOTIwOTA5LmpwZyIsInNsaWRlc2hvdyI6IjE0ZjVkYzUifQ%3D%3D\" href='https:\/\/masfed.com.tr\/wp-content\/uploads\/2022\/08\/0256871001482920909.jpg'><img width=\"400\" height=\"400\" src=\"https:\/\/masfed.com.tr\/wp-content\/uploads\/2022\/08\/0256871001482920909-400x400.jpg\" class=\"attachment-total-portfolio-thumb size-total-portfolio-thumb\" alt=\"\" decoding=\"async\" loading=\"lazy\" srcset=\"https:\/\/masfed.com.tr\/wp-content\/uploads\/2022\/08\/0256871001482920909-400x400.jpg 400w, https:\/\/masfed.com.tr\/wp-content\/uploads\/2022\/08\/0256871001482920909-150x150.jpg 150w, https:\/\/masfed.com.tr\/wp-content\/uploads\/2022\/08\/0256871001482920909-100x100.jpg 100w\" sizes=\"(max-width: 400px) 100vw, 400px\" \/><\/a>\n\t\t\t<\/div><\/figure><figure class='gallery-item'>\n\t\t\t<div class='gallery-icon landscape'>\n\t\t\t\t<a data-elementor-open-lightbox=\"yes\" data-elementor-lightbox-slideshow=\"14f5dc5\" data-elementor-lightbox-title=\"0622010001482920910\" data-e-action-hash=\"#elementor-action%3Aaction%3Dlightbox%26settings%3DeyJpZCI6NjQwNCwidXJsIjoiaHR0cHM6XC9cL21hc2ZlZC5jb20udHJcL3dwLWNvbnRlbnRcL3VwbG9hZHNcLzIwMjJcLzA4XC8wNjIyMDEwMDAxNDgyOTIwOTEwLmpwZyIsInNsaWRlc2hvdyI6IjE0ZjVkYzUifQ%3D%3D\" href='https:\/\/masfed.com.tr\/wp-content\/uploads\/2022\/08\/0622010001482920910.jpg'><img width=\"400\" height=\"400\" src=\"https:\/\/masfed.com.tr\/wp-content\/uploads\/2022\/08\/0622010001482920910-400x400.jpg\" class=\"attachment-total-portfolio-thumb size-total-portfolio-thumb\" alt=\"\" decoding=\"async\" loading=\"lazy\" srcset=\"https:\/\/masfed.com.tr\/wp-content\/uploads\/2022\/08\/0622010001482920910-400x400.jpg 400w, https:\/\/masfed.com.tr\/wp-content\/uploads\/2022\/08\/0622010001482920910-150x150.jpg 150w, https:\/\/masfed.com.tr\/wp-content\/uploads\/2022\/08\/0622010001482920910-100x100.jpg 100w\" sizes=\"(max-width: 400px) 100vw, 400px\" \/><\/a>\n\t\t\t<\/div><\/figure><figure class='gallery-item'>\n\t\t\t<div class='gallery-icon landscape'>\n\t\t\t\t<a data-elementor-open-lightbox=\"yes\" data-elementor-lightbox-slideshow=\"14f5dc5\" data-elementor-lightbox-title=\"0702054001482920904\" data-e-action-hash=\"#elementor-action%3Aaction%3Dlightbox%26settings%3DeyJpZCI6NjQwNSwidXJsIjoiaHR0cHM6XC9cL21hc2ZlZC5jb20udHJcL3dwLWNvbnRlbnRcL3VwbG9hZHNcLzIwMjJcLzA4XC8wNzAyMDU0MDAxNDgyOTIwOTA0LmpwZyIsInNsaWRlc2hvdyI6IjE0ZjVkYzUifQ%3D%3D\" href='https:\/\/masfed.com.tr\/wp-content\/uploads\/2022\/08\/0702054001482920904.jpg'><img width=\"400\" height=\"400\" src=\"https:\/\/masfed.com.tr\/wp-content\/uploads\/2022\/08\/0702054001482920904-400x400.jpg\" class=\"attachment-total-portfolio-thumb size-total-portfolio-thumb\" alt=\"\" decoding=\"async\" loading=\"lazy\" srcset=\"https:\/\/masfed.com.tr\/wp-content\/uploads\/2022\/08\/0702054001482920904-400x400.jpg 400w, https:\/\/masfed.com.tr\/wp-content\/uploads\/2022\/08\/0702054001482920904-150x150.jpg 150w, https:\/\/masfed.com.tr\/wp-content\/uploads\/2022\/08\/0702054001482920904-100x100.jpg 100w\" sizes=\"(max-width: 400px) 100vw, 400px\" \/><\/a>\n\t\t\t<\/div><\/figure><figure class='gallery-item'>\n\t\t\t<div class='gallery-icon landscape'>\n\t\t\t\t<a data-elementor-open-lightbox=\"yes\" data-elementor-lightbox-slideshow=\"14f5dc5\" data-elementor-lightbox-title=\"0807437001482920907\" data-e-action-hash=\"#elementor-action%3Aaction%3Dlightbox%26settings%3DeyJpZCI6NjQwNiwidXJsIjoiaHR0cHM6XC9cL21hc2ZlZC5jb20udHJcL3dwLWNvbnRlbnRcL3VwbG9hZHNcLzIwMjJcLzA4XC8wODA3NDM3MDAxNDgyOTIwOTA3LmpwZyIsInNsaWRlc2hvdyI6IjE0ZjVkYzUifQ%3D%3D\" href='https:\/\/masfed.com.tr\/wp-content\/uploads\/2022\/08\/0807437001482920907.jpg'><img width=\"400\" height=\"400\" src=\"https:\/\/masfed.com.tr\/wp-content\/uploads\/2022\/08\/0807437001482920907-400x400.jpg\" class=\"attachment-total-portfolio-thumb size-total-portfolio-thumb\" alt=\"\" decoding=\"async\" loading=\"lazy\" srcset=\"https:\/\/masfed.com.tr\/wp-content\/uploads\/2022\/08\/0807437001482920907-400x400.jpg 400w, https:\/\/masfed.com.tr\/wp-content\/uploads\/2022\/08\/0807437001482920907-150x150.jpg 150w, https:\/\/masfed.com.tr\/wp-content\/uploads\/2022\/08\/0807437001482920907-100x100.jpg 100w\" sizes=\"(max-width: 400px) 100vw, 400px\" \/><\/a>\n\t\t\t<\/div><\/figure>\n\t\t<\/div>\n\t\t<\/div>\n\t\t\t\t<\/div>\n\t\t\t\t<\/div>\n\t\t\t\t\t\t<\/div>\n\t\t\t\t\t<\/div>\n\t\t<\/div>\n\t\t\t\t\t\t\t\t<\/div>\n\t\t\t\t\t<\/div>\n\t\t<\/section>\n\t\t\t\t\t\t\t\t\t<\/div>\n\t\t\t<\/div>\n\t\t\t\t\t<\/div>\n\t\t","protected":false},"excerpt":{"rendered":"<p>MASFED,BOD,OTONOM\u0130 OLA\u011eAN\u00dcST\u00dc TOPLANTISI &#8220;Y\u00d6NETMEL\u0130K TASLA\u011eI&#8221;<\/p>\n","protected":false},"author":1,"featured_media":0,"parent":0,"menu_order":0,"comment_status":"closed","ping_status":"closed","template":"","meta":{"ngg_post_thumbnail":0},"yoast_head":"<!-- This site is optimized with the Yoast SEO plugin v21.6 - https:\/\/yoast.com\/wordpress\/plugins\/seo\/ -->\n<title>MASFED,BOD,OTONOM\u0130 OLA\u011eAN\u00dcST\u00dc TOPLANTISI &quot;Y\u00d6NETMEL\u0130K TASLA\u011eI&quot; - Motorlu Ara\u00e7 Sat\u0131c\u0131lar\u0131 Federasyonu MASFED<\/title>\n<meta name=\"robots\" content=\"index, follow, max-snippet:-1, max-image-preview:large, max-video-preview:-1\" \/>\n<link rel=\"canonical\" href=\"https:\/\/masfed.com.tr\/?page_id=6291\" \/>\n<meta property=\"og:locale\" content=\"tr_TR\" \/>\n<meta property=\"og:type\" content=\"article\" \/>\n<meta property=\"og:title\" content=\"MASFED,BOD,OTONOM\u0130 OLA\u011eAN\u00dcST\u00dc TOPLANTISI &quot;Y\u00d6NETMEL\u0130K TASLA\u011eI&quot; - Motorlu Ara\u00e7 Sat\u0131c\u0131lar\u0131 Federasyonu MASFED\" \/>\n<meta property=\"og:description\" content=\"MASFED,BOD,OTONOM\u0130 OLA\u011eAN\u00dcST\u00dc TOPLANTISI &#8220;Y\u00d6NETMEL\u0130K TASLA\u011eI&#8221;\" \/>\n<meta property=\"og:url\" content=\"https:\/\/masfed.com.tr\/?page_id=6291\" \/>\n<meta property=\"og:site_name\" content=\"Motorlu Ara\u00e7 Sat\u0131c\u0131lar\u0131 Federasyonu MASFED\" \/>\n<meta property=\"article:publisher\" content=\"https:\/\/www.facebook.com\/MASFED2010\/\" \/>\n<meta property=\"article:modified_time\" content=\"2022-08-15T14:08:00+00:00\" \/>\n<meta property=\"og:image\" content=\"https:\/\/masfed.com.tr\/wp-content\/uploads\/2022\/08\/MASFEDBODOTONOMI-OLAGANUSTU-TOPLANTISI-YONETMELIK-TASLAGI-400x400.jpg\" \/>\n<meta name=\"twitter:card\" content=\"summary_large_image\" \/>\n<meta name=\"twitter:site\" content=\"@Masfed2010\" \/>\n<script type=\"application\/ld+json\" class=\"yoast-schema-graph\">{\"@context\":\"https:\/\/schema.org\",\"@graph\":[{\"@type\":\"WebPage\",\"@id\":\"https:\/\/masfed.com.tr\/?page_id=6291\",\"url\":\"https:\/\/masfed.com.tr\/?page_id=6291\",\"name\":\"MASFED,BOD,OTONOM\u0130 OLA\u011eAN\u00dcST\u00dc TOPLANTISI \\\"Y\u00d6NETMEL\u0130K TASLA\u011eI\\\" - Motorlu Ara\u00e7 Sat\u0131c\u0131lar\u0131 Federasyonu MASFED\",\"isPartOf\":{\"@id\":\"https:\/\/masfed.com.tr\/#website\"},\"datePublished\":\"2022-08-15T13:28:19+00:00\",\"dateModified\":\"2022-08-15T14:08:00+00:00\",\"breadcrumb\":{\"@id\":\"https:\/\/masfed.com.tr\/?page_id=6291#breadcrumb\"},\"inLanguage\":\"tr\",\"potentialAction\":[{\"@type\":\"ReadAction\",\"target\":[\"https:\/\/masfed.com.tr\/?page_id=6291\"]}]},{\"@type\":\"BreadcrumbList\",\"@id\":\"https:\/\/masfed.com.tr\/?page_id=6291#breadcrumb\",\"itemListElement\":[{\"@type\":\"ListItem\",\"position\":1,\"name\":\"Anasayfa\",\"item\":\"https:\/\/masfed.com.tr\/\"},{\"@type\":\"ListItem\",\"position\":2,\"name\":\"MASFED,BOD,OTONOM\u0130 OLA\u011eAN\u00dcST\u00dc TOPLANTISI &#8220;Y\u00d6NETMEL\u0130K TASLA\u011eI&#8221;\"}]},{\"@type\":\"WebSite\",\"@id\":\"https:\/\/masfed.com.tr\/#website\",\"url\":\"https:\/\/masfed.com.tr\/\",\"name\":\"Motorlu Ara\u00e7 Sat\u0131c\u0131lar\u0131 Federasyonu MASFED\",\"description\":\"\u0130K\u0130NC\u0130 EL OTOMOB\u0130L ALIM-SATIMI YAPAN \u0130K\u0130NC\u0130 EL MOTORLU ARA\u00c7 SATICI KURULU\u015eLARININ TOPLUMUMUZDA VE EKONOM\u0130K FAAL\u0130YETLER\u0130M\u0130ZDE TA\u015eIDI\u011eI \u00d6NEM\u0130N B\u0130L\u0130NC\u0130 \u0130LE MASFED OLARAK \u00dcLKEM\u0130Z, EKONOM\u0130M\u0130Z VE SEKT\u00d6R\u00dcM\u00dcZ \u0130\u00c7\u0130N GEREKL\u0130 OLAN T\u00dcM \u0130MKANLARIMIZ \u0130LE \u00c7ALI\u015eMALARIMIZI, DE\u011eERL\u0130 \u00dcYELER\u0130M\u0130Z\u0130N DE KATILIMLARI \u0130LE S\u00dcRD\u00dcRMEKTEY\u0130Z.\",\"publisher\":{\"@id\":\"https:\/\/masfed.com.tr\/#organization\"},\"potentialAction\":[{\"@type\":\"SearchAction\",\"target\":{\"@type\":\"EntryPoint\",\"urlTemplate\":\"https:\/\/masfed.com.tr\/?s={search_term_string}\"},\"query-input\":\"required name=search_term_string\"}],\"inLanguage\":\"tr\"},{\"@type\":\"Organization\",\"@id\":\"https:\/\/masfed.com.tr\/#organization\",\"name\":\"Motorlu Ara\u00e7 Sat\u0131c\u0131lar\u0131 Federasyonu MASFED\",\"url\":\"https:\/\/masfed.com.tr\/\",\"logo\":{\"@type\":\"ImageObject\",\"inLanguage\":\"tr\",\"@id\":\"https:\/\/masfed.com.tr\/#\/schema\/logo\/image\/\",\"url\":\"https:\/\/masfed.com.tr\/wp-content\/uploads\/2022\/06\/Logo-1.png\",\"contentUrl\":\"https:\/\/masfed.com.tr\/wp-content\/uploads\/2022\/06\/Logo-1.png\",\"width\":863,\"height\":253,\"caption\":\"Motorlu Ara\u00e7 Sat\u0131c\u0131lar\u0131 Federasyonu MASFED\"},\"image\":{\"@id\":\"https:\/\/masfed.com.tr\/#\/schema\/logo\/image\/\"},\"sameAs\":[\"https:\/\/www.facebook.com\/MASFED2010\/\",\"https:\/\/twitter.com\/Masfed2010\",\"https:\/\/www.instagram.com\/masfed.tr\/\",\"https:\/\/www.youtube.com\/channel\/UCOtDLDga6aa9woc5Yk8Rdig\"]}]}<\/script>\n<!-- \/ Yoast SEO plugin. -->","yoast_head_json":{"title":"MASFED,BOD,OTONOM\u0130 OLA\u011eAN\u00dcST\u00dc TOPLANTISI \"Y\u00d6NETMEL\u0130K TASLA\u011eI\" - Motorlu Ara\u00e7 Sat\u0131c\u0131lar\u0131 Federasyonu MASFED","robots":{"index":"index","follow":"follow","max-snippet":"max-snippet:-1","max-image-preview":"max-image-preview:large","max-video-preview":"max-video-preview:-1"},"canonical":"https:\/\/masfed.com.tr\/?page_id=6291","og_locale":"tr_TR","og_type":"article","og_title":"MASFED,BOD,OTONOM\u0130 OLA\u011eAN\u00dcST\u00dc TOPLANTISI \"Y\u00d6NETMEL\u0130K TASLA\u011eI\" - Motorlu Ara\u00e7 Sat\u0131c\u0131lar\u0131 Federasyonu MASFED","og_description":"MASFED,BOD,OTONOM\u0130 OLA\u011eAN\u00dcST\u00dc TOPLANTISI &#8220;Y\u00d6NETMEL\u0130K TASLA\u011eI&#8221;","og_url":"https:\/\/masfed.com.tr\/?page_id=6291","og_site_name":"Motorlu Ara\u00e7 Sat\u0131c\u0131lar\u0131 Federasyonu MASFED","article_publisher":"https:\/\/www.facebook.com\/MASFED2010\/","article_modified_time":"2022-08-15T14:08:00+00:00","og_image":[{"url":"https:\/\/masfed.com.tr\/wp-content\/uploads\/2022\/08\/MASFEDBODOTONOMI-OLAGANUSTU-TOPLANTISI-YONETMELIK-TASLAGI-400x400.jpg"}],"twitter_card":"summary_large_image","twitter_site":"@Masfed2010","schema":{"@context":"https:\/\/schema.org","@graph":[{"@type":"WebPage","@id":"https:\/\/masfed.com.tr\/?page_id=6291","url":"https:\/\/masfed.com.tr\/?page_id=6291","name":"MASFED,BOD,OTONOM\u0130 OLA\u011eAN\u00dcST\u00dc TOPLANTISI \"Y\u00d6NETMEL\u0130K TASLA\u011eI\" - Motorlu Ara\u00e7 Sat\u0131c\u0131lar\u0131 Federasyonu MASFED","isPartOf":{"@id":"https:\/\/masfed.com.tr\/#website"},"datePublished":"2022-08-15T13:28:19+00:00","dateModified":"2022-08-15T14:08:00+00:00","breadcrumb":{"@id":"https:\/\/masfed.com.tr\/?page_id=6291#breadcrumb"},"inLanguage":"tr","potentialAction":[{"@type":"ReadAction","target":["https:\/\/masfed.com.tr\/?page_id=6291"]}]},{"@type":"BreadcrumbList","@id":"https:\/\/masfed.com.tr\/?page_id=6291#breadcrumb","itemListElement":[{"@type":"ListItem","position":1,"name":"Anasayfa","item":"https:\/\/masfed.com.tr\/"},{"@type":"ListItem","position":2,"name":"MASFED,BOD,OTONOM\u0130 OLA\u011eAN\u00dcST\u00dc TOPLANTISI &#8220;Y\u00d6NETMEL\u0130K TASLA\u011eI&#8221;"}]},{"@type":"WebSite","@id":"https:\/\/masfed.com.tr\/#website","url":"https:\/\/masfed.com.tr\/","name":"Motorlu Ara\u00e7 Sat\u0131c\u0131lar\u0131 Federasyonu MASFED","description":"\u0130K\u0130NC\u0130 EL OTOMOB\u0130L ALIM-SATIMI YAPAN \u0130K\u0130NC\u0130 EL MOTORLU ARA\u00c7 SATICI KURULU\u015eLARININ TOPLUMUMUZDA VE EKONOM\u0130K FAAL\u0130YETLER\u0130M\u0130ZDE TA\u015eIDI\u011eI \u00d6NEM\u0130N B\u0130L\u0130NC\u0130 \u0130LE MASFED OLARAK \u00dcLKEM\u0130Z, EKONOM\u0130M\u0130Z VE SEKT\u00d6R\u00dcM\u00dcZ \u0130\u00c7\u0130N GEREKL\u0130 OLAN T\u00dcM \u0130MKANLARIMIZ \u0130LE \u00c7ALI\u015eMALARIMIZI, DE\u011eERL\u0130 \u00dcYELER\u0130M\u0130Z\u0130N DE KATILIMLARI \u0130LE S\u00dcRD\u00dcRMEKTEY\u0130Z.","publisher":{"@id":"https:\/\/masfed.com.tr\/#organization"},"potentialAction":[{"@type":"SearchAction","target":{"@type":"EntryPoint","urlTemplate":"https:\/\/masfed.com.tr\/?s={search_term_string}"},"query-input":"required name=search_term_string"}],"inLanguage":"tr"},{"@type":"Organization","@id":"https:\/\/masfed.com.tr\/#organization","name":"Motorlu Ara\u00e7 Sat\u0131c\u0131lar\u0131 Federasyonu MASFED","url":"https:\/\/masfed.com.tr\/","logo":{"@type":"ImageObject","inLanguage":"tr","@id":"https:\/\/masfed.com.tr\/#\/schema\/logo\/image\/","url":"https:\/\/masfed.com.tr\/wp-content\/uploads\/2022\/06\/Logo-1.png","contentUrl":"https:\/\/masfed.com.tr\/wp-content\/uploads\/2022\/06\/Logo-1.png","width":863,"height":253,"caption":"Motorlu Ara\u00e7 Sat\u0131c\u0131lar\u0131 Federasyonu MASFED"},"image":{"@id":"https:\/\/masfed.com.tr\/#\/schema\/logo\/image\/"},"sameAs":["https:\/\/www.facebook.com\/MASFED2010\/","https:\/\/twitter.com\/Masfed2010","https:\/\/www.instagram.com\/masfed.tr\/","https:\/\/www.youtube.com\/channel\/UCOtDLDga6aa9woc5Yk8Rdig"]}]}},"_links":{"self":[{"href":"https:\/\/masfed.com.tr\/index.php?rest_route=\/wp\/v2\/pages\/6291"}],"collection":[{"href":"https:\/\/masfed.com.tr\/index.php?rest_route=\/wp\/v2\/pages"}],"about":[{"href":"https:\/\/masfed.com.tr\/index.php?rest_route=\/wp\/v2\/types\/page"}],"author":[{"embeddable":true,"href":"https:\/\/masfed.com.tr\/index.php?rest_route=\/wp\/v2\/users\/1"}],"replies":[{"embeddable":true,"href":"https:\/\/masfed.com.tr\/index.php?rest_route=%2Fwp%2Fv2%2Fcomments&post=6291"}],"version-history":[{"count":0,"href":"https:\/\/masfed.com.tr\/index.php?rest_route=\/wp\/v2\/pages\/6291\/revisions"}],"wp:attachment":[{"href":"https:\/\/masfed.com.tr\/index.php?rest_route=%2Fwp%2Fv2%2Fmedia&parent=6291"}],"curies":[{"name":"wp","href":"https:\/\/api.w.org\/{rel}","templated":true}]}}